{"id":2016,"date":"2024-05-20T19:34:28","date_gmt":"2024-05-20T19:34:28","guid":{"rendered":"https:\/\/innovaryx.com\/privacy-policy-copy\/"},"modified":"2024-06-01T15:50:55","modified_gmt":"2024-06-01T15:50:55","slug":"politica-cookies","status":"publish","type":"page","link":"https:\/\/innovaryx.com\/en\/politica-cookies\/","title":{"rendered":"Cookie Policy"},"content":{"rendered":"<div data-elementor-type=\"wp-page\" data-elementor-id=\"2016\" class=\"elementor elementor-2016\">\n\t\t\t\t<div class=\"elementor-element elementor-element-33dca28e e-flex e-con-boxed e-con e-parent\" data-id=\"33dca28e\" data-element_type=\"container\" data-e-type=\"container\">\n\t\t\t\t\t<div class=\"e-con-inner\">\n\t\t\t\t<div class=\"elementor-element elementor-element-03d568a elementor-widget elementor-widget-heading\" data-id=\"03d568a\" data-element_type=\"widget\" data-e-type=\"widget\" data-widget_type=\"heading.default\">\n\t\t\t\t<div class=\"elementor-widget-container\">\n\t\t\t\t\t<h2 class=\"elementor-heading-title elementor-size-default\">COOKIE POLICY<\/h2>\t\t\t\t<\/div>\n\t\t\t\t<\/div>\n\t\t\t\t<div class=\"elementor-element elementor-element-3293167 elementor-widget elementor-widget-text-editor\" data-id=\"3293167\" data-element_type=\"widget\" data-e-type=\"widget\" data-widget_type=\"text-editor.default\">\n\t\t\t\t<div class=\"elementor-widget-container\">\n\t\t\t\t\t\t\t\t\t<p><span style=\"font-weight: 400;\">This cookie policy (\"Cookie Policy\") describes the types of cookies, pixels, local storage objects, and similar devices (collectively, \"cookies\" unless otherwise stated) that we use on the Innovaryx website and our purposes for using them.<\/span><\/p><p><span style=\"font-weight: 400;\">If you have any questions about this Cookie Policy, please contact us at <\/span><span style=\"font-weight: 400;\">management@innovaryx.com.<\/span><\/p><p><span style=\"font-weight: 400;\">For a more comprehensive description and a list of the cookies we currently use on the Innovaryx website, please review our Cookie List.<\/span><\/p><p><span style=\"font-weight: 400;\">For more information about our privacy practices, please review our privacy policy: https:\/\/www.innovaryx.com\/es\/privacy-policy<\/span><\/p>\t\t\t\t\t\t\t\t<\/div>\n\t\t\t\t<\/div>\n\t\t\t\t<div class=\"elementor-element elementor-element-5684f72 elementor-widget elementor-widget-text-editor\" data-id=\"5684f72\" data-element_type=\"widget\" data-e-type=\"widget\" data-widget_type=\"text-editor.default\">\n\t\t\t\t<div class=\"elementor-widget-container\">\n\t\t\t\t\t\t\t\t\t<h4><b>HOW TO CONTROL AND DELETE COOKIES?<\/b><\/h4><p><span style=\"font-weight: 400;\">You can control and\/or delete cookies as you wish. For more information, see <\/span><a href=\"http:\/\/www.aboutcookies.org\/\"><span style=\"font-weight: 400;\">aboutcookies.org<\/span><\/a><span style=\"font-weight: 400;\">. You can delete all cookies that are already on your computer and set most browsers to prevent them from being placed. However, if you do this, you may have to manually adjust some preferences each time you visit a site, and some services and functionalities may not work.<\/span><\/p><p><span style=\"font-weight: 400;\">These cookie settings are usually found in the \"Options\" or \"Preferences\" menu of your internet browser. The following links may be helpful in understanding this setting. Otherwise, use the \"Help\" option in your internet browser for more details.<\/span><\/p><ul><li style=\"font-weight: 400;\" aria-level=\"1\"><a href=\"https:\/\/support.microsoft.com\/en-us\/help\/17442\/windows-internet-explorer-delete-manage-cookies\"><span style=\"font-weight: 400;\">Configuraci\u00f3n de cookies en Internet Explorer<\/span><\/a><\/li><li style=\"font-weight: 400;\" aria-level=\"1\"><a href=\"https:\/\/support.mozilla.org\/en-US\/kb\/cookies-information-websites-store-on-your-computer?redirectlocale=en-US&amp;redirectslug=Cookies\"><span style=\"font-weight: 400;\">Configuraci\u00f3n de cookies en Firefox<\/span><\/a><\/li><li style=\"font-weight: 400;\" aria-level=\"1\"><a href=\"https:\/\/support.google.com\/chrome\/bin\/answer.py?hl=en&amp;answer=95647\"><span style=\"font-weight: 400;\">Configuraci\u00f3n de cookies en Chrome<\/span><\/a><\/li><li style=\"font-weight: 400;\" aria-level=\"1\"><a href=\"https:\/\/support.apple.com\/kb\/HT1677\"><span style=\"font-weight: 400;\">Configuraci\u00f3n de cookies en Safari<\/span><\/a><\/li><\/ul><p><span style=\"font-weight: 400;\">To opt out of third parties collecting data about your interaction on our website, please visit their websites for more information.<\/span><\/p>\t\t\t\t\t\t\t\t<\/div>\n\t\t\t\t<\/div>\n\t\t\t\t<div class=\"elementor-element elementor-element-7a807f4 elementor-widget elementor-widget-text-editor\" data-id=\"7a807f4\" data-element_type=\"widget\" data-e-type=\"widget\" data-widget_type=\"text-editor.default\">\n\t\t\t\t<div class=\"elementor-widget-container\">\n\t\t\t\t\t\t\t\t\t<h4><b>MORE INFORMATION ABOUT COOKIES<\/b><\/h4><p><span style=\"font-weight: 400;\">For more information about cookies, including how to see which cookies have been installed and how to manage and delete them, visit <\/span><a href=\"http:\/\/www.aboutcookies.org\/\"><span style=\"font-weight: 400;\">aboutcookies.org<\/span><\/a><span style=\"font-weight: 400;\"> or <\/span><a href=\"http:\/\/www.allaboutcookies.org\/\"><span style=\"font-weight: 400;\">allaboutcookies.org<\/span><\/a><span style=\"font-weight: 400;\">.<\/span><\/p><h4><b>WHAT COOKIES DO WE USE?<\/b><\/h4><h4>Types of cookies<\/h4><p>They are those cookies that are sent to the User's computer or device and managed exclusively by\u00a0<span class=\"blanc-space ng-binding\">Innovaryx Tecnolog\u00eda<\/span>\u00a0for the best functioning of the Website. The information collected is used to improve the quality of the Website and its Content and your experience as a User. These cookies allow us to recognize the User as a recurring visitor to the Website and adapt the content to offer content that fits their preferences.<\/p><p><span style=\"font-weight: 400;\">Innovaryx may use the following cookies:<\/span><\/p><ul><li>PHPSESSID<\/li><li>__gsas<\/li><li>intercom-device-id-r70azrgx<\/li><li>intercom-id-r70azrgx<\/li><li>intercom-session-r70azrgx<\/li><li>pvisitor<\/li><li>wordpress_logged_in_fdfc2a215a2f12dec4a440779107b1ce<\/li><li>wordpress_sec_fdfc2a215a2f12dec4a440779107b1ce<\/li><li>wordpress_test_cookie<\/li><li>wp-settings-1<\/li><li>wp-settings-time-1<\/li><\/ul><h4><b>Types of cookies<\/b><\/h4><ol><li><span style=\"font-weight: 400;\"> First-party and third-party cookies: Whether a cookie is \"first-party\" or \"third-party\" refers to the domain that places the cookie. First-party cookies are those set by the website being visited by the user at that time.<\/span><\/li><li><span style=\"font-weight: 400;\"> Third-party cookies are cookies set by a domain other than the website the user is visiting. If a user visits a website and another entity sets a cookie through that website, this would be a third-party cookie.<\/span><\/li><\/ol><h4><b>Duration of cookies<\/b><\/h4><ol><li><span style=\"font-weight: 400;\"> Session cookies: These cookies allow website operators to link a user's actions during a browser session. A browser session begins when a user opens the browser window and ends when they close the browser window. Session cookies are created temporarily. Once the browser is closed, all session cookies are deleted.<\/span><\/li><li><span style=\"font-weight: 400;\"> Persistent cookies: These cookies remain on a user's device for the specified period of time in the cookie. They are activated each time the user visits the website that created that particular cookie.<\/span><\/li><\/ol><p><span style=\"font-weight: 400;\">We only use the types of cookies described above. We do not use so-called \"specialized cookies\". Additionally, Innovaryx uses Google Analytics solely for the purpose of obtaining activity reports.<\/span><\/p>\t\t\t\t\t\t\t\t<\/div>\n\t\t\t\t<\/div>\n\t\t\t\t\t<\/div>\n\t\t\t\t<\/div>\n\t\t\t\t<\/div>","protected":false},"excerpt":{"rendered":"<p>POL\u00cdTICA DE COOKIES Esta pol\u00edtica de cookies (&#8220;Pol\u00edtica sobre Cookies&#8221;) describe los tipos de cookies, p\u00edxeles, objetos de almacenamiento local y dispositivos similares (colectivamente, &#8220;cookies&#8221; a menos que se indique lo contrario) que utilizamos en el sitio Web de Innovaryx y nuestros prop\u00f3sitos para usarlos. Si tienes preguntas sobre esta Pol\u00edtica de Cookies, comun\u00edcate con [&hellip;]<\/p>\n","protected":false},"author":1,"featured_media":0,"parent":0,"menu_order":0,"comment_status":"closed","ping_status":"closed","template":"","meta":{"footnotes":""},"class_list":["post-2016","page","type-page","status-publish","hentry"],"blocksy_meta":[],"aioseo_notices":[],"_links":{"self":[{"href":"https:\/\/innovaryx.com\/en\/wp-json\/wp\/v2\/pages\/2016","targetHints":{"allow":["GET"]}}],"collection":[{"href":"https:\/\/innovaryx.com\/en\/wp-json\/wp\/v2\/pages"}],"about":[{"href":"https:\/\/innovaryx.com\/en\/wp-json\/wp\/v2\/types\/page"}],"author":[{"embeddable":true,"href":"https:\/\/innovaryx.com\/en\/wp-json\/wp\/v2\/users\/1"}],"replies":[{"embeddable":true,"href":"https:\/\/innovaryx.com\/en\/wp-json\/wp\/v2\/comments?post=2016"}],"version-history":[{"count":19,"href":"https:\/\/innovaryx.com\/en\/wp-json\/wp\/v2\/pages\/2016\/revisions"}],"predecessor-version":[{"id":2226,"href":"https:\/\/innovaryx.com\/en\/wp-json\/wp\/v2\/pages\/2016\/revisions\/2226"}],"wp:attachment":[{"href":"https:\/\/innovaryx.com\/en\/wp-json\/wp\/v2\/media?parent=2016"}],"curies":[{"name":"wp","href":"https:\/\/api.w.org\/{rel}","templated":true}]}}