{"id":3,"date":"2024-04-29T07:34:23","date_gmt":"2024-04-29T07:34:23","guid":{"rendered":"http:\/\/innovaryx.com\/?page_id=3"},"modified":"2025-11-12T02:00:33","modified_gmt":"2025-11-12T02:00:33","slug":"privacy-policy","status":"publish","type":"page","link":"https:\/\/innovaryx.com\/en\/privacy-policy\/","title":{"rendered":"Policy of Terms and Conditions"},"content":{"rendered":"<div data-elementor-type=\"wp-page\" data-elementor-id=\"3\" class=\"elementor elementor-3\">\n\t\t\t\t<div class=\"elementor-element elementor-element-33dca28e e-flex e-con-boxed e-con e-parent\" data-id=\"33dca28e\" data-element_type=\"container\" data-e-type=\"container\">\n\t\t\t\t\t<div class=\"e-con-inner\">\n\t\t\t\t<div class=\"elementor-element elementor-element-03d568a elementor-widget elementor-widget-heading\" data-id=\"03d568a\" data-element_type=\"widget\" data-e-type=\"widget\" data-widget_type=\"heading.default\">\n\t\t\t\t<div class=\"elementor-widget-container\">\n\t\t\t\t\t<h2 class=\"elementor-heading-title elementor-size-default\">POLICY OF TERMS AND CONDITIONS\n<\/h2>\t\t\t\t<\/div>\n\t\t\t\t<\/div>\n\t\t\t\t<div class=\"elementor-element elementor-element-b011672 elementor-widget elementor-widget-text-editor\" data-id=\"b011672\" data-element_type=\"widget\" data-e-type=\"widget\" data-widget_type=\"text-editor.default\">\n\t\t\t\t<div class=\"elementor-widget-container\">\n\t\t\t\t\t\t\t\t\t<p><em><span style=\"font-weight: 400;\">Effective Date: 1 de enero de 2024.<\/span><\/em><\/p>\t\t\t\t\t\t\t\t<\/div>\n\t\t\t\t<\/div>\n\t\t\t\t<div class=\"elementor-element elementor-element-3293167 elementor-widget elementor-widget-text-editor\" data-id=\"3293167\" data-element_type=\"widget\" data-e-type=\"widget\" data-widget_type=\"text-editor.default\">\n\t\t\t\t<div class=\"elementor-widget-container\">\n\t\t\t\t\t\t\t\t\t<h4><b>Important Information:<\/b><\/h4><p><span style=\"font-weight: 400;\">This platform is owned by Innovaryx, which makes these terms and conditions available to users, describing the rules and regulations for the use of the platform. Therefore, by accepting this policy, users acknowledge that they have read and understood the contents of these terms and conditions and agree to be bound by the provisions outlined in this document. By accessing the platform, we assume that you accept these terms and conditions in full. Do not continue to use the platform if you do not accept all the terms and conditions set forth in this document.<\/span><\/p><p><span style=\"font-weight: 400;\">This terms of use policy is organized as follows:<\/span><\/p><h4><b>Terms of Use and Access to the Innovaryx Portal<\/b><\/h4><p>El portal de Innovaryx es de propiedad de Innovaryx S.A.S., en adelante Innovaryx. Su acceso y utilizaci\u00f3n, as\u00ed como la participaci\u00f3n en los foros, plataformas, contenidos o escenarios de interacci\u00f3n que ofrece, es gratuito, y presupone que usted ha comprendido y aceptado estos t\u00e9rminos y condiciones. En adelante, los usuarios del portal ser\u00e1n identificados como \u201cel usuario\u201d, quienes para poder acceder a \u00e9l, deben ser mayores de edad o estar autorizados por sus representantes legales.<\/p><p>Este portal cuenta con altos est\u00e1ndares de seguridad, usabilidad y experiencia de usuario para el cliente final. La misi\u00f3n de Innovaryx es impulsar el \u00e9xito empresarial mediante la integraci\u00f3n de tecnolog\u00edas innovadoras, mientras mantenemos un enfoque centrado en el cliente y comprometido con pr\u00e1cticas sostenibles. Nos esforzamos por proporcionar soluciones tecnol\u00f3gicas de vanguardia y asesoramiento estrat\u00e9gico que no solo optimicen la eficiencia y competitividad de nuestros clientes, sino que tambi\u00e9n fomenten el cuidado ambiental y el impacto social positivo. Buscamos ser l\u00edderes en la industria al ofrecer servicios de alta calidad, respaldados por el conocimiento de nuestros expertos y nuestra capacidad para adaptarnos a las necesidades y presupuestos de cada cliente.<\/p><p>Por medio del Portal de Innovaryx se prestan servicios y soluciones integrales que tienen como finalidad brindar al usuario todo tipo de informaci\u00f3n relacionada con los servicios y soluciones de la compa\u00f1\u00eda, que incluyen, entre otros recursos: noticias, art\u00edculos, publicaciones de inter\u00e9s, programaci\u00f3n, convocatorias, ofertas y dem\u00e1s informaci\u00f3n vinculada con las l\u00edneas de negocio de Innovaryx:<\/p><p>a) Datos y Anal\u00edtica.<br \/>b) Nube y Plataforma.<br \/>c) Inteligencia Artificial y Automatizaci\u00f3n.<br \/>d) Ciberseguridad.<br \/>e) Arquitectura de Software.<br \/>f) Desarrollo de Software a Medida.<\/p><p>Adem\u00e1s del portal principal (www.innovaryx.com), Innovaryx cuenta con diferentes subdominios, plataformas y productos digitales que forman parte de su ecosistema tecnol\u00f3gico, entre los cuales se incluyen \u2014sin limitarse a\u2014 los siguientes:<\/p><p>* Inno-Obra (obra.innovaryx.com): plataforma destinada a la gesti\u00f3n, planificaci\u00f3n y seguimiento de proyectos de obra civil y tecnol\u00f3gica.<\/p><p>* Otros subdominios, micrositios o productos complementarios que Innovaryx desarrolle o ponga a disposici\u00f3n en el futuro, los cuales estar\u00e1n igualmente sujetos a los presentes T\u00e9rminos y Condiciones.<\/p><p>El acceso y uso de cualquiera de estos subdominios o productos implica la aceptaci\u00f3n expresa de esta Pol\u00edtica de T\u00e9rminos y Condiciones, as\u00ed como de las pol\u00edticas espec\u00edficas que cada servicio o soluci\u00f3n pueda requerir.<\/p>\t\t\t\t\t\t\t\t<\/div>\n\t\t\t\t<\/div>\n\t\t\t\t<div class=\"elementor-element elementor-element-5684f72 elementor-widget elementor-widget-text-editor\" data-id=\"5684f72\" data-element_type=\"widget\" data-e-type=\"widget\" data-widget_type=\"text-editor.default\">\n\t\t\t\t<div class=\"elementor-widget-container\">\n\t\t\t\t\t\t\t\t\t<h4><b>Information about Third-Party Digital Platforms or Web Links<\/b><\/h4>\n<p><span style=\"font-weight: 400;\">Innovaryx makes no statement regarding the content of Digital Platforms or web links other than the Innovaryx Portal, i.e., strategic allies or third parties. Therefore, it is informed that when the user accesses a Digital Platform that is not from Innovaryx, the latter has no control over the content of such platform. The user accepts that Innovaryx is not responsible for any content, associated link, resource, or service related to the Digital Platform or web link of a strategic ally or third party. Likewise, the user accepts that Innovaryx will not be responsible for any loss or damage of any kind arising from the use made of the content of a strategic ally or third party. The links and access to Digital Platforms or web links of strategic allies or third parties included in the Innovaryx Portal are provided exclusively to link or integrate services and solutions that optimize and offer better amenities for the user. Innovaryx is not responsible for information found outside the Innovaryx Portal and not directly managed by its administrator. The external connections appearing on the Innovaryx Portal are intended to unify and inform the user about the existence of other functionalities and sources capable of expanding the contents offered.<\/span><\/p>\t\t\t\t\t\t\t\t<\/div>\n\t\t\t\t<\/div>\n\t\t\t\t<div class=\"elementor-element elementor-element-7a807f4 elementor-widget elementor-widget-text-editor\" data-id=\"7a807f4\" data-element_type=\"widget\" data-e-type=\"widget\" data-widget_type=\"text-editor.default\">\n\t\t\t\t<div class=\"elementor-widget-container\">\n\t\t\t\t\t\t\t\t\t<h4><b>License and Non-Licensing<\/b><\/h4>\n<p><span style=\"font-weight: 400;\">Unless otherwise indicated, Innovaryx or its licensors own the intellectual property rights of the Innovaryx Portal, and the content provided through this platform, including websites, microservices, services, solutions, existing or future applications, and elements such as our logos, APIs (Application Programming Interface), source code, databases. You may not manipulate these elements or use them without authorization. Our Digital Platforms or websites, services, and comprehensive solutions are protected by copyright and trademark. Nothing grants you the right to use the name of Innovaryx, or its trademarks, logos, corporate templates, domain names, and other distinctive features of the Innovaryx brand. All comments or suggestions you provide regarding Innovaryx are entirely voluntary, and we will have total freedom to use such comments and suggestions as we see fit and without incurring any obligation to you. The use of the Innovaryx Portal is subject to the restrictions set forth in our Terms and Conditions Policy. Prohibited actions include: a) Accessing, manipulating, or using non-public areas of the Innovaryx Portal, including Innovaryx's application architecture, data, and technology. b) Disabling, interfering with, or attempting to circumvent any of the security-related features of the Innovaryx Portal, as well as exploring, scanning, and testing the vulnerability of our information systems. c) Copying, modifying, creating a derivative work, reverse engineering, disassembling, or attempting in any other way to discover any source code or content of the Innovaryx Portal. d) Using Innovaryx's comprehensive services and solutions to send information with manipulated, misleading, or false origin identification. e) Inferring or disrupting access to the Innovaryx Portal for any user. f) Selling, renting, or sublicensing the Innovaryx Portal. h) Reproducing, duplicating, copying material, or content from the Innovaryx Portal. j) Redistributing Innovaryx's contents or its Innovaryx Portal. Innovaryx does not grant any license or authorization of any kind, regarding its intellectual property rights (copyrights and industrial property), image, and other distinctive signs, or any other property or right related to the Innovaryx Portal, services, or contents. The user has no right to resell or commercially use the Innovaryx Portal or its contents, nor any right to copy or use any service, solution, descriptions, prices, or other information hosted on the Innovaryx Portal. The use of the Innovaryx Portal does not grant any rights except as provided in our Terms and Conditions Policy or in the contracted services and solutions.<\/span><\/p>\t\t\t\t\t\t\t\t<\/div>\n\t\t\t\t<\/div>\n\t\t\t\t<div class=\"elementor-element elementor-element-53031f9 elementor-widget elementor-widget-text-editor\" data-id=\"53031f9\" data-element_type=\"widget\" data-e-type=\"widget\" data-widget_type=\"text-editor.default\">\n\t\t\t\t<div class=\"elementor-widget-container\">\n\t\t\t\t\t\t\t\t\t<h4>Intellectual Property<\/h4>\n<p><span style=\"font-weight: 400;\">Innovaryx respects the intellectual property rights of our content providers, strategic allies, and third parties, and expects our users to do the same when using our services and comprehensive solutions. We reserve the right to suspend, disable, or delete user accounts that repeatedly infringe or are repeatedly accused of infringing the copyrights, trademarks, or other intellectual property rights of others. Using our services does not grant ownership of any intellectual property rights of our services, solutions, or the content you access. Any suggestions, ideas, or feedback related to our services and solutions will always be welcome. When you submit any feedback, you grant us the right to use it without any restrictions or compensation. By accepting your feedback, Innovaryx does not waive the right to use similar or related opinions that have been previously published on the Innovryx Portal, developed by its users, strategic allies, or third parties, or obtained from other sources.<\/span><\/p>\n<h4><b>User Exclusion Right<\/b><\/h4>\n<p><span style=\"font-weight: 400;\">Innovaryx may terminate or suspend your access to the service permanently or temporarily without prior notice for any reason, even if, at our sole discretion, you violate any provision of our Terms and Conditions Policy of the Innovaryx Portal or any applicable law or regulation. Innovaryx may discontinue the use and request the cancellation of your account or any service at any time. Likewise, all judicial or administrative actions available may be exercised to demand the responsibilities of any provision of this Innovaryx Portal Terms and Conditions Policy that arise from a user's breach.<\/span><\/p>\t\t\t\t\t\t\t\t<\/div>\n\t\t\t\t<\/div>\n\t\t\t\t<div class=\"elementor-element elementor-element-b2cfc63 elementor-widget elementor-widget-text-editor\" data-id=\"b2cfc63\" data-element_type=\"widget\" data-e-type=\"widget\" data-widget_type=\"text-editor.default\">\n\t\t\t\t<div class=\"elementor-widget-container\">\n\t\t\t\t\t\t\t\t\t<h4><b>Limitation and Exoneration of Innovaryx's Liability<\/b><\/h4>\n<p><span style=\"font-weight: 400;\">Innovaryx shall not be liable for events beyond its control, nor for any damages that may arise from the use of the information provided through the service. We are not responsible for any damage, harm, or loss to the User caused by system failures not attributable to the Company, on the server, or on the Internet. Nor shall we be responsible for any virus that may infect the User's equipment as a result of access, or from any transfer of data, files, images, texts, or audio contained therein. Users may not impute any liability or demand payment for lost profits due to technical difficulties or failures in systems or the Internet. Innovaryx does not guarantee continuous or uninterrupted access and use of its site. The system may eventually be unavailable due to technical difficulties or Internet failures, or for any other reason; in such cases, we will endeavor to restore it as quickly as possible, without incurring any liability. Nor shall we be responsible for errors or omissions on our platform. Innovaryx excludes, to the extent permitted by applicable law in the Republic of Colombia, any liability for damages of any kind arising from: a) The impossibility of access to the platform or the lack of truthfulness, accuracy, or timeliness of the content, as well as the existence of defects and flaws of all kinds of the content transmitted, disseminated, stored, made available to be accessed through the platform or the services offered in a traditional or electronic manner. b) The presence of viruses or other elements in the content that may alter the computer systems, electronic documents, or user data. c) Non-compliance with laws, good faith, public order, traffic usages, and these terms and conditions as a result of the incorrect use of the platform. The User agrees to defend, indemnify, and hold harmless Innovaryx, its employees, and\/or its subsidiaries (the \"Indemnified\") against any claim, expense, liability, loss, cost, and damage, including attorney's fees, incurred by the Indemnified, such as: i) In connection with the use of the platform or any web pages with hyperlinks on the platform that are not permitted or do not conform to the purposes pursued by Innovaryx, or ii) Arising from the content provided by the User. Innovaryx does not guarantee or assume any liability for damages of any kind that may arise from: a) The operation, availability, accessibility, or continuity of linked sites; b) The maintenance of services, information, data, files, products, and any kind of material existing on linked sites; c) The provision or transmission of services, information, data, files, products, and any kind of material existing on linked sites. Likewise, any liability for damages of any kind arising from the presence of viruses or other elements in the content that may alter the computer system, electronic documents, or files of users is excluded.<\/span><\/p>\t\t\t\t\t\t\t\t<\/div>\n\t\t\t\t<\/div>\n\t\t\t\t<div class=\"elementor-element elementor-element-00d7b0f elementor-widget elementor-widget-text-editor\" data-id=\"00d7b0f\" data-element_type=\"widget\" data-e-type=\"widget\" data-widget_type=\"text-editor.default\">\n\t\t\t\t<div class=\"elementor-widget-container\">\n\t\t\t\t\t\t\t\t\t<h4><b>Applicable Law and Jurisdiction<\/b><\/h4>\n<p><span style=\"font-weight: 400;\">The policies and conditions of access and use established herein, and any conflicts that may arise regarding their interpretation, use, scope, and termination, may be resolved through a conciliation center in the first instance. If conciliation is not possible, they shall be governed by Colombian law and submitted to the Colombian Judges and Courts. The web pages, their design, and graphical presentation are protected by the provisions of Law 23 of 1982, articles 12 and 30, and Decision 351 of the Cartagena Agreement (for the Colombian case), and by the provisions of the Copyright Act of 1976 of the United States of America.<\/span><\/p>\n<h4><b>Actions in Case of Breach<\/b><\/h4>\n<p><span style=\"font-weight: 400;\">Innovaryx may take legal actions of any kind to demand liability from the user arising from the breach of these terms and conditions.<\/span><\/p>\n<h4><b>Notifications<\/b><\/h4>\n<p><span style=\"font-weight: 400;\">Communications and notifications shall be sent to the email address: management@innovaryx.com<\/span><\/p>\n<h4><b>Privacy Notice<\/b><\/h4>\n<p><span style=\"font-weight: 400;\">All data registered on the Innovaryx Portal will be processed for the purposes of data collection as provided in the Innovaryx Data Privacy Policy. In compliance with current regulations, appropriate technical measures of security and confidentiality have been adopted to prevent alteration, loss, unauthorized treatment, or access that may affect the integrity, confidentiality, and availability of personal data.<\/span><\/p>\t\t\t\t\t\t\t\t<\/div>\n\t\t\t\t<\/div>\n\t\t\t\t\t<\/div>\n\t\t\t\t<\/div>\n\t\t\t\t<\/div>","protected":false},"excerpt":{"rendered":"<p>POL\u00cdTICA DE T\u00c9RMINOS Y CONDICIONES Fecha de entrada en vigencia: 1 de enero de 2024. Informaci\u00f3n importante: Esta plataforma es propiedad de Innovaryx, la cual pone a disposici\u00f3n de los usuarios estos t\u00e9rminos y condiciones los cuales describen las reglas y regulaciones para el uso de la plataforma, en consecuencia, al dar acepto a la [&hellip;]<\/p>\n","protected":false},"author":1,"featured_media":0,"parent":0,"menu_order":0,"comment_status":"closed","ping_status":"closed","template":"","meta":{"footnotes":""},"class_list":["post-3","page","type-page","status-publish","hentry"],"blocksy_meta":[],"aioseo_notices":[],"_links":{"self":[{"href":"https:\/\/innovaryx.com\/en\/wp-json\/wp\/v2\/pages\/3","targetHints":{"allow":["GET"]}}],"collection":[{"href":"https:\/\/innovaryx.com\/en\/wp-json\/wp\/v2\/pages"}],"about":[{"href":"https:\/\/innovaryx.com\/en\/wp-json\/wp\/v2\/types\/page"}],"author":[{"embeddable":true,"href":"https:\/\/innovaryx.com\/en\/wp-json\/wp\/v2\/users\/1"}],"replies":[{"embeddable":true,"href":"https:\/\/innovaryx.com\/en\/wp-json\/wp\/v2\/comments?post=3"}],"version-history":[{"count":14,"href":"https:\/\/innovaryx.com\/en\/wp-json\/wp\/v2\/pages\/3\/revisions"}],"predecessor-version":[{"id":2671,"href":"https:\/\/innovaryx.com\/en\/wp-json\/wp\/v2\/pages\/3\/revisions\/2671"}],"wp:attachment":[{"href":"https:\/\/innovaryx.com\/en\/wp-json\/wp\/v2\/media?parent=3"}],"curies":[{"name":"wp","href":"https:\/\/api.w.org\/{rel}","templated":true}]}}