{"id":1600,"date":"2024-05-09T14:55:16","date_gmt":"2024-05-09T14:55:16","guid":{"rendered":"https:\/\/innovaryx.com\/about-us-copy\/"},"modified":"2024-07-30T00:07:30","modified_gmt":"2024-07-30T00:07:30","slug":"datos-y-analitica","status":"publish","type":"page","link":"https:\/\/innovaryx.com\/es\/datos-y-analitica\/","title":{"rendered":"Datos y Anal\u00edtica"},"content":{"rendered":"\t\t<div data-elementor-type=\"wp-page\" data-elementor-id=\"1600\" class=\"elementor elementor-1600\">\n\t\t\t\t<div class=\"elementor-element elementor-element-3833c42 e-flex e-con-boxed e-con e-parent\" data-id=\"3833c42\" data-element_type=\"container\" data-e-type=\"container\" data-settings=\"{&quot;background_background&quot;:&quot;classic&quot;}\">\n\t\t\t\t\t<div class=\"e-con-inner\">\n\t\t<div class=\"elementor-element elementor-element-fed2aad e-con-full e-flex e-con e-child\" data-id=\"fed2aad\" data-element_type=\"container\" data-e-type=\"container\">\n\t\t\t\t<div class=\"elementor-element elementor-element-88ced2b elementor-widget elementor-widget-heading\" data-id=\"88ced2b\" data-element_type=\"widget\" data-e-type=\"widget\" data-widget_type=\"heading.default\">\n\t\t\t\t<div class=\"elementor-widget-container\">\n\t\t\t\t\t<h2 class=\"elementor-heading-title elementor-size-default\">DATOS Y ANAL\u00cdTICA<\/h2>\t\t\t\t<\/div>\n\t\t\t\t<\/div>\n\t\t\t\t<div class=\"elementor-element elementor-element-896ff58 elementor-widget elementor-widget-text-editor\" data-id=\"896ff58\" data-element_type=\"widget\" data-e-type=\"widget\" data-widget_type=\"text-editor.default\">\n\t\t\t\t<div class=\"elementor-widget-container\">\n\t\t\t\t\t\t\t\t\t<p><span style=\"font-weight: 400;\">Reimaginando el futuro: Donde cada dato narra la historia del \u00e9xito<\/span><\/p>\t\t\t\t\t\t\t\t<\/div>\n\t\t\t\t<\/div>\n\t\t\t\t<\/div>\n\t\t\t\t\t<\/div>\n\t\t\t\t<\/div>\n\t\t<div class=\"elementor-element elementor-element-eb0d448 e-flex e-con-boxed e-con e-parent\" data-id=\"eb0d448\" data-element_type=\"container\" data-e-type=\"container\">\n\t\t\t\t\t<div class=\"e-con-inner\">\n\t\t\t\t<div class=\"elementor-element elementor-element-c5e2ffa elementor-widget elementor-widget-text-editor\" data-id=\"c5e2ffa\" data-element_type=\"widget\" data-e-type=\"widget\" data-widget_type=\"text-editor.default\">\n\t\t\t\t<div class=\"elementor-widget-container\">\n\t\t\t\t\t\t\t\t\t<p><span style=\"font-weight: 400;\">En la era digital actual, los datos se han convertido en el activo m\u00e1s valioso para cualquier empresa. La capacidad de recopilar, analizar y aprovechar datos de manera efectiva es fundamental para impulsar el crecimiento, la innovaci\u00f3n y la toma de decisiones estrat\u00e9gicas. <\/span><\/p><p><span style=\"font-weight: 400;\">La anal\u00edtica de datos proporciona insights profundos que permiten comprender mejor a los clientes, optimizar procesos, identificar tendencias del mercado y prever oportunidades futuras. <\/span><\/p><p><span style=\"font-weight: 400;\">En un entorno empresarial altamente competitivo, aquellos que dominan el arte de los datos y la anal\u00edtica tienen una ventaja significativa para prosperar en un mundo en constante cambio.<\/span><\/p>\t\t\t\t\t\t\t\t<\/div>\n\t\t\t\t<\/div>\n\t\t\t\t\t<\/div>\n\t\t\t\t<\/div>\n\t\t<div class=\"elementor-element elementor-element-f32d86d e-flex e-con-boxed e-con e-parent\" data-id=\"f32d86d\" data-element_type=\"container\" data-e-type=\"container\">\n\t\t\t\t\t<div class=\"e-con-inner\">\n\t\t\t\t<div class=\"elementor-element elementor-element-a3cc2d0 elementor-widget__width-initial elementor-widget elementor-widget-image\" data-id=\"a3cc2d0\" data-element_type=\"widget\" data-e-type=\"widget\" data-widget_type=\"image.default\">\n\t\t\t\t<div class=\"elementor-widget-container\">\n\t\t\t\t\t\t\t\t\t\t\t\t\t\t\t<img fetchpriority=\"high\" decoding=\"async\" width=\"800\" height=\"600\" src=\"https:\/\/innovaryx.com\/wp-content\/uploads\/2024\/05\/datos-y-analitica-800-x-600.jpg\" class=\"attachment-full size-full wp-image-1748\" alt=\"\" srcset=\"https:\/\/innovaryx.com\/wp-content\/uploads\/2024\/05\/datos-y-analitica-800-x-600.jpg 800w, https:\/\/innovaryx.com\/wp-content\/uploads\/2024\/05\/datos-y-analitica-800-x-600-300x225.jpg 300w, https:\/\/innovaryx.com\/wp-content\/uploads\/2024\/05\/datos-y-analitica-800-x-600-768x576.jpg 768w, https:\/\/innovaryx.com\/wp-content\/uploads\/2024\/05\/datos-y-analitica-800-x-600-16x12.jpg 16w\" sizes=\"(max-width: 800px) 100vw, 800px\" \/>\t\t\t\t\t\t\t\t\t\t\t\t\t\t\t<\/div>\n\t\t\t\t<\/div>\n\t\t<div class=\"elementor-element elementor-element-f190a5a e-con-full e-flex e-con e-child\" data-id=\"f190a5a\" data-element_type=\"container\" data-e-type=\"container\">\n\t\t\t\t<div class=\"elementor-element elementor-element-fea6de6 elementor-widget elementor-widget-heading\" data-id=\"fea6de6\" data-element_type=\"widget\" data-e-type=\"widget\" data-widget_type=\"heading.default\">\n\t\t\t\t<div class=\"elementor-widget-container\">\n\t\t\t\t\t<h3 class=\"elementor-heading-title elementor-size-default\">\u00bfPor qu\u00e9 Innovaryx?<\/h3>\t\t\t\t<\/div>\n\t\t\t\t<\/div>\n\t\t\t\t<div class=\"elementor-element elementor-element-11baf2e elementor-widget elementor-widget-text-editor\" data-id=\"11baf2e\" data-element_type=\"widget\" data-e-type=\"widget\" data-widget_type=\"text-editor.default\">\n\t\t\t\t<div class=\"elementor-widget-container\">\n\t\t\t\t\t\t\t\t\t<p><span style=\"font-weight: 400;\">Innovaryx se erige no solo como un proveedor de soluciones en datos, sino como tu aliado determinante en el camino hacia el dominio empresarial. Aqu\u00ed te exponemos por qu\u00e9 somos la elecci\u00f3n preferente:<\/span><\/p>\t\t\t\t\t\t\t\t<\/div>\n\t\t\t\t<\/div>\n\t\t\t\t<div class=\"elementor-element elementor-element-23a38d6 elementor-widget elementor-widget-eael-adv-accordion\" data-id=\"23a38d6\" data-element_type=\"widget\" data-e-type=\"widget\" data-widget_type=\"eael-adv-accordion.default\">\n\t\t\t\t<div class=\"elementor-widget-container\">\n\t\t\t\t\t            <div class=\"eael-adv-accordion\" id=\"eael-adv-accordion-23a38d6\" data-scroll-on-click=\"no\" data-scroll-speed=\"300\" data-accordion-id=\"23a38d6\" data-accordion-type=\"accordion\" data-toogle-speed=\"300\">\n            <div class=\"eael-accordion-list\">\n\t\t\t\t\t<div id=\"saber-especializado\" class=\"elementor-tab-title eael-accordion-header\" tabindex=\"0\" data-tab=\"1\" aria-controls=\"elementor-tab-content-3731\"><span class=\"eael-advanced-accordion-icon-closed\"><svg aria-hidden=\"true\" class=\"fa-accordion-icon e-font-icon-svg e-fas-sort-down\" viewBox=\"0 0 320 512\" xmlns=\"http:\/\/www.w3.org\/2000\/svg\"><path d=\"M41 288h238c21.4 0 32.1 25.9 17 41L177 448c-9.4 9.4-24.6 9.4-33.9 0L24 329c-15.1-15.1-4.4-41 17-41z\"><\/path><\/svg><\/span><span class=\"eael-advanced-accordion-icon-opened\"><svg aria-hidden=\"true\" class=\"fa-accordion-icon e-font-icon-svg e-fas-minus\" viewBox=\"0 0 448 512\" xmlns=\"http:\/\/www.w3.org\/2000\/svg\"><path d=\"M416 208H32c-17.67 0-32 14.33-32 32v32c0 17.67 14.33 32 32 32h384c17.67 0 32-14.33 32-32v-32c0-17.67-14.33-32-32-32z\"><\/path><\/svg><\/span><h5 class=\"eael-accordion-tab-title\">Saber Especializado<\/h5><\/div><div id=\"elementor-tab-content-3731\" class=\"eael-accordion-content clearfix\" data-tab=\"1\" aria-labelledby=\"saber-especializado\"><p>Un colectivo de maestros en el arte de la ciencia de datos, con una vasta experiencia en m\u00faltiples sectores, preparados para superar cualquier desaf\u00edo, desde la purificaci\u00f3n de datos hasta su interpretaci\u00f3n avanzada.<\/p><\/div>\n\t\t\t\t\t<\/div><div class=\"eael-accordion-list\">\n\t\t\t\t\t<div id=\"soluciones-a-la-medida\" class=\"elementor-tab-title eael-accordion-header\" tabindex=\"0\" data-tab=\"2\" aria-controls=\"elementor-tab-content-3732\"><span class=\"eael-advanced-accordion-icon-closed\"><svg aria-hidden=\"true\" class=\"fa-accordion-icon e-font-icon-svg e-fas-sort-down\" viewBox=\"0 0 320 512\" xmlns=\"http:\/\/www.w3.org\/2000\/svg\"><path d=\"M41 288h238c21.4 0 32.1 25.9 17 41L177 448c-9.4 9.4-24.6 9.4-33.9 0L24 329c-15.1-15.1-4.4-41 17-41z\"><\/path><\/svg><\/span><span class=\"eael-advanced-accordion-icon-opened\"><svg aria-hidden=\"true\" class=\"fa-accordion-icon e-font-icon-svg e-fas-minus\" viewBox=\"0 0 448 512\" xmlns=\"http:\/\/www.w3.org\/2000\/svg\"><path d=\"M416 208H32c-17.67 0-32 14.33-32 32v32c0 17.67 14.33 32 32 32h384c17.67 0 32-14.33 32-32v-32c0-17.67-14.33-32-32-32z\"><\/path><\/svg><\/span><h5 class=\"eael-accordion-tab-title\">Soluciones a la Medida<\/h5><\/div><div id=\"elementor-tab-content-3732\" class=\"eael-accordion-content clearfix\" data-tab=\"2\" aria-labelledby=\"soluciones-a-la-medida\"><p>Reconocemos la singularidad de cada visionario con quien nos asociamos. Nos dedicamos a forjar estrategias exclusivas, resonantes con tus ambiciones y retos espec\u00edficos.<\/p><\/div>\n\t\t\t\t\t<\/div><div class=\"eael-accordion-list\">\n\t\t\t\t\t<div id=\"calidad-intransigente\" class=\"elementor-tab-title eael-accordion-header\" tabindex=\"0\" data-tab=\"3\" aria-controls=\"elementor-tab-content-3733\"><span class=\"eael-advanced-accordion-icon-closed\"><svg aria-hidden=\"true\" class=\"fa-accordion-icon e-font-icon-svg e-fas-sort-down\" viewBox=\"0 0 320 512\" xmlns=\"http:\/\/www.w3.org\/2000\/svg\"><path d=\"M41 288h238c21.4 0 32.1 25.9 17 41L177 448c-9.4 9.4-24.6 9.4-33.9 0L24 329c-15.1-15.1-4.4-41 17-41z\"><\/path><\/svg><\/span><span class=\"eael-advanced-accordion-icon-opened\"><svg aria-hidden=\"true\" class=\"fa-accordion-icon e-font-icon-svg e-fas-minus\" viewBox=\"0 0 448 512\" xmlns=\"http:\/\/www.w3.org\/2000\/svg\"><path d=\"M416 208H32c-17.67 0-32 14.33-32 32v32c0 17.67 14.33 32 32 32h384c17.67 0 32-14.33 32-32v-32c0-17.67-14.33-32-32-32z\"><\/path><\/svg><\/span><h5 class=\"eael-accordion-tab-title\">Calidad Intransigente<\/h5><\/div><div id=\"elementor-tab-content-3733\" class=\"eael-accordion-content clearfix\" data-tab=\"3\" aria-labelledby=\"calidad-intransigente\">La integridad de tus datos es el pilar de nuestro compromiso. Aspiramos a entregar precisi\u00f3n, fiabilidad y relevancia insuperables, catalizando decisiones acertadas y beneficios concretos.<\/div>\n\t\t\t\t\t<\/div><div class=\"eael-accordion-list\">\n\t\t\t\t\t<div id=\"vanguardia-innovadora\" class=\"elementor-tab-title eael-accordion-header\" tabindex=\"0\" data-tab=\"4\" aria-controls=\"elementor-tab-content-3734\"><span class=\"eael-advanced-accordion-icon-closed\"><svg aria-hidden=\"true\" class=\"fa-accordion-icon e-font-icon-svg e-fas-sort-down\" viewBox=\"0 0 320 512\" xmlns=\"http:\/\/www.w3.org\/2000\/svg\"><path d=\"M41 288h238c21.4 0 32.1 25.9 17 41L177 448c-9.4 9.4-24.6 9.4-33.9 0L24 329c-15.1-15.1-4.4-41 17-41z\"><\/path><\/svg><\/span><span class=\"eael-advanced-accordion-icon-opened\"><svg aria-hidden=\"true\" class=\"fa-accordion-icon e-font-icon-svg e-fas-minus\" viewBox=\"0 0 448 512\" xmlns=\"http:\/\/www.w3.org\/2000\/svg\"><path d=\"M416 208H32c-17.67 0-32 14.33-32 32v32c0 17.67 14.33 32 32 32h384c17.67 0 32-14.33 32-32v-32c0-17.67-14.33-32-32-32z\"><\/path><\/svg><\/span><h5 class=\"eael-accordion-tab-title\">Vanguardia Innovadora<\/h5><\/div><div id=\"elementor-tab-content-3734\" class=\"eael-accordion-content clearfix\" data-tab=\"4\" aria-labelledby=\"vanguardia-innovadora\"><p>Nos posicionamos en la cresta de la ola tecnol\u00f3gica, anticip\u00e1ndonos y adapt\u00e1ndonos a las evoluciones futuras, garantizando que nuestros colaboradores siempre lideren el avance digital.<\/p><\/div>\n\t\t\t\t\t<\/div><\/div>\t\t\t\t<\/div>\n\t\t\t\t<\/div>\n\t\t\t\t<\/div>\n\t\t\t\t\t<\/div>\n\t\t\t\t<\/div>\n\t\t<div class=\"elementor-element elementor-element-e8ec11e e-flex e-con-boxed e-con e-parent\" data-id=\"e8ec11e\" data-element_type=\"container\" data-e-type=\"container\">\n\t\t\t\t\t<div class=\"e-con-inner\">\n\t\t\t\t<div class=\"elementor-element elementor-element-2ec11ec elementor-widget elementor-widget-heading\" data-id=\"2ec11ec\" data-element_type=\"widget\" data-e-type=\"widget\" data-widget_type=\"heading.default\">\n\t\t\t\t<div class=\"elementor-widget-container\">\n\t\t\t\t\t<h3 class=\"elementor-heading-title elementor-size-default\">Descripci\u00f3n del Servicio<\/h3>\t\t\t\t<\/div>\n\t\t\t\t<\/div>\n\t\t\t\t<div class=\"elementor-element elementor-element-109cae4 elementor-widget elementor-widget-text-editor\" data-id=\"109cae4\" data-element_type=\"widget\" data-e-type=\"widget\" data-widget_type=\"text-editor.default\">\n\t\t\t\t<div class=\"elementor-widget-container\">\n\t\t\t\t\t\t\t\t\t<p><span style=\"font-weight: 400;\">Innovaryx despliega un espectro integral de soluciones en datos y anal\u00edtica, concebidas para empoderarte a trav\u00e9s de la inteligencia de negocios. Un recorrido por nuestros servicios revela:<\/span><\/p>\t\t\t\t\t\t\t\t<\/div>\n\t\t\t\t<\/div>\n\t\t\t\t\t<\/div>\n\t\t\t\t<\/div>\n\t\t<div class=\"elementor-element elementor-element-8f801e3 e-flex e-con-boxed e-con e-parent\" data-id=\"8f801e3\" data-element_type=\"container\" data-e-type=\"container\">\n\t\t\t\t\t<div class=\"e-con-inner\">\n\t\t<div class=\"elementor-element elementor-element-602192a e-con-full e-flex e-con e-child\" data-id=\"602192a\" data-element_type=\"container\" data-e-type=\"container\" data-settings=\"{&quot;background_background&quot;:&quot;classic&quot;}\">\n\t\t<div class=\"elementor-element elementor-element-3e8850a e-con-full e-flex e-con e-child\" data-id=\"3e8850a\" data-element_type=\"container\" data-e-type=\"container\">\n\t\t\t\t<div class=\"elementor-element elementor-element-89b62c3 elementor-position-top elementor-widget elementor-widget-image-box\" data-id=\"89b62c3\" data-element_type=\"widget\" data-e-type=\"widget\" data-widget_type=\"image-box.default\">\n\t\t\t\t<div class=\"elementor-widget-container\">\n\t\t\t\t\t<div class=\"elementor-image-box-wrapper\"><figure class=\"elementor-image-box-img\"><img decoding=\"async\" width=\"203\" height=\"300\" src=\"https:\/\/innovaryx.com\/wp-content\/uploads\/2024\/05\/datos-icono-1-e1716159084362.png\" class=\"attachment-full size-full wp-image-1778\" alt=\"\" srcset=\"https:\/\/innovaryx.com\/wp-content\/uploads\/2024\/05\/datos-icono-1-e1716159084362.png 203w, https:\/\/innovaryx.com\/wp-content\/uploads\/2024\/05\/datos-icono-1-e1716159084362-8x12.png 8w\" sizes=\"(max-width: 203px) 100vw, 203px\" \/><\/figure><div class=\"elementor-image-box-content\"><h3 class=\"elementor-image-box-title\">Excelencia en Gesti\u00f3n y Calidad de Datos<\/h3><p class=\"elementor-image-box-description\">Desde la depuraci\u00f3n hasta la estructuraci\u00f3n y enriquecimiento, garantizamos la m\u00e1xima calidad y coherencia de tus datos, asegurando una base s\u00f3lida para la toma de decisiones.<\/p><\/div><\/div>\t\t\t\t<\/div>\n\t\t\t\t<\/div>\n\t\t\t\t<\/div>\n\t\t\t\t<\/div>\n\t\t<div class=\"elementor-element elementor-element-a3a9ba5 e-con-full e-flex e-con e-child\" data-id=\"a3a9ba5\" data-element_type=\"container\" data-e-type=\"container\" data-settings=\"{&quot;background_background&quot;:&quot;classic&quot;}\">\n\t\t<div class=\"elementor-element elementor-element-3dc79fc e-con-full e-flex e-con e-child\" data-id=\"3dc79fc\" data-element_type=\"container\" data-e-type=\"container\">\n\t\t\t\t<div class=\"elementor-element elementor-element-182099f elementor-position-top elementor-widget elementor-widget-image-box\" data-id=\"182099f\" data-element_type=\"widget\" data-e-type=\"widget\" data-widget_type=\"image-box.default\">\n\t\t\t\t<div class=\"elementor-widget-container\">\n\t\t\t\t\t<div class=\"elementor-image-box-wrapper\"><figure class=\"elementor-image-box-img\"><img decoding=\"async\" width=\"225\" height=\"295\" src=\"https:\/\/innovaryx.com\/wp-content\/uploads\/2024\/05\/datos-icono-2-e1716159096142.png\" class=\"attachment-full size-full wp-image-1773\" alt=\"\" srcset=\"https:\/\/innovaryx.com\/wp-content\/uploads\/2024\/05\/datos-icono-2-e1716159096142.png 225w, https:\/\/innovaryx.com\/wp-content\/uploads\/2024\/05\/datos-icono-2-e1716159096142-9x12.png 9w\" sizes=\"(max-width: 225px) 100vw, 225px\" \/><\/figure><div class=\"elementor-image-box-content\"><h3 class=\"elementor-image-box-title\">Claridad Visual en Datos <br \/><\/h3><p class=\"elementor-image-box-description\">Convertimos complejidades num\u00e9ricas en visualizaciones intuitivas y personalizadas, facilitando la interpretaci\u00f3n y comunicaci\u00f3n efectiva de la informaci\u00f3n.\n<\/p><\/div><\/div>\t\t\t\t<\/div>\n\t\t\t\t<\/div>\n\t\t\t\t<\/div>\n\t\t\t\t<\/div>\n\t\t<div class=\"elementor-element elementor-element-8550a3e e-con-full e-flex e-con e-child\" data-id=\"8550a3e\" data-element_type=\"container\" data-e-type=\"container\" data-settings=\"{&quot;background_background&quot;:&quot;classic&quot;}\">\n\t\t<div class=\"elementor-element elementor-element-43c1ea4 e-con-full e-flex e-con e-child\" data-id=\"43c1ea4\" data-element_type=\"container\" data-e-type=\"container\">\n\t\t\t\t<div class=\"elementor-element elementor-element-d9a05d8 elementor-position-top elementor-widget elementor-widget-image-box\" data-id=\"d9a05d8\" data-element_type=\"widget\" data-e-type=\"widget\" data-widget_type=\"image-box.default\">\n\t\t\t\t<div class=\"elementor-widget-container\">\n\t\t\t\t\t<div class=\"elementor-image-box-wrapper\"><figure class=\"elementor-image-box-img\"><img loading=\"lazy\" decoding=\"async\" width=\"345\" height=\"347\" src=\"https:\/\/innovaryx.com\/wp-content\/uploads\/2024\/05\/datos-icono-3.png\" class=\"attachment-full size-full wp-image-1787\" alt=\"\" srcset=\"https:\/\/innovaryx.com\/wp-content\/uploads\/2024\/05\/datos-icono-3.png 345w, https:\/\/innovaryx.com\/wp-content\/uploads\/2024\/05\/datos-icono-3-150x150.png 150w, https:\/\/innovaryx.com\/wp-content\/uploads\/2024\/05\/datos-icono-3-298x300.png 298w, https:\/\/innovaryx.com\/wp-content\/uploads\/2024\/05\/datos-icono-3-12x12.png 12w\" sizes=\"(max-width: 345px) 100vw, 345px\" \/><\/figure><div class=\"elementor-image-box-content\"><h3 class=\"elementor-image-box-title\">Big Data y An\u00e1lisis Avanzado<\/h3><p class=\"elementor-image-box-description\">Nuestro dominio en grandes vol\u00famenes de datos y en el desciframiento de patrones ocultos, revela oportunidades hacia innovaciones disruptivas y estrategias vanguardistas.<\/p><\/div><\/div>\t\t\t\t<\/div>\n\t\t\t\t<\/div>\n\t\t\t\t<\/div>\n\t\t\t\t<\/div>\n\t\t\t\t\t<\/div>\n\t\t\t\t<\/div>\n\t\t<div class=\"elementor-element elementor-element-f180e81 e-flex e-con-boxed e-con e-parent\" data-id=\"f180e81\" data-element_type=\"container\" data-e-type=\"container\" data-settings=\"{&quot;background_background&quot;:&quot;classic&quot;}\">\n\t\t\t\t\t<div class=\"e-con-inner\">\n\t\t\t\t<div class=\"elementor-element elementor-element-f22dd0c elementor-widget elementor-widget-text-editor\" data-id=\"f22dd0c\" data-element_type=\"widget\" data-e-type=\"widget\" data-widget_type=\"text-editor.default\">\n\t\t\t\t<div class=\"elementor-widget-container\">\n\t\t\t\t\t\t\t\t\t<p><span style=\"font-weight: 400;\">En Innovaryx, te invitamos a descubrir el poder de los datos transformados en decisiones audaces, delineando juntos el mapa hacia tu triunfo empresarial.<\/span><\/p>\t\t\t\t\t\t\t\t<\/div>\n\t\t\t\t<\/div>\n\t\t\t\t\t<\/div>\n\t\t\t\t<\/div>\n\t\t<div class=\"elementor-element elementor-element-42c07fc e-flex e-con-boxed e-con e-parent\" data-id=\"42c07fc\" data-element_type=\"container\" data-e-type=\"container\">\n\t\t\t\t\t<div class=\"e-con-inner\">\n\t\t\t\t<div class=\"elementor-element elementor-element-ff4909f elementor-widget elementor-widget-html\" data-id=\"ff4909f\" data-element_type=\"widget\" data-e-type=\"widget\" data-widget_type=\"html.default\">\n\t\t\t\t<div class=\"elementor-widget-container\">\n\t\t\t\t\t<script> \r\njQuery(document).ready(function($) { \r\nvar delay = 100; setTimeout(function() { \r\n$('.elementor-tab-title').removeClass('elementor-active');\r\n $('.elementor-tab-content').css('display', 'none'); }, delay); \r\n}); \r\n<\/script>\t\t\t\t<\/div>\n\t\t\t\t<\/div>\n\t\t\t\t\t<\/div>\n\t\t\t\t<\/div>\n\t\t\t\t<\/div>\n\t\t","protected":false},"excerpt":{"rendered":"<p>DATOS Y ANAL\u00cdTICA Reimaginando el futuro: Donde cada dato narra la historia del \u00e9xito En la era digital actual, los datos se han convertido en el activo m\u00e1s valioso para cualquier empresa. La capacidad de recopilar, analizar y aprovechar datos de manera efectiva es fundamental para impulsar el crecimiento, la innovaci\u00f3n y la toma de [&hellip;]<\/p>\n","protected":false},"author":1,"featured_media":0,"parent":0,"menu_order":0,"comment_status":"closed","ping_status":"closed","template":"","meta":{"footnotes":""},"class_list":["post-1600","page","type-page","status-publish","hentry"],"blocksy_meta":{"styles_descriptor":{"styles":{"desktop":"","tablet":"","mobile":""},"google_fonts":[],"version":6}},"aioseo_notices":[],"_links":{"self":[{"href":"https:\/\/innovaryx.com\/es\/wp-json\/wp\/v2\/pages\/1600","targetHints":{"allow":["GET"]}}],"collection":[{"href":"https:\/\/innovaryx.com\/es\/wp-json\/wp\/v2\/pages"}],"about":[{"href":"https:\/\/innovaryx.com\/es\/wp-json\/wp\/v2\/types\/page"}],"author":[{"embeddable":true,"href":"https:\/\/innovaryx.com\/es\/wp-json\/wp\/v2\/users\/1"}],"replies":[{"embeddable":true,"href":"https:\/\/innovaryx.com\/es\/wp-json\/wp\/v2\/comments?post=1600"}],"version-history":[{"count":179,"href":"https:\/\/innovaryx.com\/es\/wp-json\/wp\/v2\/pages\/1600\/revisions"}],"predecessor-version":[{"id":2501,"href":"https:\/\/innovaryx.com\/es\/wp-json\/wp\/v2\/pages\/1600\/revisions\/2501"}],"wp:attachment":[{"href":"https:\/\/innovaryx.com\/es\/wp-json\/wp\/v2\/media?parent=1600"}],"curies":[{"name":"wp","href":"https:\/\/api.w.org\/{rel}","templated":true}]}}