{"id":1825,"date":"2024-05-20T03:22:47","date_gmt":"2024-05-20T03:22:47","guid":{"rendered":"https:\/\/innovaryx.com\/datos-y-analitica-copy-copy\/"},"modified":"2024-07-30T01:26:07","modified_gmt":"2024-07-30T01:26:07","slug":"ai-automatizacion","status":"publish","type":"page","link":"https:\/\/innovaryx.com\/es\/ai-automatizacion\/","title":{"rendered":"Inteligencia Artificial y Automatizaci\u00f3n"},"content":{"rendered":"\t\t<div data-elementor-type=\"wp-page\" data-elementor-id=\"1825\" class=\"elementor elementor-1825\">\n\t\t\t\t<div class=\"elementor-element elementor-element-3833c42 e-flex e-con-boxed e-con e-parent\" data-id=\"3833c42\" data-element_type=\"container\" data-e-type=\"container\" data-settings=\"{&quot;background_background&quot;:&quot;classic&quot;}\">\n\t\t\t\t\t<div class=\"e-con-inner\">\n\t\t<div class=\"elementor-element elementor-element-fed2aad e-con-full e-flex e-con e-child\" data-id=\"fed2aad\" data-element_type=\"container\" data-e-type=\"container\">\n\t\t\t\t<div class=\"elementor-element elementor-element-88ced2b elementor-widget elementor-widget-heading\" data-id=\"88ced2b\" data-element_type=\"widget\" data-e-type=\"widget\" data-widget_type=\"heading.default\">\n\t\t\t\t<div class=\"elementor-widget-container\">\n\t\t\t\t\t<h2 class=\"elementor-heading-title elementor-size-default\">INTELIGENCIA ARTIFICIAL <br \/>\nY AUTOMATIZACI\u00d3N<\/h2>\t\t\t\t<\/div>\n\t\t\t\t<\/div>\n\t\t\t\t<div class=\"elementor-element elementor-element-896ff58 elementor-widget elementor-widget-text-editor\" data-id=\"896ff58\" data-element_type=\"widget\" data-e-type=\"widget\" data-widget_type=\"text-editor.default\">\n\t\t\t\t<div class=\"elementor-widget-container\">\n\t\t\t\t\t\t\t\t\t<p><span style=\"font-weight: 400;\">Avanza hacia la eficiencia total con inteligencia artificial y automatizaci\u00f3n: Desatando el poder de la tecnolog\u00eda para optimizar cada aspecto de tu empresa.<\/span><\/p>\t\t\t\t\t\t\t\t<\/div>\n\t\t\t\t<\/div>\n\t\t\t\t<\/div>\n\t\t\t\t\t<\/div>\n\t\t\t\t<\/div>\n\t\t<div class=\"elementor-element elementor-element-eb0d448 e-flex e-con-boxed e-con e-parent\" data-id=\"eb0d448\" data-element_type=\"container\" data-e-type=\"container\">\n\t\t\t\t\t<div class=\"e-con-inner\">\n\t\t\t\t<div class=\"elementor-element elementor-element-c5e2ffa elementor-widget elementor-widget-text-editor\" data-id=\"c5e2ffa\" data-element_type=\"widget\" data-e-type=\"widget\" data-widget_type=\"text-editor.default\">\n\t\t\t\t<div class=\"elementor-widget-container\">\n\t\t\t\t\t\t\t\t\t<p><span style=\"font-weight: 400;\">En la era digital actual, la inteligencia artificial y la automatizaci\u00f3n est\u00e1n revolucionando la forma en que las empresas operan y compiten. <\/span><\/p><p><span style=\"font-weight: 400;\">Estas tecnolog\u00edas ofrecen la capacidad de analizar grandes cantidades de datos, identificar patrones y tendencias, y automatizar procesos empresariales complejos. <\/span><\/p><p><span style=\"font-weight: 400;\">Desde la mejora de la eficiencia operativa hasta la personalizaci\u00f3n de la experiencia del cliente, la inteligencia artificial y la automatizaci\u00f3n ofrecen oportunidades sin precedentes para impulsar la innovaci\u00f3n, mejorar la toma de decisiones y obtener una ventaja competitiva en el mercado.<\/span><\/p>\t\t\t\t\t\t\t\t<\/div>\n\t\t\t\t<\/div>\n\t\t\t\t\t<\/div>\n\t\t\t\t<\/div>\n\t\t<div class=\"elementor-element elementor-element-f32d86d e-flex e-con-boxed e-con e-parent\" data-id=\"f32d86d\" data-element_type=\"container\" data-e-type=\"container\">\n\t\t\t\t\t<div class=\"e-con-inner\">\n\t\t\t\t<div class=\"elementor-element elementor-element-a3cc2d0 elementor-widget__width-initial elementor-widget elementor-widget-image\" data-id=\"a3cc2d0\" data-element_type=\"widget\" data-e-type=\"widget\" data-widget_type=\"image.default\">\n\t\t\t\t<div class=\"elementor-widget-container\">\n\t\t\t\t\t\t\t\t\t\t\t\t\t\t\t<img fetchpriority=\"high\" decoding=\"async\" width=\"800\" height=\"600\" src=\"https:\/\/innovaryx.com\/wp-content\/uploads\/2024\/05\/inteligencia-artificial.jpg\" class=\"attachment-full size-full wp-image-1831\" alt=\"\" srcset=\"https:\/\/innovaryx.com\/wp-content\/uploads\/2024\/05\/inteligencia-artificial.jpg 800w, https:\/\/innovaryx.com\/wp-content\/uploads\/2024\/05\/inteligencia-artificial-300x225.jpg 300w, https:\/\/innovaryx.com\/wp-content\/uploads\/2024\/05\/inteligencia-artificial-768x576.jpg 768w, https:\/\/innovaryx.com\/wp-content\/uploads\/2024\/05\/inteligencia-artificial-16x12.jpg 16w\" sizes=\"(max-width: 800px) 100vw, 800px\" \/>\t\t\t\t\t\t\t\t\t\t\t\t\t\t\t<\/div>\n\t\t\t\t<\/div>\n\t\t<div class=\"elementor-element elementor-element-f190a5a e-con-full e-flex e-con e-child\" data-id=\"f190a5a\" data-element_type=\"container\" data-e-type=\"container\">\n\t\t\t\t<div class=\"elementor-element elementor-element-fea6de6 elementor-widget elementor-widget-heading\" data-id=\"fea6de6\" data-element_type=\"widget\" data-e-type=\"widget\" data-widget_type=\"heading.default\">\n\t\t\t\t<div class=\"elementor-widget-container\">\n\t\t\t\t\t<h3 class=\"elementor-heading-title elementor-size-default\">\u00bfPor qu\u00e9 Innovaryx?<\/h3>\t\t\t\t<\/div>\n\t\t\t\t<\/div>\n\t\t\t\t<div class=\"elementor-element elementor-element-11baf2e elementor-widget elementor-widget-text-editor\" data-id=\"11baf2e\" data-element_type=\"widget\" data-e-type=\"widget\" data-widget_type=\"text-editor.default\">\n\t\t\t\t<div class=\"elementor-widget-container\">\n\t\t\t\t\t\t\t\t\t<p><span style=\"font-weight: 400;\">Innovaryx se destaca como l\u00edder en inteligencia artificial y automatizaci\u00f3n por las siguientes razones:<\/span><\/p>\t\t\t\t\t\t\t\t<\/div>\n\t\t\t\t<\/div>\n\t\t\t\t<div class=\"elementor-element elementor-element-c47be4c elementor-widget elementor-widget-eael-adv-accordion\" data-id=\"c47be4c\" data-element_type=\"widget\" data-e-type=\"widget\" data-widget_type=\"eael-adv-accordion.default\">\n\t\t\t\t<div class=\"elementor-widget-container\">\n\t\t\t\t\t            <div class=\"eael-adv-accordion\" id=\"eael-adv-accordion-c47be4c\" data-scroll-on-click=\"no\" data-scroll-speed=\"300\" data-accordion-id=\"c47be4c\" data-accordion-type=\"accordion\" data-toogle-speed=\"300\">\n            <div class=\"eael-accordion-list\">\n\t\t\t\t\t<div id=\"experiencia-en-la-vanguardia-tecnolgica\" class=\"elementor-tab-title eael-accordion-header\" tabindex=\"0\" data-tab=\"1\" aria-controls=\"elementor-tab-content-2061\"><span class=\"eael-advanced-accordion-icon-closed\"><svg aria-hidden=\"true\" class=\"fa-accordion-icon e-font-icon-svg e-fas-sort-down\" viewBox=\"0 0 320 512\" xmlns=\"http:\/\/www.w3.org\/2000\/svg\"><path d=\"M41 288h238c21.4 0 32.1 25.9 17 41L177 448c-9.4 9.4-24.6 9.4-33.9 0L24 329c-15.1-15.1-4.4-41 17-41z\"><\/path><\/svg><\/span><span class=\"eael-advanced-accordion-icon-opened\"><svg aria-hidden=\"true\" class=\"fa-accordion-icon e-font-icon-svg e-fas-minus\" viewBox=\"0 0 448 512\" xmlns=\"http:\/\/www.w3.org\/2000\/svg\"><path d=\"M416 208H32c-17.67 0-32 14.33-32 32v32c0 17.67 14.33 32 32 32h384c17.67 0 32-14.33 32-32v-32c0-17.67-14.33-32-32-32z\"><\/path><\/svg><\/span><h5 class=\"eael-accordion-tab-title\">Experiencia en la vanguardia tecnol\u00f3gica<\/h5><\/div><div id=\"elementor-tab-content-2061\" class=\"eael-accordion-content clearfix\" data-tab=\"1\" aria-labelledby=\"experiencia-en-la-vanguardia-tecnolgica\">Contamos con un equipo de expertos en inteligencia artificial y machine learning que est\u00e1n a la vanguardia de las \u00faltimas tendencias y tecnolog\u00edas en el campo. Desde la creaci\u00f3n de modelos de machine learning hasta el desarrollo de soluciones avanzadas de automatizaci\u00f3n, tenemos el conocimiento y la experiencia necesarios para llevar tus operaciones al siguiente nivel.<\/div>\n\t\t\t\t\t<\/div><div class=\"eael-accordion-list\">\n\t\t\t\t\t<div id=\"enfoque-centrado-en-el-cliente\" class=\"elementor-tab-title eael-accordion-header\" tabindex=\"0\" data-tab=\"2\" aria-controls=\"elementor-tab-content-2062\"><span class=\"eael-advanced-accordion-icon-closed\"><svg aria-hidden=\"true\" class=\"fa-accordion-icon e-font-icon-svg e-fas-sort-down\" viewBox=\"0 0 320 512\" xmlns=\"http:\/\/www.w3.org\/2000\/svg\"><path d=\"M41 288h238c21.4 0 32.1 25.9 17 41L177 448c-9.4 9.4-24.6 9.4-33.9 0L24 329c-15.1-15.1-4.4-41 17-41z\"><\/path><\/svg><\/span><span class=\"eael-advanced-accordion-icon-opened\"><svg aria-hidden=\"true\" class=\"fa-accordion-icon e-font-icon-svg e-fas-minus\" viewBox=\"0 0 448 512\" xmlns=\"http:\/\/www.w3.org\/2000\/svg\"><path d=\"M416 208H32c-17.67 0-32 14.33-32 32v32c0 17.67 14.33 32 32 32h384c17.67 0 32-14.33 32-32v-32c0-17.67-14.33-32-32-32z\"><\/path><\/svg><\/span><h5 class=\"eael-accordion-tab-title\">Enfoque centrado en el cliente<\/h5><\/div><div id=\"elementor-tab-content-2062\" class=\"eael-accordion-content clearfix\" data-tab=\"2\" aria-labelledby=\"enfoque-centrado-en-el-cliente\"><p><span style=\"font-weight: 400\">Nos comprometemos a entender tus necesidades comerciales espec\u00edficas y proporcionar soluciones personalizadas que se adapten a tus objetivos y desaf\u00edos \u00fanicos. Trabajamos en estrecha colaboraci\u00f3n contigo para garantizar que nuestras soluciones de inteligencia artificial y automatizaci\u00f3n generen el m\u00e1ximo valor para tu empresa.<\/span><\/p><\/div>\n\t\t\t\t\t<\/div><div class=\"eael-accordion-list\">\n\t\t\t\t\t<div id=\"capacitacin-y-desarrollo\" class=\"elementor-tab-title eael-accordion-header\" tabindex=\"0\" data-tab=\"3\" aria-controls=\"elementor-tab-content-2063\"><span class=\"eael-advanced-accordion-icon-closed\"><svg aria-hidden=\"true\" class=\"fa-accordion-icon e-font-icon-svg e-fas-sort-down\" viewBox=\"0 0 320 512\" xmlns=\"http:\/\/www.w3.org\/2000\/svg\"><path d=\"M41 288h238c21.4 0 32.1 25.9 17 41L177 448c-9.4 9.4-24.6 9.4-33.9 0L24 329c-15.1-15.1-4.4-41 17-41z\"><\/path><\/svg><\/span><span class=\"eael-advanced-accordion-icon-opened\"><svg aria-hidden=\"true\" class=\"fa-accordion-icon e-font-icon-svg e-fas-minus\" viewBox=\"0 0 448 512\" xmlns=\"http:\/\/www.w3.org\/2000\/svg\"><path d=\"M416 208H32c-17.67 0-32 14.33-32 32v32c0 17.67 14.33 32 32 32h384c17.67 0 32-14.33 32-32v-32c0-17.67-14.33-32-32-32z\"><\/path><\/svg><\/span><h5 class=\"eael-accordion-tab-title\">Capacitaci\u00f3n y desarrollo<\/h5><\/div><div id=\"elementor-tab-content-2063\" class=\"eael-accordion-content clearfix\" data-tab=\"3\" aria-labelledby=\"capacitacin-y-desarrollo\"><p><span style=\"font-weight: 400\">No solo proporcionamos soluciones tecnol\u00f3gicas, sino que tambi\u00e9n capacitamos a tu equipo interno en el desarrollo y uso efectivo de soluciones basadas en inteligencia artificial. Ofrecemos programas de formaci\u00f3n adaptados a tus necesidades espec\u00edficas para garantizar que tu equipo est\u00e9 preparado para aprovechar al m\u00e1ximo estas tecnolog\u00edas innovadoras.<\/span><\/p><\/div>\n\t\t\t\t\t<\/div><div class=\"eael-accordion-list\">\n\t\t\t\t\t<div id=\"compromiso-con-la-innovacin\" class=\"elementor-tab-title eael-accordion-header\" tabindex=\"0\" data-tab=\"4\" aria-controls=\"elementor-tab-content-2064\"><span class=\"eael-advanced-accordion-icon-closed\"><svg aria-hidden=\"true\" class=\"fa-accordion-icon e-font-icon-svg e-fas-sort-down\" viewBox=\"0 0 320 512\" xmlns=\"http:\/\/www.w3.org\/2000\/svg\"><path d=\"M41 288h238c21.4 0 32.1 25.9 17 41L177 448c-9.4 9.4-24.6 9.4-33.9 0L24 329c-15.1-15.1-4.4-41 17-41z\"><\/path><\/svg><\/span><span class=\"eael-advanced-accordion-icon-opened\"><svg aria-hidden=\"true\" class=\"fa-accordion-icon e-font-icon-svg e-fas-minus\" viewBox=\"0 0 448 512\" xmlns=\"http:\/\/www.w3.org\/2000\/svg\"><path d=\"M416 208H32c-17.67 0-32 14.33-32 32v32c0 17.67 14.33 32 32 32h384c17.67 0 32-14.33 32-32v-32c0-17.67-14.33-32-32-32z\"><\/path><\/svg><\/span><h5 class=\"eael-accordion-tab-title\">Compromiso con la innovaci\u00f3n<\/h5><\/div><div id=\"elementor-tab-content-2064\" class=\"eael-accordion-content clearfix\" data-tab=\"4\" aria-labelledby=\"compromiso-con-la-innovacin\">En Innovaryx, estamos comprometidos con la innovaci\u00f3n continua. Nos mantenemos a la vanguardia de las \u00faltimas investigaciones y avances en inteligencia artificial y automatizaci\u00f3n para garantizar que nuestras soluciones sean siempre de vanguardia y brinden el m\u00e1ximo valor a nuestros clientes.<\/div>\n\t\t\t\t\t<\/div><\/div>\t\t\t\t<\/div>\n\t\t\t\t<\/div>\n\t\t\t\t<\/div>\n\t\t\t\t\t<\/div>\n\t\t\t\t<\/div>\n\t\t<div class=\"elementor-element elementor-element-e8ec11e e-flex e-con-boxed e-con e-parent\" data-id=\"e8ec11e\" data-element_type=\"container\" data-e-type=\"container\">\n\t\t\t\t\t<div class=\"e-con-inner\">\n\t\t\t\t<div class=\"elementor-element elementor-element-2ec11ec elementor-widget elementor-widget-heading\" data-id=\"2ec11ec\" data-element_type=\"widget\" data-e-type=\"widget\" data-widget_type=\"heading.default\">\n\t\t\t\t<div class=\"elementor-widget-container\">\n\t\t\t\t\t<h3 class=\"elementor-heading-title elementor-size-default\">Descripci\u00f3n del Servicio<\/h3>\t\t\t\t<\/div>\n\t\t\t\t<\/div>\n\t\t\t\t<div class=\"elementor-element elementor-element-109cae4 elementor-widget elementor-widget-text-editor\" data-id=\"109cae4\" data-element_type=\"widget\" data-e-type=\"widget\" data-widget_type=\"text-editor.default\">\n\t\t\t\t<div class=\"elementor-widget-container\">\n\t\t\t\t\t\t\t\t\t<p><span style=\"font-weight: 400;\">En Innovaryx, ofrecemos una amplia gama de servicios de inteligencia artificial y automatizaci\u00f3n dise\u00f1ados para impulsar la innovaci\u00f3n y el crecimiento en tu empresa:<\/span><\/p>\t\t\t\t\t\t\t\t<\/div>\n\t\t\t\t<\/div>\n\t\t\t\t\t<\/div>\n\t\t\t\t<\/div>\n\t\t<div class=\"elementor-element elementor-element-8f801e3 e-flex e-con-boxed e-con e-parent\" data-id=\"8f801e3\" data-element_type=\"container\" data-e-type=\"container\">\n\t\t\t\t\t<div class=\"e-con-inner\">\n\t\t<div class=\"elementor-element elementor-element-602192a e-con-full e-flex e-con e-child\" data-id=\"602192a\" data-element_type=\"container\" data-e-type=\"container\" data-settings=\"{&quot;background_background&quot;:&quot;classic&quot;}\">\n\t\t<div class=\"elementor-element elementor-element-3e8850a e-con-full e-flex e-con e-child\" data-id=\"3e8850a\" data-element_type=\"container\" data-e-type=\"container\">\n\t\t\t\t<div class=\"elementor-element elementor-element-89b62c3 elementor-position-top elementor-widget elementor-widget-image-box\" data-id=\"89b62c3\" data-element_type=\"widget\" data-e-type=\"widget\" data-widget_type=\"image-box.default\">\n\t\t\t\t<div class=\"elementor-widget-container\">\n\t\t\t\t\t<div class=\"elementor-image-box-wrapper\"><figure class=\"elementor-image-box-img\"><img decoding=\"async\" width=\"200\" height=\"200\" src=\"https:\/\/innovaryx.com\/wp-content\/uploads\/2024\/05\/ai-iconos-1.png\" class=\"attachment-full size-full wp-image-1880\" alt=\"\" srcset=\"https:\/\/innovaryx.com\/wp-content\/uploads\/2024\/05\/ai-iconos-1.png 200w, https:\/\/innovaryx.com\/wp-content\/uploads\/2024\/05\/ai-iconos-1-150x150.png 150w, https:\/\/innovaryx.com\/wp-content\/uploads\/2024\/05\/ai-iconos-1-12x12.png 12w\" sizes=\"(max-width: 200px) 100vw, 200px\" \/><\/figure><div class=\"elementor-image-box-content\"><h3 class=\"elementor-image-box-title\">Creaci\u00f3n de Modelos de Machine Learning<\/h3><p class=\"elementor-image-box-description\">Creamos y entrenamos modelos de Machine learning personalizados para abordar problemas espec\u00edficos de negocio. Desde la predicci\u00f3n de demanda hasta la detecci\u00f3n de fraudes, nuestros modelos te ayudan a aprovechar al m\u00e1ximo tus datos y obtener informaci\u00f3n valiosa para la toma de decisiones.<\/p><\/div><\/div>\t\t\t\t<\/div>\n\t\t\t\t<\/div>\n\t\t\t\t<\/div>\n\t\t\t\t<\/div>\n\t\t<div class=\"elementor-element elementor-element-a3a9ba5 e-con-full e-flex e-con e-child\" data-id=\"a3a9ba5\" data-element_type=\"container\" data-e-type=\"container\" data-settings=\"{&quot;background_background&quot;:&quot;classic&quot;}\">\n\t\t<div class=\"elementor-element elementor-element-3dc79fc e-con-full e-flex e-con e-child\" data-id=\"3dc79fc\" data-element_type=\"container\" data-e-type=\"container\">\n\t\t\t\t<div class=\"elementor-element elementor-element-182099f elementor-position-top elementor-widget elementor-widget-image-box\" data-id=\"182099f\" data-element_type=\"widget\" data-e-type=\"widget\" data-widget_type=\"image-box.default\">\n\t\t\t\t<div class=\"elementor-widget-container\">\n\t\t\t\t\t<div class=\"elementor-image-box-wrapper\"><figure class=\"elementor-image-box-img\"><img decoding=\"async\" src=\"https:\/\/innovaryx.com\/wp-content\/uploads\/2024\/05\/ai-iconos-2.png\" title=\"ai iconos 2\" alt=\"ai iconos 2\" loading=\"lazy\" \/><\/figure><div class=\"elementor-image-box-content\"><h3 class=\"elementor-image-box-title\">An\u00e1lisis Predictivo<\/h3><p class=\"elementor-image-box-description\">Desarrollamos modelos predictivos para anticipar tendencias futuras y facilitar la toma de decisiones informadas. Ya sea pronosticando ventas futuras o identificando riesgos potenciales, nuestros modelos te ayudan a estar un paso adelante en un mundo en constante cambio.<\/p><\/div><\/div>\t\t\t\t<\/div>\n\t\t\t\t<\/div>\n\t\t\t\t<\/div>\n\t\t\t\t<\/div>\n\t\t<div class=\"elementor-element elementor-element-8550a3e e-con-full e-flex e-con e-child\" data-id=\"8550a3e\" data-element_type=\"container\" data-e-type=\"container\" data-settings=\"{&quot;background_background&quot;:&quot;classic&quot;}\">\n\t\t<div class=\"elementor-element elementor-element-43c1ea4 e-con-full e-flex e-con e-child\" data-id=\"43c1ea4\" data-element_type=\"container\" data-e-type=\"container\">\n\t\t\t\t<div class=\"elementor-element elementor-element-d9a05d8 elementor-position-top elementor-widget elementor-widget-image-box\" data-id=\"d9a05d8\" data-element_type=\"widget\" data-e-type=\"widget\" data-widget_type=\"image-box.default\">\n\t\t\t\t<div class=\"elementor-widget-container\">\n\t\t\t\t\t<div class=\"elementor-image-box-wrapper\"><figure class=\"elementor-image-box-img\"><img decoding=\"async\" src=\"https:\/\/innovaryx.com\/wp-content\/uploads\/2024\/05\/ai-iconos-3.png\" title=\"ai iconos 3\" alt=\"ai iconos 3\" loading=\"lazy\" \/><\/figure><div class=\"elementor-image-box-content\"><h3 class=\"elementor-image-box-title\">Modernizaci\u00f3n con IA<\/h3><p class=\"elementor-image-box-description\">Transforma y potencia tu empresa mediante soluciones avanzadas en inteligencia artificial, modernizando procesos, optimizando el rendimiento y fomentando la innovaci\u00f3n.<\/p><\/div><\/div>\t\t\t\t<\/div>\n\t\t\t\t<\/div>\n\t\t\t\t<\/div>\n\t\t\t\t<\/div>\n\t\t\t\t\t<\/div>\n\t\t\t\t<\/div>\n\t\t<div class=\"elementor-element elementor-element-f180e81 e-flex e-con-boxed e-con e-parent\" data-id=\"f180e81\" data-element_type=\"container\" data-e-type=\"container\" data-settings=\"{&quot;background_background&quot;:&quot;classic&quot;}\">\n\t\t\t\t\t<div class=\"e-con-inner\">\n\t\t\t\t<div class=\"elementor-element elementor-element-f22dd0c elementor-widget elementor-widget-text-editor\" data-id=\"f22dd0c\" data-element_type=\"widget\" data-e-type=\"widget\" data-widget_type=\"text-editor.default\">\n\t\t\t\t<div class=\"elementor-widget-container\">\n\t\t\t\t\t\t\t\t\t<p><span style=\"font-weight: 400;\">En Innovaryx, te abrimos las puertas hacia un futuro impulsado por la inteligencia artificial y la automatizaci\u00f3n, para llevar tu empresa al siguiente nivel, colaborando en la creaci\u00f3n de soluciones innovadoras que impulsen tu \u00e9xito empresarial.<\/span><\/p>\t\t\t\t\t\t\t\t<\/div>\n\t\t\t\t<\/div>\n\t\t\t\t\t<\/div>\n\t\t\t\t<\/div>\n\t\t\t\t<\/div>\n\t\t","protected":false},"excerpt":{"rendered":"<p>INTELIGENCIA ARTIFICIAL Y AUTOMATIZACI\u00d3N Avanza hacia la eficiencia total con inteligencia artificial y automatizaci\u00f3n: Desatando el poder de la tecnolog\u00eda para optimizar cada aspecto de tu empresa. En la era digital actual, la inteligencia artificial y la automatizaci\u00f3n est\u00e1n revolucionando la forma en que las empresas operan y compiten. Estas tecnolog\u00edas ofrecen la capacidad de [&hellip;]<\/p>\n","protected":false},"author":1,"featured_media":0,"parent":0,"menu_order":0,"comment_status":"closed","ping_status":"closed","template":"","meta":{"footnotes":""},"class_list":["post-1825","page","type-page","status-publish","hentry"],"blocksy_meta":{"styles_descriptor":{"styles":{"desktop":"","tablet":"","mobile":""},"google_fonts":[],"version":6}},"aioseo_notices":[],"_links":{"self":[{"href":"https:\/\/innovaryx.com\/es\/wp-json\/wp\/v2\/pages\/1825","targetHints":{"allow":["GET"]}}],"collection":[{"href":"https:\/\/innovaryx.com\/es\/wp-json\/wp\/v2\/pages"}],"about":[{"href":"https:\/\/innovaryx.com\/es\/wp-json\/wp\/v2\/types\/page"}],"author":[{"embeddable":true,"href":"https:\/\/innovaryx.com\/es\/wp-json\/wp\/v2\/users\/1"}],"replies":[{"embeddable":true,"href":"https:\/\/innovaryx.com\/es\/wp-json\/wp\/v2\/comments?post=1825"}],"version-history":[{"count":82,"href":"https:\/\/innovaryx.com\/es\/wp-json\/wp\/v2\/pages\/1825\/revisions"}],"predecessor-version":[{"id":2657,"href":"https:\/\/innovaryx.com\/es\/wp-json\/wp\/v2\/pages\/1825\/revisions\/2657"}],"wp:attachment":[{"href":"https:\/\/innovaryx.com\/es\/wp-json\/wp\/v2\/media?parent=1825"}],"curies":[{"name":"wp","href":"https:\/\/api.w.org\/{rel}","templated":true}]}}