{"id":1910,"date":"2024-05-20T13:19:41","date_gmt":"2024-05-20T13:19:41","guid":{"rendered":"https:\/\/innovaryx.com\/ciberseguridad-copy\/"},"modified":"2024-07-27T01:14:27","modified_gmt":"2024-07-27T01:14:27","slug":"arquitectura-software","status":"publish","type":"page","link":"https:\/\/innovaryx.com\/es\/arquitectura-software\/","title":{"rendered":"Arquitectura de Software"},"content":{"rendered":"\t\t<div data-elementor-type=\"wp-page\" data-elementor-id=\"1910\" class=\"elementor elementor-1910\">\n\t\t\t\t<div class=\"elementor-element elementor-element-3833c42 e-flex e-con-boxed e-con e-parent\" data-id=\"3833c42\" data-element_type=\"container\" data-e-type=\"container\" data-settings=\"{&quot;background_background&quot;:&quot;classic&quot;}\">\n\t\t\t\t\t<div class=\"e-con-inner\">\n\t\t<div class=\"elementor-element elementor-element-fed2aad e-con-full e-flex e-con e-child\" data-id=\"fed2aad\" data-element_type=\"container\" data-e-type=\"container\">\n\t\t\t\t<div class=\"elementor-element elementor-element-88ced2b elementor-widget elementor-widget-heading\" data-id=\"88ced2b\" data-element_type=\"widget\" data-e-type=\"widget\" data-widget_type=\"heading.default\">\n\t\t\t\t<div class=\"elementor-widget-container\">\n\t\t\t\t\t<h2 class=\"elementor-heading-title elementor-size-default\">ARQUITECTURA DE SOFTWARE<\/h2>\t\t\t\t<\/div>\n\t\t\t\t<\/div>\n\t\t\t\t<div class=\"elementor-element elementor-element-896ff58 elementor-widget elementor-widget-text-editor\" data-id=\"896ff58\" data-element_type=\"widget\" data-e-type=\"widget\" data-widget_type=\"text-editor.default\">\n\t\t\t\t<div class=\"elementor-widget-container\">\n\t\t\t\t\t\t\t\t\t<p><span style=\"font-weight: 400;\">Modela el ADN tecnol\u00f3gico de tu empresa: Donde cada componente de la arquitectura de software contribuye a la evoluci\u00f3n empresarial<\/span><\/p>\t\t\t\t\t\t\t\t<\/div>\n\t\t\t\t<\/div>\n\t\t\t\t<\/div>\n\t\t\t\t\t<\/div>\n\t\t\t\t<\/div>\n\t\t<div class=\"elementor-element elementor-element-eb0d448 e-flex e-con-boxed e-con e-parent\" data-id=\"eb0d448\" data-element_type=\"container\" data-e-type=\"container\">\n\t\t\t\t\t<div class=\"e-con-inner\">\n\t\t\t\t<div class=\"elementor-element elementor-element-c5e2ffa elementor-widget elementor-widget-text-editor\" data-id=\"c5e2ffa\" data-element_type=\"widget\" data-e-type=\"widget\" data-widget_type=\"text-editor.default\">\n\t\t\t\t<div class=\"elementor-widget-container\">\n\t\t\t\t\t\t\t\t\t<p><span style=\"font-weight: 400;\">En el panorama digital actual, la arquitectura de software es fundamental para el \u00e9xito a largo plazo de cualquier empresa. <\/span><\/p><p><span style=\"font-weight: 400;\">Proporciona la estructura y el marco necesarios para desarrollar sistemas robustos, escalables y flexibles que puedan adaptarse a las demandas cambiantes del mercado y las necesidades comerciales. <\/span><\/p><p><span style=\"font-weight: 400;\">Una arquitectura bien dise\u00f1ada no solo garantiza la eficiencia y la confiabilidad de los sistemas, sino que tambi\u00e9n facilita la innovaci\u00f3n continua y la r\u00e1pida entrega de soluciones tecnol\u00f3gicas.<\/span><\/p>\t\t\t\t\t\t\t\t<\/div>\n\t\t\t\t<\/div>\n\t\t\t\t\t<\/div>\n\t\t\t\t<\/div>\n\t\t<div class=\"elementor-element elementor-element-f32d86d e-flex e-con-boxed e-con e-parent\" data-id=\"f32d86d\" data-element_type=\"container\" data-e-type=\"container\">\n\t\t\t\t\t<div class=\"e-con-inner\">\n\t\t\t\t<div class=\"elementor-element elementor-element-a3cc2d0 elementor-widget__width-initial elementor-widget elementor-widget-image\" data-id=\"a3cc2d0\" data-element_type=\"widget\" data-e-type=\"widget\" data-widget_type=\"image.default\">\n\t\t\t\t<div class=\"elementor-widget-container\">\n\t\t\t\t\t\t\t\t\t\t\t\t\t\t\t<img fetchpriority=\"high\" decoding=\"async\" width=\"800\" height=\"600\" src=\"https:\/\/innovaryx.com\/wp-content\/uploads\/2024\/05\/arquitectura.jpg\" class=\"attachment-full size-full wp-image-1913\" alt=\"\" srcset=\"https:\/\/innovaryx.com\/wp-content\/uploads\/2024\/05\/arquitectura.jpg 800w, https:\/\/innovaryx.com\/wp-content\/uploads\/2024\/05\/arquitectura-300x225.jpg 300w, https:\/\/innovaryx.com\/wp-content\/uploads\/2024\/05\/arquitectura-768x576.jpg 768w, https:\/\/innovaryx.com\/wp-content\/uploads\/2024\/05\/arquitectura-16x12.jpg 16w\" sizes=\"(max-width: 800px) 100vw, 800px\" \/>\t\t\t\t\t\t\t\t\t\t\t\t\t\t\t<\/div>\n\t\t\t\t<\/div>\n\t\t<div class=\"elementor-element elementor-element-f190a5a e-con-full e-flex e-con e-child\" data-id=\"f190a5a\" data-element_type=\"container\" data-e-type=\"container\">\n\t\t\t\t<div class=\"elementor-element elementor-element-fea6de6 elementor-widget elementor-widget-heading\" data-id=\"fea6de6\" data-element_type=\"widget\" data-e-type=\"widget\" data-widget_type=\"heading.default\">\n\t\t\t\t<div class=\"elementor-widget-container\">\n\t\t\t\t\t<h3 class=\"elementor-heading-title elementor-size-default\">\u00bfPor qu\u00e9 Innovaryx?<\/h3>\t\t\t\t<\/div>\n\t\t\t\t<\/div>\n\t\t\t\t<div class=\"elementor-element elementor-element-11baf2e elementor-widget elementor-widget-text-editor\" data-id=\"11baf2e\" data-element_type=\"widget\" data-e-type=\"widget\" data-widget_type=\"text-editor.default\">\n\t\t\t\t<div class=\"elementor-widget-container\">\n\t\t\t\t\t\t\t\t\t<p><span style=\"font-weight: 400;\">Innovaryx se destaca como un socio confiable en arquitectura de software por las siguientes razones:<\/span><\/p>\t\t\t\t\t\t\t\t<\/div>\n\t\t\t\t<\/div>\n\t\t\t\t<div class=\"elementor-element elementor-element-d3fd5b2 elementor-widget elementor-widget-eael-adv-accordion\" data-id=\"d3fd5b2\" data-element_type=\"widget\" data-e-type=\"widget\" data-widget_type=\"eael-adv-accordion.default\">\n\t\t\t\t<div class=\"elementor-widget-container\">\n\t\t\t\t\t            <div class=\"eael-adv-accordion\" id=\"eael-adv-accordion-d3fd5b2\" data-scroll-on-click=\"no\" data-scroll-speed=\"300\" data-accordion-id=\"d3fd5b2\" data-accordion-type=\"accordion\" data-toogle-speed=\"300\">\n            <div class=\"eael-accordion-list\">\n\t\t\t\t\t<div id=\"experiencia-tcnica\" class=\"elementor-tab-title eael-accordion-header\" tabindex=\"0\" data-tab=\"1\" aria-controls=\"elementor-tab-content-2221\"><span class=\"eael-advanced-accordion-icon-closed\"><svg aria-hidden=\"true\" class=\"fa-accordion-icon e-font-icon-svg e-fas-sort-down\" viewBox=\"0 0 320 512\" xmlns=\"http:\/\/www.w3.org\/2000\/svg\"><path d=\"M41 288h238c21.4 0 32.1 25.9 17 41L177 448c-9.4 9.4-24.6 9.4-33.9 0L24 329c-15.1-15.1-4.4-41 17-41z\"><\/path><\/svg><\/span><span class=\"eael-advanced-accordion-icon-opened\"><svg aria-hidden=\"true\" class=\"fa-accordion-icon e-font-icon-svg e-fas-minus\" viewBox=\"0 0 448 512\" xmlns=\"http:\/\/www.w3.org\/2000\/svg\"><path d=\"M416 208H32c-17.67 0-32 14.33-32 32v32c0 17.67 14.33 32 32 32h384c17.67 0 32-14.33 32-32v-32c0-17.67-14.33-32-32-32z\"><\/path><\/svg><\/span><h5 class=\"eael-accordion-tab-title\">Experiencia t\u00e9cnica<\/h5><\/div><div id=\"elementor-tab-content-2221\" class=\"eael-accordion-content clearfix\" data-tab=\"1\" aria-labelledby=\"experiencia-tcnica\">Contamos con un equipo de arquitectos de software altamente capacitados y experimentados que tienen un profundo conocimiento en el dise\u00f1o y desarrollo de arquitecturas robustas y escalables. Desde aplicaciones empresariales hasta sistemas distribuidos, tenemos la experiencia necesaria para abordar los desaf\u00edos m\u00e1s complejos y ayudarte a construir una base s\u00f3lida para tu negocio digital.<\/div>\n\t\t\t\t\t<\/div><div class=\"eael-accordion-list\">\n\t\t\t\t\t<div id=\"enfoque-colaborativo\" class=\"elementor-tab-title eael-accordion-header\" tabindex=\"0\" data-tab=\"2\" aria-controls=\"elementor-tab-content-2222\"><span class=\"eael-advanced-accordion-icon-closed\"><svg aria-hidden=\"true\" class=\"fa-accordion-icon e-font-icon-svg e-fas-sort-down\" viewBox=\"0 0 320 512\" xmlns=\"http:\/\/www.w3.org\/2000\/svg\"><path d=\"M41 288h238c21.4 0 32.1 25.9 17 41L177 448c-9.4 9.4-24.6 9.4-33.9 0L24 329c-15.1-15.1-4.4-41 17-41z\"><\/path><\/svg><\/span><span class=\"eael-advanced-accordion-icon-opened\"><svg aria-hidden=\"true\" class=\"fa-accordion-icon e-font-icon-svg e-fas-minus\" viewBox=\"0 0 448 512\" xmlns=\"http:\/\/www.w3.org\/2000\/svg\"><path d=\"M416 208H32c-17.67 0-32 14.33-32 32v32c0 17.67 14.33 32 32 32h384c17.67 0 32-14.33 32-32v-32c0-17.67-14.33-32-32-32z\"><\/path><\/svg><\/span><h5 class=\"eael-accordion-tab-title\">Enfoque colaborativo<\/h5><\/div><div id=\"elementor-tab-content-2222\" class=\"eael-accordion-content clearfix\" data-tab=\"2\" aria-labelledby=\"enfoque-colaborativo\">Nos involucramos activamente con tu equipo de desarrollo y l\u00edderes t\u00e9cnicos para comprender tus necesidades y objetivos comerciales espec\u00edficos. Trabajamos en estrecha colaboraci\u00f3n contigo para dise\u00f1ar soluciones personalizadas que se alineen perfectamente con tu visi\u00f3n y estrategia empresarial.<\/div>\n\t\t\t\t\t<\/div><div class=\"eael-accordion-list\">\n\t\t\t\t\t<div id=\"apoyo-continuo\" class=\"elementor-tab-title eael-accordion-header\" tabindex=\"0\" data-tab=\"3\" aria-controls=\"elementor-tab-content-2223\"><span class=\"eael-advanced-accordion-icon-closed\"><svg aria-hidden=\"true\" class=\"fa-accordion-icon e-font-icon-svg e-fas-sort-down\" viewBox=\"0 0 320 512\" xmlns=\"http:\/\/www.w3.org\/2000\/svg\"><path d=\"M41 288h238c21.4 0 32.1 25.9 17 41L177 448c-9.4 9.4-24.6 9.4-33.9 0L24 329c-15.1-15.1-4.4-41 17-41z\"><\/path><\/svg><\/span><span class=\"eael-advanced-accordion-icon-opened\"><svg aria-hidden=\"true\" class=\"fa-accordion-icon e-font-icon-svg e-fas-minus\" viewBox=\"0 0 448 512\" xmlns=\"http:\/\/www.w3.org\/2000\/svg\"><path d=\"M416 208H32c-17.67 0-32 14.33-32 32v32c0 17.67 14.33 32 32 32h384c17.67 0 32-14.33 32-32v-32c0-17.67-14.33-32-32-32z\"><\/path><\/svg><\/span><h5 class=\"eael-accordion-tab-title\">Apoyo continuo<\/h5><\/div><div id=\"elementor-tab-content-2223\" class=\"eael-accordion-content clearfix\" data-tab=\"3\" aria-labelledby=\"apoyo-continuo\">M\u00e1s que simplemente proporcionar servicios de consultor\u00eda, estamos comprometidos a brindar un apoyo continuo a lo largo del ciclo de vida del proyecto. Desde la planificaci\u00f3n inicial hasta la implementaci\u00f3n y m\u00e1s all\u00e1, estamos aqu\u00ed para ayudarte en cada paso del camino y garantizar el \u00e9xito de tu proyecto de software.<\/div>\n\t\t\t\t\t<\/div><\/div>\t\t\t\t<\/div>\n\t\t\t\t<\/div>\n\t\t\t\t<\/div>\n\t\t\t\t\t<\/div>\n\t\t\t\t<\/div>\n\t\t<div class=\"elementor-element elementor-element-e8ec11e e-flex e-con-boxed e-con e-parent\" data-id=\"e8ec11e\" data-element_type=\"container\" data-e-type=\"container\">\n\t\t\t\t\t<div class=\"e-con-inner\">\n\t\t\t\t<div class=\"elementor-element elementor-element-2ec11ec elementor-widget elementor-widget-heading\" data-id=\"2ec11ec\" data-element_type=\"widget\" data-e-type=\"widget\" data-widget_type=\"heading.default\">\n\t\t\t\t<div class=\"elementor-widget-container\">\n\t\t\t\t\t<h3 class=\"elementor-heading-title elementor-size-default\">Descripci\u00f3n del Servicio<\/h3>\t\t\t\t<\/div>\n\t\t\t\t<\/div>\n\t\t\t\t<div class=\"elementor-element elementor-element-109cae4 elementor-widget elementor-widget-text-editor\" data-id=\"109cae4\" data-element_type=\"widget\" data-e-type=\"widget\" data-widget_type=\"text-editor.default\">\n\t\t\t\t<div class=\"elementor-widget-container\">\n\t\t\t\t\t\t\t\t\t<p><span style=\"font-weight: 400;\">En Innovaryx, ofrecemos una amplia gama de servicios en arquitectura de software dise\u00f1ados para ayudarte a construir soluciones tecnol\u00f3gicas s\u00f3lidas y escalables:<\/span><\/p>\t\t\t\t\t\t\t\t<\/div>\n\t\t\t\t<\/div>\n\t\t\t\t\t<\/div>\n\t\t\t\t<\/div>\n\t\t<div class=\"elementor-element elementor-element-8f801e3 e-flex e-con-boxed e-con e-parent\" data-id=\"8f801e3\" data-element_type=\"container\" data-e-type=\"container\">\n\t\t\t\t\t<div class=\"e-con-inner\">\n\t\t<div class=\"elementor-element elementor-element-602192a e-con-full e-flex e-con e-child\" data-id=\"602192a\" data-element_type=\"container\" data-e-type=\"container\" data-settings=\"{&quot;background_background&quot;:&quot;classic&quot;}\">\n\t\t<div class=\"elementor-element elementor-element-3e8850a e-con-full e-flex e-con e-child\" data-id=\"3e8850a\" data-element_type=\"container\" data-e-type=\"container\">\n\t\t\t\t<div class=\"elementor-element elementor-element-89b62c3 elementor-position-top elementor-widget elementor-widget-image-box\" data-id=\"89b62c3\" data-element_type=\"widget\" data-e-type=\"widget\" data-widget_type=\"image-box.default\">\n\t\t\t\t<div class=\"elementor-widget-container\">\n\t\t\t\t\t<div class=\"elementor-image-box-wrapper\"><figure class=\"elementor-image-box-img\"><img decoding=\"async\" width=\"200\" height=\"200\" src=\"https:\/\/innovaryx.com\/wp-content\/uploads\/2024\/05\/arquitectura-icon-2.png\" class=\"attachment-full size-full wp-image-1918\" alt=\"\" srcset=\"https:\/\/innovaryx.com\/wp-content\/uploads\/2024\/05\/arquitectura-icon-2.png 200w, https:\/\/innovaryx.com\/wp-content\/uploads\/2024\/05\/arquitectura-icon-2-150x150.png 150w, https:\/\/innovaryx.com\/wp-content\/uploads\/2024\/05\/arquitectura-icon-2-12x12.png 12w\" sizes=\"(max-width: 200px) 100vw, 200px\" \/><\/figure><div class=\"elementor-image-box-content\"><h3 class=\"elementor-image-box-title\">Dise\u00f1o y planificaci\u00f3n de arquitecturas robustas<\/h3><p class=\"elementor-image-box-description\">Dise\u00f1amos arquitecturas de software innovadoras y escalables que satisfacen tus necesidades actuales y futuras. Evaluamos y mejoramos arquitecturas existentes, identificando \u00e1reas de optimizaci\u00f3n y proporcionando recomendaciones para escalar, mejorar rendimiento y resolver problemas de mantenimiento, garantizando eficiencia y sostenibilidad a largo plazo.<\/p><\/div><\/div>\t\t\t\t<\/div>\n\t\t\t\t<\/div>\n\t\t\t\t<\/div>\n\t\t\t\t<\/div>\n\t\t<div class=\"elementor-element elementor-element-a3a9ba5 e-con-full e-flex e-con e-child\" data-id=\"a3a9ba5\" data-element_type=\"container\" data-e-type=\"container\" data-settings=\"{&quot;background_background&quot;:&quot;classic&quot;}\">\n\t\t<div class=\"elementor-element elementor-element-3dc79fc e-con-full e-flex e-con e-child\" data-id=\"3dc79fc\" data-element_type=\"container\" data-e-type=\"container\">\n\t\t\t\t<div class=\"elementor-element elementor-element-182099f elementor-position-top elementor-widget elementor-widget-image-box\" data-id=\"182099f\" data-element_type=\"widget\" data-e-type=\"widget\" data-widget_type=\"image-box.default\">\n\t\t\t\t<div class=\"elementor-widget-container\">\n\t\t\t\t\t<div class=\"elementor-image-box-wrapper\"><figure class=\"elementor-image-box-img\"><img decoding=\"async\" width=\"200\" height=\"200\" src=\"https:\/\/innovaryx.com\/wp-content\/uploads\/2024\/05\/arquitectura-icon-1.png\" class=\"attachment-full size-full wp-image-1917\" alt=\"\" srcset=\"https:\/\/innovaryx.com\/wp-content\/uploads\/2024\/05\/arquitectura-icon-1.png 200w, https:\/\/innovaryx.com\/wp-content\/uploads\/2024\/05\/arquitectura-icon-1-150x150.png 150w, https:\/\/innovaryx.com\/wp-content\/uploads\/2024\/05\/arquitectura-icon-1-12x12.png 12w\" sizes=\"(max-width: 200px) 100vw, 200px\" \/><\/figure><div class=\"elementor-image-box-content\"><h3 class=\"elementor-image-box-title\">Estrategia de migraci\u00f3n y modernizaci\u00f3n tecnol\u00f3gica<\/h3><p class=\"elementor-image-box-description\">Apoyamos la migraci\u00f3n de sistemas antiguos a nuevas tecnolog\u00edas y la modernizaci\u00f3n de soluciones existentes. Evaluamos, planificamos y ejecutamos la migraci\u00f3n de datos y aplicaciones, y modernizamos arquitecturas. Adem\u00e1s, dise\u00f1amos e implementamos pipelines CI\/CD automatizados para una integraci\u00f3n y entrega continua eficiente.<\/p><\/div><\/div>\t\t\t\t<\/div>\n\t\t\t\t<\/div>\n\t\t\t\t<\/div>\n\t\t\t\t<\/div>\n\t\t<div class=\"elementor-element elementor-element-8550a3e e-con-full e-flex e-con e-child\" data-id=\"8550a3e\" data-element_type=\"container\" data-e-type=\"container\" data-settings=\"{&quot;background_background&quot;:&quot;classic&quot;}\">\n\t\t<div class=\"elementor-element elementor-element-43c1ea4 e-con-full e-flex e-con e-child\" data-id=\"43c1ea4\" data-element_type=\"container\" data-e-type=\"container\">\n\t\t\t\t<div class=\"elementor-element elementor-element-d9a05d8 elementor-position-top elementor-widget elementor-widget-image-box\" data-id=\"d9a05d8\" data-element_type=\"widget\" data-e-type=\"widget\" data-widget_type=\"image-box.default\">\n\t\t\t\t<div class=\"elementor-widget-container\">\n\t\t\t\t\t<div class=\"elementor-image-box-wrapper\"><figure class=\"elementor-image-box-img\"><img loading=\"lazy\" decoding=\"async\" width=\"200\" height=\"200\" src=\"https:\/\/innovaryx.com\/wp-content\/uploads\/2024\/05\/arquitectura-icon-3.png\" class=\"attachment-full size-full wp-image-1919\" alt=\"\" srcset=\"https:\/\/innovaryx.com\/wp-content\/uploads\/2024\/05\/arquitectura-icon-3.png 200w, https:\/\/innovaryx.com\/wp-content\/uploads\/2024\/05\/arquitectura-icon-3-150x150.png 150w, https:\/\/innovaryx.com\/wp-content\/uploads\/2024\/05\/arquitectura-icon-3-12x12.png 12w\" sizes=\"(max-width: 200px) 100vw, 200px\" \/><\/figure><div class=\"elementor-image-box-content\"><h3 class=\"elementor-image-box-title\">Apoyo al equipo de desarrollo y l\u00edderes t\u00e9cnicos<\/h3><p class=\"elementor-image-box-description\"> Brindamos apoyo t\u00e9cnico y orientaci\u00f3n a tu equipo de desarrollo y l\u00edderes t\u00e9cnicos en momentos espec\u00edficos del proyecto. Ya sea para resolver problemas t\u00e9cnicos complejos, tomar decisiones arquitect\u00f3nicas importantes o brindar capacitaci\u00f3n y mentor\u00eda, estamos aqu\u00ed para ayudarte a alcanzar tus objetivos de desarrollo de software.\n\n<\/p><\/div><\/div>\t\t\t\t<\/div>\n\t\t\t\t<\/div>\n\t\t\t\t<\/div>\n\t\t\t\t<\/div>\n\t\t\t\t\t<\/div>\n\t\t\t\t<\/div>\n\t\t<div class=\"elementor-element elementor-element-f180e81 e-flex e-con-boxed e-con e-parent\" data-id=\"f180e81\" data-element_type=\"container\" data-e-type=\"container\" data-settings=\"{&quot;background_background&quot;:&quot;classic&quot;}\">\n\t\t\t\t\t<div class=\"e-con-inner\">\n\t\t\t\t<div class=\"elementor-element elementor-element-f22dd0c elementor-widget elementor-widget-text-editor\" data-id=\"f22dd0c\" data-element_type=\"widget\" data-e-type=\"widget\" data-widget_type=\"text-editor.default\">\n\t\t\t\t<div class=\"elementor-widget-container\">\n\t\t\t\t\t\t\t\t\t<p><span style=\"font-weight: 400;\">En Innovaryx, creamos arquitecturas de software s\u00f3lidas y flexibles, adaptadas a las necesidades \u00fanicas de tu empresa, para potenciar tu \u00e9xito en el panorama digital.<\/span><\/p>\t\t\t\t\t\t\t\t<\/div>\n\t\t\t\t<\/div>\n\t\t\t\t<div class=\"elementor-element elementor-element-64f65d0 elementor-widget elementor-widget-html\" data-id=\"64f65d0\" data-element_type=\"widget\" data-e-type=\"widget\" data-widget_type=\"html.default\">\n\t\t\t\t<div class=\"elementor-widget-container\">\n\t\t\t\t\t<script> \r\njQuery(document).ready(function($) { \r\nvar delay = 100; setTimeout(function() { \r\n$('.elementor-tab-title').removeClass('elementor-active');\r\n $('.elementor-tab-content').css('display', 'none'); }, delay); \r\n}); \r\n<\/script>\t\t\t\t<\/div>\n\t\t\t\t<\/div>\n\t\t\t\t\t<\/div>\n\t\t\t\t<\/div>\n\t\t\t\t<\/div>\n\t\t","protected":false},"excerpt":{"rendered":"<p>ARQUITECTURA DE SOFTWARE Modela el ADN tecnol\u00f3gico de tu empresa: Donde cada componente de la arquitectura de software contribuye a la evoluci\u00f3n empresarial En el panorama digital actual, la arquitectura de software es fundamental para el \u00e9xito a largo plazo de cualquier empresa. Proporciona la estructura y el marco necesarios para desarrollar sistemas robustos, escalables [&hellip;]<\/p>\n","protected":false},"author":1,"featured_media":0,"parent":0,"menu_order":0,"comment_status":"closed","ping_status":"closed","template":"","meta":{"footnotes":""},"class_list":["post-1910","page","type-page","status-publish","hentry"],"blocksy_meta":{"styles_descriptor":{"styles":{"desktop":"","tablet":"","mobile":""},"google_fonts":[],"version":6}},"aioseo_notices":[],"_links":{"self":[{"href":"https:\/\/innovaryx.com\/es\/wp-json\/wp\/v2\/pages\/1910","targetHints":{"allow":["GET"]}}],"collection":[{"href":"https:\/\/innovaryx.com\/es\/wp-json\/wp\/v2\/pages"}],"about":[{"href":"https:\/\/innovaryx.com\/es\/wp-json\/wp\/v2\/types\/page"}],"author":[{"embeddable":true,"href":"https:\/\/innovaryx.com\/es\/wp-json\/wp\/v2\/users\/1"}],"replies":[{"embeddable":true,"href":"https:\/\/innovaryx.com\/es\/wp-json\/wp\/v2\/comments?post=1910"}],"version-history":[{"count":37,"href":"https:\/\/innovaryx.com\/es\/wp-json\/wp\/v2\/pages\/1910\/revisions"}],"predecessor-version":[{"id":2495,"href":"https:\/\/innovaryx.com\/es\/wp-json\/wp\/v2\/pages\/1910\/revisions\/2495"}],"wp:attachment":[{"href":"https:\/\/innovaryx.com\/es\/wp-json\/wp\/v2\/media?parent=1910"}],"curies":[{"name":"wp","href":"https:\/\/api.w.org\/{rel}","templated":true}]}}