{"id":1936,"date":"2024-05-20T14:20:14","date_gmt":"2024-05-20T14:20:14","guid":{"rendered":"https:\/\/innovaryx.com\/ciberseguridad-copy\/"},"modified":"2026-01-06T23:37:36","modified_gmt":"2026-01-06T23:37:36","slug":"nosotros","status":"publish","type":"page","link":"https:\/\/innovaryx.com\/es\/nosotros\/","title":{"rendered":"Acerca de Nosotros"},"content":{"rendered":"\t\t<div data-elementor-type=\"wp-page\" data-elementor-id=\"1936\" class=\"elementor elementor-1936\">\n\t\t\t\t<div class=\"elementor-element elementor-element-3833c42 e-flex e-con-boxed e-con e-parent\" data-id=\"3833c42\" data-element_type=\"container\" data-e-type=\"container\" data-settings=\"{&quot;background_background&quot;:&quot;classic&quot;}\">\n\t\t\t\t\t<div class=\"e-con-inner\">\n\t\t<div class=\"elementor-element elementor-element-fed2aad e-con-full e-flex e-con e-child\" data-id=\"fed2aad\" data-element_type=\"container\" data-e-type=\"container\">\n\t\t\t\t<div class=\"elementor-element elementor-element-88ced2b elementor-widget elementor-widget-heading\" data-id=\"88ced2b\" data-element_type=\"widget\" data-e-type=\"widget\" data-widget_type=\"heading.default\">\n\t\t\t\t<div class=\"elementor-widget-container\">\n\t\t\t\t\t<h2 class=\"elementor-heading-title elementor-size-default\">ACERCA DE INNOVARYX<\/h2>\t\t\t\t<\/div>\n\t\t\t\t<\/div>\n\t\t\t\t<\/div>\n\t\t\t\t\t<\/div>\n\t\t\t\t<\/div>\n\t\t<div class=\"elementor-element elementor-element-eb0d448 e-flex e-con-boxed e-con e-parent\" data-id=\"eb0d448\" data-element_type=\"container\" data-e-type=\"container\">\n\t\t\t\t\t<div class=\"e-con-inner\">\n\t\t\t\t<div class=\"elementor-element elementor-element-c5e2ffa elementor-widget elementor-widget-text-editor\" data-id=\"c5e2ffa\" data-element_type=\"widget\" data-e-type=\"widget\" data-widget_type=\"text-editor.default\">\n\t\t\t\t<div class=\"elementor-widget-container\">\n\t\t\t\t\t\t\t\t\t<p><span style=\"font-weight: 400;\">En Innovaryx, nos destacamos por nuestra capacidad para impulsar el \u00e9xito empresarial mediante la integraci\u00f3n de tecnolog\u00edas innovadoras y un enfoque centrado en el cliente y la sostenibilidad. <\/span><\/p><p><span style=\"font-weight: 400;\">Con nuestra amplia experiencia, profundo conocimiento y un compromiso inquebrantable con la excelencia, estamos preparados para ayudar a desbloquear el poder transformador de la tecnolog\u00eda y llevar su negocio hacia un \u00e9xito sin precedentes.<\/span><\/p>\t\t\t\t\t\t\t\t<\/div>\n\t\t\t\t<\/div>\n\t\t\t\t\t<\/div>\n\t\t\t\t<\/div>\n\t\t<div class=\"elementor-element elementor-element-31dad4f e-flex e-con-boxed e-con e-parent\" data-id=\"31dad4f\" data-element_type=\"container\" data-e-type=\"container\">\n\t\t\t\t\t<div class=\"e-con-inner\">\n\t\t\t\t<div class=\"elementor-element elementor-element-59932a6 elementor-widget elementor-widget-heading\" data-id=\"59932a6\" data-element_type=\"widget\" data-e-type=\"widget\" data-widget_type=\"heading.default\">\n\t\t\t\t<div class=\"elementor-widget-container\">\n\t\t\t\t\t<h3 class=\"elementor-heading-title elementor-size-default\">Misi\u00f3n<\/h3>\t\t\t\t<\/div>\n\t\t\t\t<\/div>\n\t\t\t\t<div class=\"elementor-element elementor-element-1f1c29f elementor-widget elementor-widget-text-editor\" data-id=\"1f1c29f\" data-element_type=\"widget\" data-e-type=\"widget\" data-widget_type=\"text-editor.default\">\n\t\t\t\t<div class=\"elementor-widget-container\">\n\t\t\t\t\t\t\t\t\t<p><span style=\"font-weight: 400;\">En Innovaryx, nuestra misi\u00f3n es impulsar el \u00e9xito empresarial mediante la integraci\u00f3n de tecnolog\u00edas innovadoras mientras nos comprometemos activamente en un enfoque centrado al cliente y pr\u00e1cticas sostenibles. Nos comprometemos a proporcionar soluciones tecnol\u00f3gicas de vanguardia y asesoramiento estrat\u00e9gico que no solo optimicen la eficiencia y la competitividad de nuestros clientes, sino que tambi\u00e9n fomenten el cuidado ambiental y el apoyo social. Buscamos ser l\u00edderes en la industria al ofrecer servicios de alta calidad, respaldados por los conocimientos de nuestros expertos y nuestra capacidad para adaptarnos a las necesidades y presupuestos de cada cliente.<\/span><\/p>\t\t\t\t\t\t\t\t<\/div>\n\t\t\t\t<\/div>\n\t\t\t\t\t<\/div>\n\t\t\t\t<\/div>\n\t\t<div class=\"elementor-element elementor-element-870be1d e-flex e-con-boxed e-con e-parent\" data-id=\"870be1d\" data-element_type=\"container\" data-e-type=\"container\">\n\t\t\t\t\t<div class=\"e-con-inner\">\n\t\t\t\t<div class=\"elementor-element elementor-element-c5dbd4d elementor-widget elementor-widget-heading\" data-id=\"c5dbd4d\" data-element_type=\"widget\" data-e-type=\"widget\" data-widget_type=\"heading.default\">\n\t\t\t\t<div class=\"elementor-widget-container\">\n\t\t\t\t\t<h3 class=\"elementor-heading-title elementor-size-default\">Visi\u00f3n<\/h3>\t\t\t\t<\/div>\n\t\t\t\t<\/div>\n\t\t\t\t<div class=\"elementor-element elementor-element-fe472f7 elementor-widget elementor-widget-text-editor\" data-id=\"fe472f7\" data-element_type=\"widget\" data-e-type=\"widget\" data-widget_type=\"text-editor.default\">\n\t\t\t\t<div class=\"elementor-widget-container\">\n\t\t\t\t\t\t\t\t\t<p><span style=\"font-weight: 400;\">Nuestra visi\u00f3n en Innovaryx es liderar la transformaci\u00f3n digital siendo pioneros en la integraci\u00f3n de soluciones tecnol\u00f3gicas enfocadas en el cliente y la sostenibilidad ambiental y social. A trav\u00e9s de nuestra flexibilidad y adaptabilidad, ofrecemos soluciones personalizadas y escalables que se ajustan a las demandas cambiantes del mercado. Nos comprometemos a mantenernos a la vanguardia de la innovaci\u00f3n y las tecnolog\u00edas emergentes, ofreciendo soluciones actualizadas y propuestas innovadoras que impulsen el \u00e9xito de nuestros clientes.<\/span><\/p>\t\t\t\t\t\t\t\t<\/div>\n\t\t\t\t<\/div>\n\t\t\t\t\t<\/div>\n\t\t\t\t<\/div>\n\t\t<div class=\"elementor-element elementor-element-f32d86d e-flex e-con-boxed e-con e-parent\" data-id=\"f32d86d\" data-element_type=\"container\" data-e-type=\"container\">\n\t\t\t\t\t<div class=\"e-con-inner\">\n\t\t\t\t<div class=\"elementor-element elementor-element-a3cc2d0 elementor-widget__width-initial elementor-widget elementor-widget-image\" data-id=\"a3cc2d0\" data-element_type=\"widget\" data-e-type=\"widget\" data-widget_type=\"image.default\">\n\t\t\t\t<div class=\"elementor-widget-container\">\n\t\t\t\t\t\t\t\t\t\t\t\t\t\t\t<img fetchpriority=\"high\" decoding=\"async\" width=\"800\" height=\"600\" src=\"https:\/\/innovaryx.com\/wp-content\/uploads\/2024\/05\/sobre-nosotros.jpg\" class=\"attachment-full size-full wp-image-1942\" alt=\"\" srcset=\"https:\/\/innovaryx.com\/wp-content\/uploads\/2024\/05\/sobre-nosotros.jpg 800w, https:\/\/innovaryx.com\/wp-content\/uploads\/2024\/05\/sobre-nosotros-300x225.jpg 300w, https:\/\/innovaryx.com\/wp-content\/uploads\/2024\/05\/sobre-nosotros-768x576.jpg 768w, https:\/\/innovaryx.com\/wp-content\/uploads\/2024\/05\/sobre-nosotros-16x12.jpg 16w\" sizes=\"(max-width: 800px) 100vw, 800px\" \/>\t\t\t\t\t\t\t\t\t\t\t\t\t\t\t<\/div>\n\t\t\t\t<\/div>\n\t\t<div class=\"elementor-element elementor-element-f190a5a e-con-full e-flex e-con e-child\" data-id=\"f190a5a\" data-element_type=\"container\" data-e-type=\"container\">\n\t\t\t\t<div class=\"elementor-element elementor-element-fea6de6 elementor-widget elementor-widget-heading\" data-id=\"fea6de6\" data-element_type=\"widget\" data-e-type=\"widget\" data-widget_type=\"heading.default\">\n\t\t\t\t<div class=\"elementor-widget-container\">\n\t\t\t\t\t<h3 class=\"elementor-heading-title elementor-size-default\">Valores Corporativos<\/h3>\t\t\t\t<\/div>\n\t\t\t\t<\/div>\n\t\t\t\t<div class=\"elementor-element elementor-element-9d8f60b elementor-widget elementor-widget-eael-adv-accordion\" data-id=\"9d8f60b\" data-element_type=\"widget\" data-e-type=\"widget\" data-widget_type=\"eael-adv-accordion.default\">\n\t\t\t\t<div class=\"elementor-widget-container\">\n\t\t\t\t\t            <div class=\"eael-adv-accordion\" id=\"eael-adv-accordion-9d8f60b\" data-scroll-on-click=\"no\" data-scroll-speed=\"300\" data-accordion-id=\"9d8f60b\" data-accordion-type=\"accordion\" data-toogle-speed=\"300\">\n            <div class=\"eael-accordion-list\">\n\t\t\t\t\t<div id=\"excelencia\" class=\"elementor-tab-title eael-accordion-header\" tabindex=\"0\" data-tab=\"1\" aria-controls=\"elementor-tab-content-1651\"><span class=\"eael-advanced-accordion-icon-closed\"><svg aria-hidden=\"true\" class=\"fa-accordion-icon e-font-icon-svg e-fas-sort-down\" viewBox=\"0 0 320 512\" xmlns=\"http:\/\/www.w3.org\/2000\/svg\"><path d=\"M41 288h238c21.4 0 32.1 25.9 17 41L177 448c-9.4 9.4-24.6 9.4-33.9 0L24 329c-15.1-15.1-4.4-41 17-41z\"><\/path><\/svg><\/span><span class=\"eael-advanced-accordion-icon-opened\"><svg aria-hidden=\"true\" class=\"fa-accordion-icon e-font-icon-svg e-fas-minus\" viewBox=\"0 0 448 512\" xmlns=\"http:\/\/www.w3.org\/2000\/svg\"><path d=\"M416 208H32c-17.67 0-32 14.33-32 32v32c0 17.67 14.33 32 32 32h384c17.67 0 32-14.33 32-32v-32c0-17.67-14.33-32-32-32z\"><\/path><\/svg><\/span><h5 class=\"eael-accordion-tab-title\">Excelencia<\/h5><\/div><div id=\"elementor-tab-content-1651\" class=\"eael-accordion-content clearfix\" data-tab=\"1\" aria-labelledby=\"excelencia\">Compromiso con la excelencia en la prestaci\u00f3n de servicios, asegurando que cada soluci\u00f3n y asesoramiento brindado refleje los m\u00e1s altos est\u00e1ndares de calidad y conocimiento especializado.<\/div>\n\t\t\t\t\t<\/div><div class=\"eael-accordion-list\">\n\t\t\t\t\t<div id=\"innovacin\" class=\"elementor-tab-title eael-accordion-header\" tabindex=\"0\" data-tab=\"2\" aria-controls=\"elementor-tab-content-1652\"><span class=\"eael-advanced-accordion-icon-closed\"><svg aria-hidden=\"true\" class=\"fa-accordion-icon e-font-icon-svg e-fas-sort-down\" viewBox=\"0 0 320 512\" xmlns=\"http:\/\/www.w3.org\/2000\/svg\"><path d=\"M41 288h238c21.4 0 32.1 25.9 17 41L177 448c-9.4 9.4-24.6 9.4-33.9 0L24 329c-15.1-15.1-4.4-41 17-41z\"><\/path><\/svg><\/span><span class=\"eael-advanced-accordion-icon-opened\"><svg aria-hidden=\"true\" class=\"fa-accordion-icon e-font-icon-svg e-fas-minus\" viewBox=\"0 0 448 512\" xmlns=\"http:\/\/www.w3.org\/2000\/svg\"><path d=\"M416 208H32c-17.67 0-32 14.33-32 32v32c0 17.67 14.33 32 32 32h384c17.67 0 32-14.33 32-32v-32c0-17.67-14.33-32-32-32z\"><\/path><\/svg><\/span><h5 class=\"eael-accordion-tab-title\">Innovaci\u00f3n<\/h5><\/div><div id=\"elementor-tab-content-1652\" class=\"eael-accordion-content clearfix\" data-tab=\"2\" aria-labelledby=\"innovacin\">Enfoque constante en la innovaci\u00f3n y la adopci\u00f3n de tecnolog\u00edas emergentes, con el objetivo de ofrecer soluciones actualizadas y a la vanguardia de la industria.<\/div>\n\t\t\t\t\t<\/div><div class=\"eael-accordion-list\">\n\t\t\t\t\t<div id=\"flexibilidad-y-adaptabilidad\" class=\"elementor-tab-title eael-accordion-header\" tabindex=\"0\" data-tab=\"3\" aria-controls=\"elementor-tab-content-1653\"><span class=\"eael-advanced-accordion-icon-closed\"><svg aria-hidden=\"true\" class=\"fa-accordion-icon e-font-icon-svg e-fas-sort-down\" viewBox=\"0 0 320 512\" xmlns=\"http:\/\/www.w3.org\/2000\/svg\"><path d=\"M41 288h238c21.4 0 32.1 25.9 17 41L177 448c-9.4 9.4-24.6 9.4-33.9 0L24 329c-15.1-15.1-4.4-41 17-41z\"><\/path><\/svg><\/span><span class=\"eael-advanced-accordion-icon-opened\"><svg aria-hidden=\"true\" class=\"fa-accordion-icon e-font-icon-svg e-fas-minus\" viewBox=\"0 0 448 512\" xmlns=\"http:\/\/www.w3.org\/2000\/svg\"><path d=\"M416 208H32c-17.67 0-32 14.33-32 32v32c0 17.67 14.33 32 32 32h384c17.67 0 32-14.33 32-32v-32c0-17.67-14.33-32-32-32z\"><\/path><\/svg><\/span><h5 class=\"eael-accordion-tab-title\">Flexibilidad y Adaptabilidad<\/h5><\/div><div id=\"elementor-tab-content-1653\" class=\"eael-accordion-content clearfix\" data-tab=\"3\" aria-labelledby=\"flexibilidad-y-adaptabilidad\"><p><span style=\"font-weight: 400\">Capacidad para adaptarse a las necesidades cambiantes del cliente mediante soluciones flexibles y escalables, as\u00ed como una bolsa de horas que permita ajustar nuestros servicios seg\u00fan las demandas espec\u00edficas de cada proyecto.<\/span><\/p><\/div>\n\t\t\t\t\t<\/div><div class=\"eael-accordion-list\">\n\t\t\t\t\t<div id=\"responsabilidad-social\" class=\"elementor-tab-title eael-accordion-header\" tabindex=\"0\" data-tab=\"4\" aria-controls=\"elementor-tab-content-1654\"><span class=\"eael-advanced-accordion-icon-closed\"><svg aria-hidden=\"true\" class=\"fa-accordion-icon e-font-icon-svg e-fas-sort-down\" viewBox=\"0 0 320 512\" xmlns=\"http:\/\/www.w3.org\/2000\/svg\"><path d=\"M41 288h238c21.4 0 32.1 25.9 17 41L177 448c-9.4 9.4-24.6 9.4-33.9 0L24 329c-15.1-15.1-4.4-41 17-41z\"><\/path><\/svg><\/span><span class=\"eael-advanced-accordion-icon-opened\"><svg aria-hidden=\"true\" class=\"fa-accordion-icon e-font-icon-svg e-fas-minus\" viewBox=\"0 0 448 512\" xmlns=\"http:\/\/www.w3.org\/2000\/svg\"><path d=\"M416 208H32c-17.67 0-32 14.33-32 32v32c0 17.67 14.33 32 32 32h384c17.67 0 32-14.33 32-32v-32c0-17.67-14.33-32-32-32z\"><\/path><\/svg><\/span><h5 class=\"eael-accordion-tab-title\">Responsabilidad Social<\/h5><\/div><div id=\"elementor-tab-content-1654\" class=\"eael-accordion-content clearfix\" data-tab=\"4\" aria-labelledby=\"responsabilidad-social\"><p><span style=\"font-weight: 400\">\u00a0Compromiso con la responsabilidad social empresarial, destinando recursos y esfuerzos a iniciativas que generen un impacto positivo en la comunidad y en el medio ambiente, como donaciones a fundaciones o proyectos de sostenibilidad.<\/span><\/p><\/div>\n\t\t\t\t\t<\/div><div class=\"eael-accordion-list\">\n\t\t\t\t\t<div id=\"integridad\" class=\"elementor-tab-title eael-accordion-header\" tabindex=\"0\" data-tab=\"5\" aria-controls=\"elementor-tab-content-1655\"><span class=\"eael-advanced-accordion-icon-closed\"><svg aria-hidden=\"true\" class=\"fa-accordion-icon e-font-icon-svg e-fas-caret-down\" viewBox=\"0 0 320 512\" xmlns=\"http:\/\/www.w3.org\/2000\/svg\"><path d=\"M31.3 192h257.3c17.8 0 26.7 21.5 14.1 34.1L174.1 354.8c-7.8 7.8-20.5 7.8-28.3 0L17.2 226.1C4.6 213.5 13.5 192 31.3 192z\"><\/path><\/svg><\/span><span class=\"eael-advanced-accordion-icon-opened\"><svg aria-hidden=\"true\" class=\"fa-accordion-icon e-font-icon-svg e-fas-minus\" viewBox=\"0 0 448 512\" xmlns=\"http:\/\/www.w3.org\/2000\/svg\"><path d=\"M416 208H32c-17.67 0-32 14.33-32 32v32c0 17.67 14.33 32 32 32h384c17.67 0 32-14.33 32-32v-32c0-17.67-14.33-32-32-32z\"><\/path><\/svg><\/span><h5 class=\"eael-accordion-tab-title\">Integridad<\/h5><\/div><div id=\"elementor-tab-content-1655\" class=\"eael-accordion-content clearfix\" data-tab=\"5\" aria-labelledby=\"integridad\"><p><span style=\"font-weight: 400\">Actuamos con honestidad, transparencia y \u00e9tica en todas nuestras relaciones y construimos relaciones duraderas y de confianza con nuestros clientes, proveedores y colaboradores.<\/span><\/p><\/div>\n\t\t\t\t\t<\/div><div class=\"eael-accordion-list\">\n\t\t\t\t\t<div id=\"pasin\" class=\"elementor-tab-title eael-accordion-header\" tabindex=\"0\" data-tab=\"6\" aria-controls=\"elementor-tab-content-1656\"><span class=\"eael-advanced-accordion-icon-closed\"><svg aria-hidden=\"true\" class=\"fa-accordion-icon e-font-icon-svg e-fas-sort-down\" viewBox=\"0 0 320 512\" xmlns=\"http:\/\/www.w3.org\/2000\/svg\"><path d=\"M41 288h238c21.4 0 32.1 25.9 17 41L177 448c-9.4 9.4-24.6 9.4-33.9 0L24 329c-15.1-15.1-4.4-41 17-41z\"><\/path><\/svg><\/span><span class=\"eael-advanced-accordion-icon-opened\"><svg aria-hidden=\"true\" class=\"fa-accordion-icon e-font-icon-svg e-fas-minus\" viewBox=\"0 0 448 512\" xmlns=\"http:\/\/www.w3.org\/2000\/svg\"><path d=\"M416 208H32c-17.67 0-32 14.33-32 32v32c0 17.67 14.33 32 32 32h384c17.67 0 32-14.33 32-32v-32c0-17.67-14.33-32-32-32z\"><\/path><\/svg><\/span><h5 class=\"eael-accordion-tab-title\">Pasi\u00f3n<\/h5><\/div><div id=\"elementor-tab-content-1656\" class=\"eael-accordion-content clearfix\" data-tab=\"6\" aria-labelledby=\"pasin\"><p><span style=\"font-weight: 400\">Somos apasionados por la tecnolog\u00eda y por ayudar a las empresas a alcanzar su m\u00e1ximo potencial.<\/span><\/p><\/div>\n\t\t\t\t\t<\/div><\/div>\t\t\t\t<\/div>\n\t\t\t\t<\/div>\n\t\t\t\t<\/div>\n\t\t\t\t\t<\/div>\n\t\t\t\t<\/div>\n\t\t<div class=\"elementor-element elementor-element-86f82de e-con-full e-flex e-con e-parent\" data-id=\"86f82de\" data-element_type=\"container\" data-e-type=\"container\">\n\t\t<div class=\"elementor-element elementor-element-e7d548a e-flex e-con-boxed e-con e-child\" data-id=\"e7d548a\" data-element_type=\"container\" data-e-type=\"container\" data-settings=\"{&quot;background_background&quot;:&quot;classic&quot;}\">\n\t\t\t\t\t<div class=\"e-con-inner\">\n\t\t<div class=\"elementor-element elementor-element-38340bd e-con-full e-flex e-con e-child\" data-id=\"38340bd\" data-element_type=\"container\" data-e-type=\"container\">\n\t\t\t\t<div class=\"elementor-element elementor-element-5cab5cd elementor-widget elementor-widget-heading\" data-id=\"5cab5cd\" data-element_type=\"widget\" data-e-type=\"widget\" data-widget_type=\"heading.default\">\n\t\t\t\t<div class=\"elementor-widget-container\">\n\t\t\t\t\t<h2 class=\"elementor-heading-title elementor-size-default\">Impacto Social: Cultivando un futuro m\u00e1s verde y solidario\n<\/h2>\t\t\t\t<\/div>\n\t\t\t\t<\/div>\n\t\t\t\t<\/div>\n\t\t\t\t\t<\/div>\n\t\t\t\t<\/div>\n\t\t\t\t<\/div>\n\t\t<div class=\"elementor-element elementor-element-49b951c e-flex e-con-boxed e-con e-parent\" data-id=\"49b951c\" data-element_type=\"container\" data-e-type=\"container\">\n\t\t\t\t\t<div class=\"e-con-inner\">\n\t\t<div class=\"elementor-element elementor-element-232640b e-flex e-con-boxed e-con e-child\" data-id=\"232640b\" data-element_type=\"container\" data-e-type=\"container\">\n\t\t\t\t\t<div class=\"e-con-inner\">\n\t\t<div class=\"elementor-element elementor-element-5c731e4 e-con-full e-flex e-con e-child\" data-id=\"5c731e4\" data-element_type=\"container\" data-e-type=\"container\">\n\t\t\t\t<div class=\"elementor-element elementor-element-328ec49 elementor-widget elementor-widget-heading\" data-id=\"328ec49\" data-element_type=\"widget\" data-e-type=\"widget\" data-widget_type=\"heading.default\">\n\t\t\t\t<div class=\"elementor-widget-container\">\n\t\t\t\t\t<h3 class=\"elementor-heading-title elementor-size-default\">#1<\/h3>\t\t\t\t<\/div>\n\t\t\t\t<\/div>\n\t\t\t\t<\/div>\n\t\t<div class=\"elementor-element elementor-element-2d0e848 e-con-full e-flex e-con e-child\" data-id=\"2d0e848\" data-element_type=\"container\" data-e-type=\"container\">\n\t\t\t\t<div class=\"elementor-element elementor-element-2241667 elementor-widget elementor-widget-heading\" data-id=\"2241667\" data-element_type=\"widget\" data-e-type=\"widget\" data-widget_type=\"heading.default\">\n\t\t\t\t<div class=\"elementor-widget-container\">\n\t\t\t\t\t<h5 class=\"elementor-heading-title elementor-size-default\">Sembrando un futuro verde:<\/h5>\t\t\t\t<\/div>\n\t\t\t\t<\/div>\n\t\t\t\t<div class=\"elementor-element elementor-element-4c36654 elementor-widget elementor-widget-text-editor\" data-id=\"4c36654\" data-element_type=\"widget\" data-e-type=\"widget\" data-widget_type=\"text-editor.default\">\n\t\t\t\t<div class=\"elementor-widget-container\">\n\t\t\t\t\t\t\t\t\t<p><span style=\"font-weight: 400;\">Por cada d\u00eda de trabajo, plantamos un \u00e1rbol. Este compromiso nos permite contribuir a la reforestaci\u00f3n, combatir el cambio clim\u00e1tico y mejorar la calidad del aire. Adem\u00e1s, creamos conciencia sobre la importancia de la protecci\u00f3n del medio ambiente entre nuestros colaboradores y la comunidad.<\/span><\/p>\t\t\t\t\t\t\t\t<\/div>\n\t\t\t\t<\/div>\n\t\t\t\t<\/div>\n\t\t\t\t\t<\/div>\n\t\t\t\t<\/div>\n\t\t<div class=\"elementor-element elementor-element-7dae6a3 e-flex e-con-boxed e-con e-child\" data-id=\"7dae6a3\" data-element_type=\"container\" data-e-type=\"container\">\n\t\t\t\t\t<div class=\"e-con-inner\">\n\t\t<div class=\"elementor-element elementor-element-be6b10d e-con-full e-flex e-con e-child\" data-id=\"be6b10d\" data-element_type=\"container\" data-e-type=\"container\">\n\t\t\t\t<div class=\"elementor-element elementor-element-235115d elementor-widget elementor-widget-heading\" data-id=\"235115d\" data-element_type=\"widget\" data-e-type=\"widget\" data-widget_type=\"heading.default\">\n\t\t\t\t<div class=\"elementor-widget-container\">\n\t\t\t\t\t<h3 class=\"elementor-heading-title elementor-size-default\">#2<\/h3>\t\t\t\t<\/div>\n\t\t\t\t<\/div>\n\t\t\t\t<\/div>\n\t\t<div class=\"elementor-element elementor-element-0c533d2 e-con-full e-flex e-con e-child\" data-id=\"0c533d2\" data-element_type=\"container\" data-e-type=\"container\">\n\t\t\t\t<div class=\"elementor-element elementor-element-cb808fc elementor-widget elementor-widget-heading\" data-id=\"cb808fc\" data-element_type=\"widget\" data-e-type=\"widget\" data-widget_type=\"heading.default\">\n\t\t\t\t<div class=\"elementor-widget-container\">\n\t\t\t\t\t<h5 class=\"elementor-heading-title elementor-size-default\">Fortaleciendo el tejido social:<\/h5>\t\t\t\t<\/div>\n\t\t\t\t<\/div>\n\t\t\t\t<div class=\"elementor-element elementor-element-bf63caf elementor-widget elementor-widget-text-editor\" data-id=\"bf63caf\" data-element_type=\"widget\" data-e-type=\"widget\" data-widget_type=\"text-editor.default\">\n\t\t\t\t<div class=\"elementor-widget-container\">\n\t\t\t\t\t\t\t\t\t<p><span style=\"font-weight: 400;\">Cada semana, realizamos una donaci\u00f3n a una fundaci\u00f3n que se dedica al cuidado de animales o al apoyo de personas en situaci\u00f3n vulnerable. De esta manera, aportamos recursos para mejorar la calidad de vida de quienes m\u00e1s lo necesitan y promovemos una sociedad m\u00e1s justa e inclusiva.<\/span><\/p><p><span style=\"font-weight: 400;\">Estas iniciativas no solo generan un impacto positivo en el medio ambiente y la sociedad, sino que tambi\u00e9n fortalecen el esp\u00edritu de equipo y la responsabilidad social de nuestros colaboradores. En Innovaryx, estamos convencidos de que la tecnolog\u00eda y la responsabilidad social pueden ir de la mano para construir un futuro m\u00e1s sostenible y solidario.<\/span><\/p>\t\t\t\t\t\t\t\t<\/div>\n\t\t\t\t<\/div>\n\t\t\t\t<\/div>\n\t\t\t\t\t<\/div>\n\t\t\t\t<\/div>\n\t\t\t\t\t<\/div>\n\t\t\t\t<\/div>\n\t\t\t\t<\/div>\n\t\t","protected":false},"excerpt":{"rendered":"<p>ACERCA DE INNOVARYX En Innovaryx, nos destacamos por nuestra capacidad para impulsar el \u00e9xito empresarial mediante la integraci\u00f3n de tecnolog\u00edas innovadoras y un enfoque centrado en el cliente y la sostenibilidad. Con nuestra amplia experiencia, profundo conocimiento y un compromiso inquebrantable con la excelencia, estamos preparados para ayudar a desbloquear el poder transformador de la [&hellip;]<\/p>\n","protected":false},"author":1,"featured_media":0,"parent":0,"menu_order":0,"comment_status":"closed","ping_status":"closed","template":"","meta":{"footnotes":""},"class_list":["post-1936","page","type-page","status-publish","hentry"],"blocksy_meta":{"styles_descriptor":{"styles":{"desktop":"","tablet":"","mobile":""},"google_fonts":[],"version":6}},"aioseo_notices":[],"_links":{"self":[{"href":"https:\/\/innovaryx.com\/es\/wp-json\/wp\/v2\/pages\/1936","targetHints":{"allow":["GET"]}}],"collection":[{"href":"https:\/\/innovaryx.com\/es\/wp-json\/wp\/v2\/pages"}],"about":[{"href":"https:\/\/innovaryx.com\/es\/wp-json\/wp\/v2\/types\/page"}],"author":[{"embeddable":true,"href":"https:\/\/innovaryx.com\/es\/wp-json\/wp\/v2\/users\/1"}],"replies":[{"embeddable":true,"href":"https:\/\/innovaryx.com\/es\/wp-json\/wp\/v2\/comments?post=1936"}],"version-history":[{"count":46,"href":"https:\/\/innovaryx.com\/es\/wp-json\/wp\/v2\/pages\/1936\/revisions"}],"predecessor-version":[{"id":2713,"href":"https:\/\/innovaryx.com\/es\/wp-json\/wp\/v2\/pages\/1936\/revisions\/2713"}],"wp:attachment":[{"href":"https:\/\/innovaryx.com\/es\/wp-json\/wp\/v2\/media?parent=1936"}],"curies":[{"name":"wp","href":"https:\/\/api.w.org\/{rel}","templated":true}]}}