{"id":2016,"date":"2024-05-20T19:34:28","date_gmt":"2024-05-20T19:34:28","guid":{"rendered":"https:\/\/innovaryx.com\/privacy-policy-copy\/"},"modified":"2024-06-01T15:50:55","modified_gmt":"2024-06-01T15:50:55","slug":"politica-cookies","status":"publish","type":"page","link":"https:\/\/innovaryx.com\/es\/politica-cookies\/","title":{"rendered":"Pol\u00edtica de Cookies"},"content":{"rendered":"\t\t<div data-elementor-type=\"wp-page\" data-elementor-id=\"2016\" class=\"elementor elementor-2016\">\n\t\t\t\t<div class=\"elementor-element elementor-element-33dca28e e-flex e-con-boxed e-con e-parent\" data-id=\"33dca28e\" data-element_type=\"container\" data-e-type=\"container\">\n\t\t\t\t\t<div class=\"e-con-inner\">\n\t\t\t\t<div class=\"elementor-element elementor-element-03d568a elementor-widget elementor-widget-heading\" data-id=\"03d568a\" data-element_type=\"widget\" data-e-type=\"widget\" data-widget_type=\"heading.default\">\n\t\t\t\t<div class=\"elementor-widget-container\">\n\t\t\t\t\t<h2 class=\"elementor-heading-title elementor-size-default\">POL\u00cdTICA DE COOKIES<\/h2>\t\t\t\t<\/div>\n\t\t\t\t<\/div>\n\t\t\t\t<div class=\"elementor-element elementor-element-3293167 elementor-widget elementor-widget-text-editor\" data-id=\"3293167\" data-element_type=\"widget\" data-e-type=\"widget\" data-widget_type=\"text-editor.default\">\n\t\t\t\t<div class=\"elementor-widget-container\">\n\t\t\t\t\t\t\t\t\t<p><span style=\"font-weight: 400;\">Esta pol\u00edtica de cookies (&#8220;Pol\u00edtica sobre Cookies&#8221;) describe los tipos de cookies, p\u00edxeles, objetos de almacenamiento local y dispositivos similares (colectivamente, &#8220;cookies&#8221; a menos que se indique lo contrario) que utilizamos en el sitio Web de Innovaryx y nuestros prop\u00f3sitos para usarlos.<\/span><\/p><p><span style=\"font-weight: 400;\">Si tienes preguntas sobre esta Pol\u00edtica de Cookies, comun\u00edcate con nosotros a <\/span><span style=\"font-weight: 400;\">management@innovaryx.com.<\/span><\/p><p><span style=\"font-weight: 400;\">Para obtener una descripci\u00f3n m\u00e1s completa y una lista de las cookies que utilizamos actualmente en el sitio Web de Innovaryx, revisa nuestra Lista de Cookies.<\/span><\/p><p><span style=\"font-weight: 400;\">Para obtener m\u00e1s informaci\u00f3n sobre nuestras pr\u00e1cticas de privacidad, revisa nuestra pol\u00edtica de privacidad: https:\/\/www.innovaryx.com\/es\/privacy-policy<\/span><\/p>\t\t\t\t\t\t\t\t<\/div>\n\t\t\t\t<\/div>\n\t\t\t\t<div class=\"elementor-element elementor-element-5684f72 elementor-widget elementor-widget-text-editor\" data-id=\"5684f72\" data-element_type=\"widget\" data-e-type=\"widget\" data-widget_type=\"text-editor.default\">\n\t\t\t\t<div class=\"elementor-widget-container\">\n\t\t\t\t\t\t\t\t\t<h4><b>\u00bfC\u00d3MO CONTROLAR Y ELIMINAR LAS COOKIES?<\/b><\/h4><p><span style=\"font-weight: 400;\">Puedes controlar y\/o eliminar las cookies como desees. Para obtener m\u00e1s informaci\u00f3n, consulta <\/span><a href=\"http:\/\/www.aboutcookies.org\/\"><span style=\"font-weight: 400;\">aboutcookies.org<\/span><\/a><span style=\"font-weight: 400;\">. Puedes eliminar todas las cookies que ya est\u00e1n en tu computadora y configurar la mayor\u00eda de los navegadores para evitar que se establezcan. Sin embargo, si haces esto, es posible que tengas que ajustar manualmente algunas preferencias cada vez que visites un sitio y algunos servicios y funcionalidades pueden no funcionar.<\/span><\/p><p><span style=\"font-weight: 400;\">Estas configuraciones de cookies generalmente se encuentran en el men\u00fa &#8220;Opciones&#8221; o &#8220;Preferencias&#8221; de tu navegador de Internet. Los siguientes enlaces pueden ser \u00fatiles para comprender esta configuraci\u00f3n. De lo contrario, usa la opci\u00f3n &#8220;Ayuda&#8221; en tu navegador de Internet para obtener m\u00e1s detalles.<\/span><\/p><ul><li style=\"font-weight: 400;\" aria-level=\"1\"><a href=\"https:\/\/support.microsoft.com\/en-us\/help\/17442\/windows-internet-explorer-delete-manage-cookies\"><span style=\"font-weight: 400;\">Configuraci\u00f3n de cookies en Internet Explorer<\/span><\/a><\/li><li style=\"font-weight: 400;\" aria-level=\"1\"><a href=\"https:\/\/support.mozilla.org\/en-US\/kb\/cookies-information-websites-store-on-your-computer?redirectlocale=en-US&amp;redirectslug=Cookies\"><span style=\"font-weight: 400;\">Configuraci\u00f3n de cookies en Firefox<\/span><\/a><\/li><li style=\"font-weight: 400;\" aria-level=\"1\"><a href=\"https:\/\/support.google.com\/chrome\/bin\/answer.py?hl=en&amp;answer=95647\"><span style=\"font-weight: 400;\">Configuraci\u00f3n de cookies en Chrome<\/span><\/a><\/li><li style=\"font-weight: 400;\" aria-level=\"1\"><a href=\"https:\/\/support.apple.com\/kb\/HT1677\"><span style=\"font-weight: 400;\">Configuraci\u00f3n de cookies en Safari<\/span><\/a><\/li><\/ul><p><span style=\"font-weight: 400;\">Para optar por que terceros no recopilen datos sobre tu interacci\u00f3n en nuestro sitio Web, consulta sus sitios Web para obtener m\u00e1s informaci\u00f3n.<\/span><\/p>\t\t\t\t\t\t\t\t<\/div>\n\t\t\t\t<\/div>\n\t\t\t\t<div class=\"elementor-element elementor-element-7a807f4 elementor-widget elementor-widget-text-editor\" data-id=\"7a807f4\" data-element_type=\"widget\" data-e-type=\"widget\" data-widget_type=\"text-editor.default\">\n\t\t\t\t<div class=\"elementor-widget-container\">\n\t\t\t\t\t\t\t\t\t<h4><b>M\u00c1S INFORMACI\u00d3N SOBRE COOKIES<\/b><\/h4><p><span style=\"font-weight: 400;\">Para obtener m\u00e1s informaci\u00f3n sobre cookies, incluido c\u00f3mo ver qu\u00e9 cookies se han instalado y c\u00f3mo administrarlas y eliminarlas, visita <\/span><a href=\"http:\/\/www.aboutcookies.org\/\"><span style=\"font-weight: 400;\">aboutcookies.org<\/span><\/a><span style=\"font-weight: 400;\"> o <\/span><a href=\"http:\/\/www.allaboutcookies.org\/\"><span style=\"font-weight: 400;\">allaboutcookies.org<\/span><\/a><span style=\"font-weight: 400;\">.<\/span><\/p><h4><b>\u00bfQU\u00c9 COOKIES UTILIZAMOS?<\/b><\/h4><h4>Cookies propias<\/h4><p>Son aquellas cookies que son enviadas al ordenador o dispositivo del Usuario y gestionadas exclusivamente por\u00a0<span class=\"blanc-space ng-binding\">Innovaryx Tecnolog\u00eda<\/span>\u00a0para el mejor funcionamiento del Sitio Web. La informaci\u00f3n que se recaba se emplea para mejorar la calidad del Sitio Web y su Contenido y su experiencia como Usuario. Estas cookies permiten reconocer al Usuario como visitante recurrente del Sitio Web y adaptar el contenido para ofrecerle contenidos que se ajusten a sus preferencias.<\/p><p><span style=\"font-weight: 400;\">Innovaryx puede usar las siguientes cookies:<\/span><\/p><ul><li>PHPSESSID<\/li><li>__gsas<\/li><li>intercom-device-id-r70azrgx<\/li><li>intercom-id-r70azrgx<\/li><li>intercom-session-r70azrgx<\/li><li>pvisitor<\/li><li>wordpress_logged_in_fdfc2a215a2f12dec4a440779107b1ce<\/li><li>wordpress_sec_fdfc2a215a2f12dec4a440779107b1ce<\/li><li>wordpress_test_cookie<\/li><li>wp-settings-1<\/li><li>wp-settings-time-1<\/li><\/ul><h4><b>Tipos de cookies<\/b><\/h4><ol><li><span style=\"font-weight: 400;\"> Cookies propias y de terceros: Si una cookie es &#8220;propia&#8221; o &#8220;de terceros&#8221; se refiere al dominio que coloca la cookie. Las cookies propias son aquellas establecidas por el sitio Web que est\u00e1 siendo visitado por el usuario en ese momento.<\/span><\/li><li><span style=\"font-weight: 400;\"> Las cookies de terceros son cookies configuradas por un dominio distinto del sitio Web que visita el usuario. Si un usuario visita un sitio Web y otra entidad establece una cookie a trav\u00e9s de ese sitio Web, esta ser\u00eda una cookie de terceros.<\/span><\/li><\/ol><h4><b>Duraci\u00f3n de las cookies<\/b><\/h4><ol><li><span style=\"font-weight: 400;\"> Cookies de sesi\u00f3n: Estas cookies permiten a los operadores de sitios Web vincular las acciones de un usuario durante una sesi\u00f3n del navegador. Una sesi\u00f3n del navegador comienza cuando un usuario abre la ventana del navegador y finaliza cuando cierra la ventana del navegador. Las cookies de sesi\u00f3n se crean temporalmente. Una vez que se cierra el navegador, se eliminan todas las cookies de sesi\u00f3n.<\/span><\/li><li><span style=\"font-weight: 400;\"> Cookies persistentes: Estas cookies permanecen en el dispositivo de un usuario durante el per\u00edodo de tiempo especificado en la cookie. Se activan cada vez que el usuario visita el sitio Web que cre\u00f3 esa cookie en particular.<\/span><\/li><\/ol><p><span style=\"font-weight: 400;\">Solo utilizamos los tipos de cookies descritos anteriormente. No utilizamos las llamadas &#8220;cookies especializadas&#8221;. Adem\u00e1s, Innovaryx utiliza Google Analytics con el \u00fanico prop\u00f3sito de obtener el informe de la actividad que le brindan<\/span><\/p>\t\t\t\t\t\t\t\t<\/div>\n\t\t\t\t<\/div>\n\t\t\t\t\t<\/div>\n\t\t\t\t<\/div>\n\t\t\t\t<\/div>\n\t\t","protected":false},"excerpt":{"rendered":"<p>POL\u00cdTICA DE COOKIES Esta pol\u00edtica de cookies (&#8220;Pol\u00edtica sobre Cookies&#8221;) describe los tipos de cookies, p\u00edxeles, objetos de almacenamiento local y dispositivos similares (colectivamente, &#8220;cookies&#8221; a menos que se indique lo contrario) que utilizamos en el sitio Web de Innovaryx y nuestros prop\u00f3sitos para usarlos. Si tienes preguntas sobre esta Pol\u00edtica de Cookies, comun\u00edcate con [&hellip;]<\/p>\n","protected":false},"author":1,"featured_media":0,"parent":0,"menu_order":0,"comment_status":"closed","ping_status":"closed","template":"","meta":{"footnotes":""},"class_list":["post-2016","page","type-page","status-publish","hentry"],"blocksy_meta":[],"aioseo_notices":[],"_links":{"self":[{"href":"https:\/\/innovaryx.com\/es\/wp-json\/wp\/v2\/pages\/2016","targetHints":{"allow":["GET"]}}],"collection":[{"href":"https:\/\/innovaryx.com\/es\/wp-json\/wp\/v2\/pages"}],"about":[{"href":"https:\/\/innovaryx.com\/es\/wp-json\/wp\/v2\/types\/page"}],"author":[{"embeddable":true,"href":"https:\/\/innovaryx.com\/es\/wp-json\/wp\/v2\/users\/1"}],"replies":[{"embeddable":true,"href":"https:\/\/innovaryx.com\/es\/wp-json\/wp\/v2\/comments?post=2016"}],"version-history":[{"count":19,"href":"https:\/\/innovaryx.com\/es\/wp-json\/wp\/v2\/pages\/2016\/revisions"}],"predecessor-version":[{"id":2226,"href":"https:\/\/innovaryx.com\/es\/wp-json\/wp\/v2\/pages\/2016\/revisions\/2226"}],"wp:attachment":[{"href":"https:\/\/innovaryx.com\/es\/wp-json\/wp\/v2\/media?parent=2016"}],"curies":[{"name":"wp","href":"https:\/\/api.w.org\/{rel}","templated":true}]}}