{"id":3,"date":"2024-04-29T07:34:23","date_gmt":"2024-04-29T07:34:23","guid":{"rendered":"http:\/\/innovaryx.com\/?page_id=3"},"modified":"2025-11-12T02:00:33","modified_gmt":"2025-11-12T02:00:33","slug":"privacy-policy","status":"publish","type":"page","link":"https:\/\/innovaryx.com\/es\/privacy-policy\/","title":{"rendered":"Pol\u00edtica de T\u00e9rminos y Condiciones"},"content":{"rendered":"\t\t<div data-elementor-type=\"wp-page\" data-elementor-id=\"3\" class=\"elementor elementor-3\">\n\t\t\t\t<div class=\"elementor-element elementor-element-33dca28e e-flex e-con-boxed e-con e-parent\" data-id=\"33dca28e\" data-element_type=\"container\" data-e-type=\"container\">\n\t\t\t\t\t<div class=\"e-con-inner\">\n\t\t\t\t<div class=\"elementor-element elementor-element-03d568a elementor-widget elementor-widget-heading\" data-id=\"03d568a\" data-element_type=\"widget\" data-e-type=\"widget\" data-widget_type=\"heading.default\">\n\t\t\t\t<div class=\"elementor-widget-container\">\n\t\t\t\t\t<h2 class=\"elementor-heading-title elementor-size-default\">POL\u00cdTICA DE T\u00c9RMINOS Y CONDICIONES\n<\/h2>\t\t\t\t<\/div>\n\t\t\t\t<\/div>\n\t\t\t\t<div class=\"elementor-element elementor-element-b011672 elementor-widget elementor-widget-text-editor\" data-id=\"b011672\" data-element_type=\"widget\" data-e-type=\"widget\" data-widget_type=\"text-editor.default\">\n\t\t\t\t<div class=\"elementor-widget-container\">\n\t\t\t\t\t\t\t\t\t<p><em><span style=\"font-weight: 400;\">Fecha de entrada en vigencia: 1 de enero de 2024.<\/span><\/em><\/p>\t\t\t\t\t\t\t\t<\/div>\n\t\t\t\t<\/div>\n\t\t\t\t<div class=\"elementor-element elementor-element-3293167 elementor-widget elementor-widget-text-editor\" data-id=\"3293167\" data-element_type=\"widget\" data-e-type=\"widget\" data-widget_type=\"text-editor.default\">\n\t\t\t\t<div class=\"elementor-widget-container\">\n\t\t\t\t\t\t\t\t\t<h4><b>Informaci\u00f3n importante:<\/b><\/h4><p><span style=\"font-weight: 400;\">Esta plataforma es propiedad de Innovaryx, la cual pone a disposici\u00f3n de los usuarios estos t\u00e9rminos y condiciones los cuales describen las reglas y regulaciones para el uso de la plataforma, en consecuencia, al dar acepto a la presente pol\u00edtica, los usuarios aceptan que han le\u00eddo y entendido el contenido de los presentes t\u00e9rminos y condiciones y en consecuencia se sujetar\u00e1n a lo dispuesto en este documento. Al acceder a la plataforma, asumimos que acepta estos t\u00e9rminos y condiciones en su totalidad. No contin\u00fae usando la plataforma si no acepta todos los t\u00e9rminos y condiciones establecidos en este documento.<\/span><\/p><p><span style=\"font-weight: 400;\">Esta pol\u00edtica de t\u00e9rminos de uso est\u00e1 organizada de la siguiente manera:<\/span><\/p><h4><b>Condiciones de Uso y Acceso al Portal Innovaryx<\/b><\/h4><p>El portal de Innovaryx es de propiedad de Innovaryx S.A.S., en adelante Innovaryx. Su acceso y utilizaci\u00f3n, as\u00ed como la participaci\u00f3n en los foros, plataformas, contenidos o escenarios de interacci\u00f3n que ofrece, es gratuito, y presupone que usted ha comprendido y aceptado estos t\u00e9rminos y condiciones. En adelante, los usuarios del portal ser\u00e1n identificados como \u201cel usuario\u201d, quienes para poder acceder a \u00e9l, deben ser mayores de edad o estar autorizados por sus representantes legales.<\/p><p>Este portal cuenta con altos est\u00e1ndares de seguridad, usabilidad y experiencia de usuario para el cliente final. La misi\u00f3n de Innovaryx es impulsar el \u00e9xito empresarial mediante la integraci\u00f3n de tecnolog\u00edas innovadoras, mientras mantenemos un enfoque centrado en el cliente y comprometido con pr\u00e1cticas sostenibles. Nos esforzamos por proporcionar soluciones tecnol\u00f3gicas de vanguardia y asesoramiento estrat\u00e9gico que no solo optimicen la eficiencia y competitividad de nuestros clientes, sino que tambi\u00e9n fomenten el cuidado ambiental y el impacto social positivo. Buscamos ser l\u00edderes en la industria al ofrecer servicios de alta calidad, respaldados por el conocimiento de nuestros expertos y nuestra capacidad para adaptarnos a las necesidades y presupuestos de cada cliente.<\/p><p>Por medio del Portal de Innovaryx se prestan servicios y soluciones integrales que tienen como finalidad brindar al usuario todo tipo de informaci\u00f3n relacionada con los servicios y soluciones de la compa\u00f1\u00eda, que incluyen, entre otros recursos: noticias, art\u00edculos, publicaciones de inter\u00e9s, programaci\u00f3n, convocatorias, ofertas y dem\u00e1s informaci\u00f3n vinculada con las l\u00edneas de negocio de Innovaryx:<\/p><p>a) Datos y Anal\u00edtica.<br \/>b) Nube y Plataforma.<br \/>c) Inteligencia Artificial y Automatizaci\u00f3n.<br \/>d) Ciberseguridad.<br \/>e) Arquitectura de Software.<br \/>f) Desarrollo de Software a Medida.<\/p><p>Adem\u00e1s del portal principal (www.innovaryx.com), Innovaryx cuenta con diferentes subdominios, plataformas y productos digitales que forman parte de su ecosistema tecnol\u00f3gico, entre los cuales se incluyen \u2014sin limitarse a\u2014 los siguientes:<\/p><p>* Inno-Obra (obra.innovaryx.com): plataforma destinada a la gesti\u00f3n, planificaci\u00f3n y seguimiento de proyectos de obra civil y tecnol\u00f3gica.<\/p><p>* Otros subdominios, micrositios o productos complementarios que Innovaryx desarrolle o ponga a disposici\u00f3n en el futuro, los cuales estar\u00e1n igualmente sujetos a los presentes T\u00e9rminos y Condiciones.<\/p><p>El acceso y uso de cualquiera de estos subdominios o productos implica la aceptaci\u00f3n expresa de esta Pol\u00edtica de T\u00e9rminos y Condiciones, as\u00ed como de las pol\u00edticas espec\u00edficas que cada servicio o soluci\u00f3n pueda requerir.<\/p>\t\t\t\t\t\t\t\t<\/div>\n\t\t\t\t<\/div>\n\t\t\t\t<div class=\"elementor-element elementor-element-5684f72 elementor-widget elementor-widget-text-editor\" data-id=\"5684f72\" data-element_type=\"widget\" data-e-type=\"widget\" data-widget_type=\"text-editor.default\">\n\t\t\t\t<div class=\"elementor-widget-container\">\n\t\t\t\t\t\t\t\t\t<h4><b>Informaci\u00f3n de Plataformas Digitales o Enlaces Web de Terceros<\/b><\/h4>\n<p><span style=\"font-weight: 400;\">Innovaryx no hace declaraci\u00f3n alguna respecto al contenido de Plataformas Digitales o enlaces web diferentes al Portal de Innovaryx, es decir, aliados estrat\u00e9gicos o terceros, por lo tanto, se informa que cuando el usuario acceda a una Plataforma Digital que no sea de Innovaryx, \u00e9ste \u00faltimo no tiene control sobre el contenido de dicha plataforma. El usuario acepta que Innovaryx no es responsable de ning\u00fan contenido, enlace asociado, recurso o servicio relacionado con la Plataforma Digital o enlace web de un aliado estrat\u00e9gico o terceros. As\u00ed mismo, el usuario acepta que Innovaryx no ser\u00e1 responsable de ninguna p\u00e9rdida o da\u00f1o de cualquier tipo que se derive del uso que se realice de los contenidos de un aliado estrat\u00e9gico o terceros. Los enlaces y accesos a Plataformas Digitales o enlaces web de aliados estrat\u00e9gicos o terceros incluidos en el Portal de Innovaryx, se proporcionan exclusivamente para enlazar o integrar servicios y soluciones que optimizan y ofrecen mejores comodidades para el usuario. Innovaryx no se hace responsable respecto a la informaci\u00f3n que se encuentra fuera del Portal de Innovaryx y no sea gestionada directamente por el administrador de \u00e9sta. Las conexiones externas que aparecen en el Portal de Innovaryx tienen como prop\u00f3sito unificar e informar al usuario sobre la existencia de otras funcionalidades y fuentes susceptibles de ampliar los contenidos que ofrece.<\/span><\/p>\t\t\t\t\t\t\t\t<\/div>\n\t\t\t\t<\/div>\n\t\t\t\t<div class=\"elementor-element elementor-element-7a807f4 elementor-widget elementor-widget-text-editor\" data-id=\"7a807f4\" data-element_type=\"widget\" data-e-type=\"widget\" data-widget_type=\"text-editor.default\">\n\t\t\t\t<div class=\"elementor-widget-container\">\n\t\t\t\t\t\t\t\t\t<h4><b>Licencia y No Licenciamiento<\/b><\/h4>\n<p><span style=\"font-weight: 400;\">A menos que se indique lo contrario, a Innovaryx o a sus licenciatarios, le pertenecen los derechos de propiedad intelectual del Portal Innovaryx, y los contenidos que se proporcionan a trav\u00e9s de esta plataforma, incluidos sitios web, microservicios, servicios, soluciones, aplicaciones existentes o futuras, y elementos como nuestros logotipos, API (Application Programming Interface), c\u00f3digo fuente, bases de datos. Usted no puede manipular estos elementos ni utilizarlos sin autorizaci\u00f3n. Nuestras Plataformas Digitales o sitios web, servicios y soluciones integrales est\u00e1n protegidos por derechos de autor y marca registrada. Nada le confiere el derecho a utilizar el nombre de Innovaryx, ni sus marcas registradas, logotipos, plantillas corporativas, nombres de dominio y otras caracter\u00edsticas distintivas de la marca Innovaryx. Todos los comentarios o sugerencias que proporcione en relaci\u00f3n con Innovaryx son completamente voluntarios, y tendremos total libertad para hacer uso de dichos comentarios y sugerencias de la manera que veamos conveniente y sin incurrir en ning\u00fan tipo de obligaci\u00f3n hacia Usted. El uso del Portal Innovaryx est\u00e1 sujeto a las restricciones establecidas en nuestra Pol\u00edtica de T\u00e9rminos y Condiciones. Se proh\u00edbe: a) El acceso, la manipulaci\u00f3n o el uso de \u00e1reas no p\u00fablicas del Portal Innovaryx, incluidos la arquitectura de aplicaciones, datos y tecnol\u00f3gica de Innovaryx. b) Desactivar, interferir o intentar burlar cualquiera de las funcionalidades del Portal Innovaryx relacionadas con la seguridad de la informaci\u00f3n, as\u00ed como explorar, analizar y probar la vulnerabilidad de nuestros sistemas de informaci\u00f3n. c) Copiar, modificar, crear un trabajo derivado, aplicar ingenier\u00eda inversa, desarmar o intentar de alguna otra forma descubrir cualquier c\u00f3digo fuente o contenido del Portal Innovaryx. d) Utilizar de cualquier forma los servicios y soluciones integrales de Innovaryx para para enviar informaci\u00f3n con identificaci\u00f3n de origen manipulada, enga\u00f1osa o falsa. e) Inferir o interrumpir el acceso al Portal Innovaryx a cualquier usuario. f) Vender, alquilar u otorgar una sublicencia del Portal Innovaryx. h) Reproducir, duplicar, copiar material o contenido desde el Portal Innovaryx. j) Redistribuir los contenidos de Innovaryx o de su Portal Innovaryx. Innovaryx no concede ninguna licencia o autorizaci\u00f3n de uso de ninguna clase, sobre sus derechos de propiedad intelectual (derechos de autor y propiedad industrial), imagen y dem\u00e1s distintivos, o sobre cualquier otra propiedad o derecho relacionado con el Portal Innovaryx, los servicios o los contenidos. El usuario no tiene derecho alguno de reventa, ni de uso comercial del Portal Innovaryx o sus contenidos, ni derecho alguno a copiar, ni utilizar lista alguna de servicios, soluciones, descripciones, precios u otra informaci\u00f3n alojada en el Portal Innovaryx. El uso del Portal Innovaryx no otorga ning\u00fan derecho excepto lo dispuesto en nuestra Pol\u00edtica de T\u00e9rminos y Condiciones o en los servicios y soluciones contratadas.<\/span><\/p>\t\t\t\t\t\t\t\t<\/div>\n\t\t\t\t<\/div>\n\t\t\t\t<div class=\"elementor-element elementor-element-53031f9 elementor-widget elementor-widget-text-editor\" data-id=\"53031f9\" data-element_type=\"widget\" data-e-type=\"widget\" data-widget_type=\"text-editor.default\">\n\t\t\t\t<div class=\"elementor-widget-container\">\n\t\t\t\t\t\t\t\t\t<h4>Propiedad Intelectual<\/h4>\n<p><span style=\"font-weight: 400;\">Innovaryx respeta los derechos de propiedad intelectual de nuestros proveedores de contenido, aliados estrat\u00e9gicos y terceros, y espera que nuestros usuarios hagan lo mismo cuando usen nuestros servicios y soluciones integrales. Nos reservamos el derecho de suspender, deshabilitar, o eliminar las cuentas de usuarios que infrinjan repetidamente o que sean acusados repetidamente de infringir los derechos de autor, las marcas registradas u otros derechos de propiedad intelectual de otros. Usar nuestros servicios no brinda titularidad de ning\u00fan derecho de propiedad intelectual de nuestros servicios, soluciones o del contenido al que acceda. Cualquier sugerencia, idea o comentario relacionado con nuestros servicios y soluciones ser\u00e1 siempre bienvenida. Cuando usted env\u00eda cualquier retroalimentaci\u00f3n, nos concede el derecho a usarla sin ning\u00fan tipo de restricci\u00f3n o de compensaci\u00f3n. Al aceptar su retroalimentaci\u00f3n, Innovaryx no renuncia al derecho de usar opiniones similares o relacionadas que se hayan publicado previamente en el Portal Innovryx, desarrolladas por sus usuarios, aliados estrat\u00e9gicos o terceros, u obtenidas de otras fuentes.<\/span><\/p>\n<h4><b>Derecho de Exclusi\u00f3n de Usuarios<\/b><\/h4>\n<p><span style=\"font-weight: 400;\">Innovaryx podr\u00e1 terminar o suspender de manera permanente o temporal su acceso al servicio sin previo aviso por cualquier raz\u00f3n, incluso si a nuestra sola determinaci\u00f3n, usted viola alguna disposici\u00f3n de nuestra Pol\u00edtica de T\u00e9rminos y Condiciones del Portal Innovaryx o cualquier Ley o regulaci\u00f3n aplicable. Innovaryx puede descontinuar el uso y solicitar cancelar su cuenta o cualquier servicio en cualquier momento. De igual forma se podr\u00e1n ejercer todas las acciones judiciales o administrativas que se encuentren a su disposici\u00f3n, para exigir las responsabilidades de cualquiera de las disposiciones de esta Pol\u00edtica de T\u00e9rminos y Condiciones del Portal Innovaryx, que se deriven del incumplimiento por parte de un usuario.<\/span><\/p>\t\t\t\t\t\t\t\t<\/div>\n\t\t\t\t<\/div>\n\t\t\t\t<div class=\"elementor-element elementor-element-b2cfc63 elementor-widget elementor-widget-text-editor\" data-id=\"b2cfc63\" data-element_type=\"widget\" data-e-type=\"widget\" data-widget_type=\"text-editor.default\">\n\t\t\t\t<div class=\"elementor-widget-container\">\n\t\t\t\t\t\t\t\t\t<h4><b>Limitaci\u00f3n y Exoneraci\u00f3n de Responsabilidad de Innovaryx<\/b><\/h4>\n<p><span style=\"font-weight: 400;\">Innovaryx no ser\u00e1 responsable por hechos ajenos a su voluntad, como tampoco por los da\u00f1os y perjuicios que pudieran ocasionarse mediante el uso de la informaci\u00f3n provista por medio del servicio, no se responsabiliza por cualquier da\u00f1o, perjuicio o p\u00e9rdida al Usuario causados por fallas en el sistema no imputables a la Empresa, en el servidor o en Internet. Tampoco ser\u00e1 responsable por cualquier virus que pudiera infectar el equipo del Usuario como consecuencia del acceso, o a ra\u00edz de cualquier transferencia de datos, archivos, im\u00e1genes, textos, o audios contenidos en el mismo. Los Usuarios NO podr\u00e1n imputar responsabilidad alguna ni exigir pago por lucro cesante, en virtud de perjuicios resultantes de dificultades t\u00e9cnicas o fallas en los sistemas o en Internet. Innovaryx no garantiza el acceso y uso continuado o ininterrumpido de su sitio. El sistema puede eventualmente no estar disponible debido a dificultades t\u00e9cnicas o fallas de Internet, o por cualquier otra circunstancia; en tales casos se procurar\u00e1 restablecerlo con la mayor celeridad posible, sin que por ello pueda imput\u00e1rsele alg\u00fan tipo de responsabilidad. Tampoco ser\u00e1 responsable por errores u omisiones de su plataforma, Innovaryx excluye, hasta donde permite la legislaci\u00f3n aplicable en la Rep\u00fablica de Colombia, cualquier responsabilidad por los da\u00f1os y perjuicios de toda naturaleza derivados de: a) La imposibilidad de acceso a la plataforma o la falta de veracidad, exactitud o actualidad de los contenidos, as\u00ed como la existencia de vicios y defectos de toda clase de los contenidos transmitidos, difundidos, almacenados, puestos a disposici\u00f3n a los que se haya accedido a trav\u00e9s de la plataforma o de los servicios que se ofrecen de manera tradicional o por medios electr\u00f3nicos. b) La presencia de virus o de otros elementos en los contenidos que puedan producir alteraciones en los sistemas inform\u00e1ticos, documentos electr\u00f3nicos o datos de los Usuarios. c) El incumplimiento de las Leyes, la buena fe, el orden p\u00fablico, los usos del tr\u00e1fico y los presentes t\u00e9rminos y condiciones como consecuencia del uso incorrecto de la plataforma. El Usuario acepta defender, indemnizar y eximir de toda responsabilidad a Innovaryx, sus empleados y\/o sus filiales (los &#8220;Indemnizados&#8221;) frente a cualquier reclamaci\u00f3n, gasto, responsabilidad, p\u00e9rdida, coste y da\u00f1o, incluidos los honorarios de los abogados, en el que incurran los Indemnizados, as\u00ed: i) En relaci\u00f3n con un uso de la plataforma o cualquiera de las p\u00e1ginas web con hiperv\u00ednculos en la plataforma que no est\u00e9 permitido o que no se ajuste a los fines perseguidos por Innovaryx o ii) Que se derive del contenido que el Usuario ha proporcionado. Innovaryx no garantiza ni asume, ning\u00fan tipo de responsabilidad por los da\u00f1os y perjuicios de toda clase que puedan deberse a: a) El funcionamiento, disponibilidad, accesibilidad o continuidad de los sitios enlazados; b) El mantenimiento de los servicios, informaci\u00f3n, datos, archivos, productos y cualquier clase de material existente en los sitios enlazados; c) La prestaci\u00f3n o transmisi\u00f3n de los servicios, informaci\u00f3n, datos, archivos, productos y cualquier clase de material existente en los sitios enlazados, de igual forma se excluye cualquier responsabilidad por los da\u00f1os y perjuicios de toda naturaleza que puedan deberse a la presencia de virus o a la presencia de otros elementos en los contenidos que puedan producir alteraciones en el sistema inform\u00e1tico, documentos electr\u00f3nicos o ficheros de los usuarios.<\/span><\/p>\t\t\t\t\t\t\t\t<\/div>\n\t\t\t\t<\/div>\n\t\t\t\t<div class=\"elementor-element elementor-element-00d7b0f elementor-widget elementor-widget-text-editor\" data-id=\"00d7b0f\" data-element_type=\"widget\" data-e-type=\"widget\" data-widget_type=\"text-editor.default\">\n\t\t\t\t<div class=\"elementor-widget-container\">\n\t\t\t\t\t\t\t\t\t<h4><b>Ley Aplicable y Jurisdicci\u00f3n<\/b><\/h4>\n<p><span style=\"font-weight: 400;\">Las pol\u00edticas y condiciones de acceso y uso aqu\u00ed establecidas, y los conflictos que puedan surgir respecto de su interpretaci\u00f3n, uso, alcance y terminaci\u00f3n, podr\u00e1n ser dirimidos a trav\u00e9s de un centro de conciliaci\u00f3n en primera instancia y de no ser posible su concertaci\u00f3n, se regir\u00e1n por la Ley Colombiana y se someter\u00e1n a los Jueces y Tribunales Colombianos. Las p\u00e1ginas en Internet, su dise\u00f1o y presentaci\u00f3n gr\u00e1fica est\u00e1n amparadas por las disposiciones de la Ley 23 de 1982, art\u00edculos 12 y 30 y la Decisi\u00f3n 351 del Acuerdo de Cartagena (para el caso colombiano) y por las disposiciones del copyright Act. de 1976 de Estados Unidos de Am\u00e9rica.<\/span><\/p>\n<h4><b>Acciones en Caso de Incumplimiento<\/b><\/h4>\n<p><span style=\"font-weight: 400;\">Innovaryx podr\u00e1 ejercer acciones legales de cualquier \u00edndole, para exigir la responsabilidad en cabeza del usuario que se originen por el incumplimiento de estos t\u00e9rminos y condiciones.<\/span><\/p>\n<h4><b>Notificaciones<\/b><\/h4>\n<p><span style=\"font-weight: 400;\">Las comunicaciones y notificaciones deber\u00e1n ser remitidas al correo electr\u00f3nico: management@innovaryx.com<\/span><\/p>\n<h4><b>Aviso de Privacidad<\/b><\/h4>\n<p><span style=\"font-weight: 400;\">Todos los datos registrados en el Portal Innovaryx ser\u00e1n tratados para los fines propios de la recolecci\u00f3n atendiendo lo dispuesto en la Pol\u00edtica de Privacidad de Datos de Innovaryx. En cumplimiento de la normativa vigente, se han adoptado las medidas t\u00e9cnicas de seguridad y confidencialidad apropiadas, con el objetivo de evitar la alteraci\u00f3n, p\u00e9rdida, el tratamiento o accesos no autorizados que puedan afectar a la integridad, confidencialidad y disponibilidad de los datos personales.<\/span><\/p>\t\t\t\t\t\t\t\t<\/div>\n\t\t\t\t<\/div>\n\t\t\t\t\t<\/div>\n\t\t\t\t<\/div>\n\t\t\t\t<\/div>\n\t\t","protected":false},"excerpt":{"rendered":"<p>POL\u00cdTICA DE T\u00c9RMINOS Y CONDICIONES Fecha de entrada en vigencia: 1 de enero de 2024. Informaci\u00f3n importante: Esta plataforma es propiedad de Innovaryx, la cual pone a disposici\u00f3n de los usuarios estos t\u00e9rminos y condiciones los cuales describen las reglas y regulaciones para el uso de la plataforma, en consecuencia, al dar acepto a la [&hellip;]<\/p>\n","protected":false},"author":1,"featured_media":0,"parent":0,"menu_order":0,"comment_status":"closed","ping_status":"closed","template":"","meta":{"footnotes":""},"class_list":["post-3","page","type-page","status-publish","hentry"],"blocksy_meta":[],"aioseo_notices":[],"_links":{"self":[{"href":"https:\/\/innovaryx.com\/es\/wp-json\/wp\/v2\/pages\/3","targetHints":{"allow":["GET"]}}],"collection":[{"href":"https:\/\/innovaryx.com\/es\/wp-json\/wp\/v2\/pages"}],"about":[{"href":"https:\/\/innovaryx.com\/es\/wp-json\/wp\/v2\/types\/page"}],"author":[{"embeddable":true,"href":"https:\/\/innovaryx.com\/es\/wp-json\/wp\/v2\/users\/1"}],"replies":[{"embeddable":true,"href":"https:\/\/innovaryx.com\/es\/wp-json\/wp\/v2\/comments?post=3"}],"version-history":[{"count":14,"href":"https:\/\/innovaryx.com\/es\/wp-json\/wp\/v2\/pages\/3\/revisions"}],"predecessor-version":[{"id":2671,"href":"https:\/\/innovaryx.com\/es\/wp-json\/wp\/v2\/pages\/3\/revisions\/2671"}],"wp:attachment":[{"href":"https:\/\/innovaryx.com\/es\/wp-json\/wp\/v2\/media?parent=3"}],"curies":[{"name":"wp","href":"https:\/\/api.w.org\/{rel}","templated":true}]}}