{"id":785,"date":"2022-06-09T16:32:01","date_gmt":"2022-06-09T16:32:01","guid":{"rendered":"https:\/\/startersites.io\/elementor\/persona\/?page_id=785"},"modified":"2026-01-06T23:37:23","modified_gmt":"2026-01-06T23:37:23","slug":"contacto","status":"publish","type":"page","link":"https:\/\/innovaryx.com\/es\/contacto\/","title":{"rendered":"Contacto"},"content":{"rendered":"\t\t<div data-elementor-type=\"wp-page\" data-elementor-id=\"785\" class=\"elementor elementor-785\">\n\t\t\t\t<div class=\"elementor-element elementor-element-5de7c9c e-flex e-con-boxed e-con e-parent\" data-id=\"5de7c9c\" data-element_type=\"container\" data-e-type=\"container\">\n\t\t\t\t\t<div class=\"e-con-inner\">\n\t\t\t\t<div class=\"elementor-element elementor-element-3b46e28 elementor-widget__width-initial elementor-widget elementor-widget-image\" data-id=\"3b46e28\" data-element_type=\"widget\" data-e-type=\"widget\" data-widget_type=\"image.default\">\n\t\t\t\t<div class=\"elementor-widget-container\">\n\t\t\t\t\t\t\t\t\t\t\t\t\t\t\t<img fetchpriority=\"high\" decoding=\"async\" width=\"600\" height=\"800\" src=\"http:\/\/innovaryx.com\/wp-content\/uploads\/2024\/05\/contacto-innovaryx.jpg\" class=\"attachment-large size-large wp-image-1970\" alt=\"\" srcset=\"http:\/\/innovaryx.com\/wp-content\/uploads\/2024\/05\/contacto-innovaryx.jpg 600w, http:\/\/innovaryx.com\/wp-content\/uploads\/2024\/05\/contacto-innovaryx-225x300.jpg 225w, http:\/\/innovaryx.com\/wp-content\/uploads\/2024\/05\/contacto-innovaryx-9x12.jpg 9w\" sizes=\"(max-width: 600px) 100vw, 600px\" \/>\t\t\t\t\t\t\t\t\t\t\t\t\t\t\t<\/div>\n\t\t\t\t<\/div>\n\t\t<div class=\"elementor-element elementor-element-90ca26a e-con-full e-flex e-con e-child\" data-id=\"90ca26a\" data-element_type=\"container\" data-e-type=\"container\">\n\t\t\t\t<div class=\"elementor-element elementor-element-4e83451 elementor-widget elementor-widget-heading\" data-id=\"4e83451\" data-element_type=\"widget\" data-e-type=\"widget\" data-widget_type=\"heading.default\">\n\t\t\t\t<div class=\"elementor-widget-container\">\n\t\t\t\t\t<h2 class=\"elementor-heading-title elementor-size-default\">\u00a1Estamos aqu\u00ed para ayudarte! <br \/>Cu\u00e9ntanos tu idea<\/h2>\t\t\t\t<\/div>\n\t\t\t\t<\/div>\n\t\t\t\t<div class=\"elementor-element elementor-element-9fcb348 elementor-widget elementor-widget-wpforms\" data-id=\"9fcb348\" data-element_type=\"widget\" data-e-type=\"widget\" data-no-translation=\"\" data-widget_type=\"wpforms.default\">\n\t\t\t\t<div class=\"elementor-widget-container\">\n\t\t\t\t\t<div class=\"wpforms-container wpforms-render-modern\" id=\"wpforms-378\"><form id=\"wpforms-form-378\" class=\"wpforms-validate wpforms-form wpforms-ajax-form\" data-formid=\"378\" method=\"post\" enctype=\"multipart\/form-data\" action=\"\/es\/wp-json\/wp\/v2\/pages\/785\" data-token=\"8b143bbe07344bd6edba476b5f0811d3\" data-token-time=\"1777668586\"><noscript class=\"wpforms-error-noscript\">Por favor, activa JavaScript en tu navegador para completar este formulario.<\/noscript><div id=\"wpforms-error-noscript\" style=\"display: none;\">Por favor, activa JavaScript en tu navegador para completar este formulario.<\/div><div class=\"wpforms-field-container\"><div id=\"wpforms-378-field_0-container\" class=\"wpforms-field wpforms-field-name\" data-field-id=\"0\"><label class=\"wpforms-field-label\" for=\"wpforms-378-field_0\">Nombre <span class=\"wpforms-required-label\" aria-hidden=\"true\">*<\/span><\/label><input type=\"text\" id=\"wpforms-378-field_0\" class=\"wpforms-field-large wpforms-field-required\" name=\"wpforms[fields][0]\" placeholder=\"Nombre completo\" aria-errormessage=\"wpforms-378-field_0-error\" required><\/div><div id=\"wpforms-378-field_1-container\" class=\"wpforms-field wpforms-field-email\" data-field-id=\"1\"><label class=\"wpforms-field-label\" for=\"wpforms-378-field_1\">E-mail <span class=\"wpforms-required-label\" aria-hidden=\"true\">*<\/span><\/label><input type=\"email\" id=\"wpforms-378-field_1\" class=\"wpforms-field-large wpforms-field-required\" name=\"wpforms[fields][1]\" placeholder=\"Direcci\u00f3n de Email\" spellcheck=\"false\" aria-errormessage=\"wpforms-378-field_1-error\" required><\/div><div id=\"wpforms-378-field_6-container\" class=\"wpforms-field wpforms-field-select wpforms-field-select-style-classic\" data-field-id=\"6\"><label class=\"wpforms-field-label\" for=\"wpforms-378-field_6\">Pa\u00eds <span class=\"wpforms-required-label\" aria-hidden=\"true\">*<\/span><\/label><select id=\"wpforms-378-field_6\" class=\"wpforms-field-large wpforms-field-required\" name=\"wpforms[fields][6]\" required=\"required\"><option value=\"Colombia\"  class=\"choice-45 depth-1\"  >Colombia<\/option><option value=\"Afganist\u00e1n\"  class=\"choice-4 depth-1\"  >Afganist\u00e1n<\/option><option value=\"Albania\"  class=\"choice-5 depth-1\"  >Albania<\/option><option value=\"Alemania\"  class=\"choice-6 depth-1\"  >Alemania<\/option><option value=\"Andorra\"  class=\"choice-7 depth-1\"  >Andorra<\/option><option value=\"Angola\"  class=\"choice-8 depth-1\"  >Angola<\/option><option value=\"Antigua y Barbuda\"  class=\"choice-9 depth-1\"  >Antigua y Barbuda<\/option><option value=\"Arabia Saudita\"  class=\"choice-10 depth-1\"  >Arabia Saudita<\/option><option value=\"Argelia\"  class=\"choice-11 depth-1\"  >Argelia<\/option><option value=\"Argentina\"  class=\"choice-12 depth-1\"  >Argentina<\/option><option value=\"Armenia\"  class=\"choice-13 depth-1\"  >Armenia<\/option><option value=\"Australia\"  class=\"choice-14 depth-1\"  >Australia<\/option><option value=\"Austria\"  class=\"choice-15 depth-1\"  >Austria<\/option><option value=\"Azerbaiy\u00e1n\"  class=\"choice-16 depth-1\"  >Azerbaiy\u00e1n<\/option><option value=\"Bahamas\"  class=\"choice-17 depth-1\"  >Bahamas<\/option><option value=\"Banglad\u00e9s\"  class=\"choice-18 depth-1\"  >Banglad\u00e9s<\/option><option value=\"Barbados\"  class=\"choice-19 depth-1\"  >Barbados<\/option><option value=\"Bar\u00e9in\"  class=\"choice-20 depth-1\"  >Bar\u00e9in<\/option><option value=\"B\u00e9lgica\"  class=\"choice-21 depth-1\"  >B\u00e9lgica<\/option><option value=\"Belice\"  class=\"choice-22 depth-1\"  >Belice<\/option><option value=\"Ben\u00edn\"  class=\"choice-23 depth-1\"  >Ben\u00edn<\/option><option value=\"Bielorrusia\"  class=\"choice-24 depth-1\"  >Bielorrusia<\/option><option value=\"Birmania\"  class=\"choice-25 depth-1\"  >Birmania<\/option><option value=\"Bolivia\"  class=\"choice-26 depth-1\"  >Bolivia<\/option><option value=\"Bosnia y Herzegovina\"  class=\"choice-27 depth-1\"  >Bosnia y Herzegovina<\/option><option value=\"Botsuana\"  class=\"choice-28 depth-1\"  >Botsuana<\/option><option value=\"Brasil\"  class=\"choice-29 depth-1\"  >Brasil<\/option><option value=\"Brun\u00e9i\"  class=\"choice-30 depth-1\"  >Brun\u00e9i<\/option><option value=\"Bulgaria\"  class=\"choice-31 depth-1\"  >Bulgaria<\/option><option value=\"Burkina Faso\"  class=\"choice-32 depth-1\"  >Burkina Faso<\/option><option value=\"Burundi\"  class=\"choice-33 depth-1\"  >Burundi<\/option><option value=\"But\u00e1n\"  class=\"choice-34 depth-1\"  >But\u00e1n<\/option><option value=\"Cabo Verde\"  class=\"choice-35 depth-1\"  >Cabo Verde<\/option><option value=\"Camboya\"  class=\"choice-36 depth-1\"  >Camboya<\/option><option value=\"Camer\u00fan\"  class=\"choice-37 depth-1\"  >Camer\u00fan<\/option><option value=\"Canad\u00e1\"  class=\"choice-38 depth-1\"  >Canad\u00e1<\/option><option value=\"Catar\"  class=\"choice-39 depth-1\"  >Catar<\/option><option value=\"Chad\"  class=\"choice-40 depth-1\"  >Chad<\/option><option value=\"Chile\"  class=\"choice-41 depth-1\"  >Chile<\/option><option value=\"China\"  class=\"choice-42 depth-1\"  >China<\/option><option value=\"Chipre\"  class=\"choice-43 depth-1\"  >Chipre<\/option><option value=\"Ciudad del Vaticano\"  class=\"choice-44 depth-1\"  >Ciudad del Vaticano<\/option><option value=\"Comoras\"  class=\"choice-46 depth-1\"  >Comoras<\/option><option value=\"Corea del Norte\"  class=\"choice-47 depth-1\"  >Corea del Norte<\/option><option value=\"Corea del Sur\"  class=\"choice-48 depth-1\"  >Corea del Sur<\/option><option value=\"Costa de Marfil\"  class=\"choice-49 depth-1\"  >Costa de Marfil<\/option><option value=\"Costa Rica\"  class=\"choice-50 depth-1\"  >Costa Rica<\/option><option value=\"Croacia\"  class=\"choice-51 depth-1\"  >Croacia<\/option><option value=\"Cuba\"  class=\"choice-52 depth-1\"  >Cuba<\/option><option value=\"Dinamarca\"  class=\"choice-53 depth-1\"  >Dinamarca<\/option><option value=\"Dominica\"  class=\"choice-54 depth-1\"  >Dominica<\/option><option value=\"Ecuador\"  class=\"choice-55 depth-1\"  >Ecuador<\/option><option value=\"Egipto\"  class=\"choice-56 depth-1\"  >Egipto<\/option><option value=\"El Salvador\"  class=\"choice-57 depth-1\"  >El Salvador<\/option><option value=\"Emiratos \u00c1rabes Unidos\"  class=\"choice-58 depth-1\"  >Emiratos \u00c1rabes Unidos<\/option><option value=\"Eritrea\"  class=\"choice-59 depth-1\"  >Eritrea<\/option><option value=\"Eslovaquia\"  class=\"choice-60 depth-1\"  >Eslovaquia<\/option><option value=\"Eslovenia\"  class=\"choice-61 depth-1\"  >Eslovenia<\/option><option value=\"Espa\u00f1a\"  class=\"choice-62 depth-1\"  >Espa\u00f1a<\/option><option value=\"Estados Unidos\"  class=\"choice-63 depth-1\"  >Estados Unidos<\/option><option value=\"Estonia\"  class=\"choice-64 depth-1\"  >Estonia<\/option><option value=\"Esuatini\"  class=\"choice-65 depth-1\"  >Esuatini<\/option><option value=\"Etiop\u00eda\"  class=\"choice-66 depth-1\"  >Etiop\u00eda<\/option><option value=\"Filipinas\"  class=\"choice-67 depth-1\"  >Filipinas<\/option><option value=\"Finlandia\"  class=\"choice-68 depth-1\"  >Finlandia<\/option><option value=\"Fiyi\"  class=\"choice-69 depth-1\"  >Fiyi<\/option><option value=\"Francia\"  class=\"choice-70 depth-1\"  >Francia<\/option><option value=\"Gab\u00f3n\"  class=\"choice-71 depth-1\"  >Gab\u00f3n<\/option><option value=\"Gambia\"  class=\"choice-72 depth-1\"  >Gambia<\/option><option value=\"Georgia\"  class=\"choice-73 depth-1\"  >Georgia<\/option><option value=\"Ghana\"  class=\"choice-74 depth-1\"  >Ghana<\/option><option value=\"Granada\"  class=\"choice-75 depth-1\"  >Granada<\/option><option value=\"Grecia\"  class=\"choice-76 depth-1\"  >Grecia<\/option><option value=\"Guatemala\"  class=\"choice-77 depth-1\"  >Guatemala<\/option><option value=\"Guinea\"  class=\"choice-78 depth-1\"  >Guinea<\/option><option value=\"Guinea-Bis\u00e1u\"  class=\"choice-79 depth-1\"  >Guinea-Bis\u00e1u<\/option><option value=\"Guinea Ecuatorial\"  class=\"choice-80 depth-1\"  >Guinea Ecuatorial<\/option><option value=\"Guyana\"  class=\"choice-81 depth-1\"  >Guyana<\/option><option value=\"Hait\u00ed\"  class=\"choice-82 depth-1\"  >Hait\u00ed<\/option><option value=\"Honduras\"  class=\"choice-83 depth-1\"  >Honduras<\/option><option value=\"Hungr\u00eda\"  class=\"choice-84 depth-1\"  >Hungr\u00eda<\/option><option value=\"India\"  class=\"choice-85 depth-1\"  >India<\/option><option value=\"Indonesia\"  class=\"choice-86 depth-1\"  >Indonesia<\/option><option value=\"Irak\"  class=\"choice-87 depth-1\"  >Irak<\/option><option value=\"Ir\u00e1n\"  class=\"choice-88 depth-1\"  >Ir\u00e1n<\/option><option value=\"Irlanda\"  class=\"choice-89 depth-1\"  >Irlanda<\/option><option value=\"Islandia\"  class=\"choice-90 depth-1\"  >Islandia<\/option><option value=\"Islas Marshall\"  class=\"choice-91 depth-1\"  >Islas Marshall<\/option><option value=\"Islas Salom\u00f3n\"  class=\"choice-92 depth-1\"  >Islas Salom\u00f3n<\/option><option value=\"Israel\"  class=\"choice-93 depth-1\"  >Israel<\/option><option value=\"Italia\"  class=\"choice-94 depth-1\"  >Italia<\/option><option value=\"Jamaica\"  class=\"choice-95 depth-1\"  >Jamaica<\/option><option value=\"Jap\u00f3n\"  class=\"choice-96 depth-1\"  >Jap\u00f3n<\/option><option value=\"Jordania\"  class=\"choice-97 depth-1\"  >Jordania<\/option><option value=\"Kazajist\u00e1n\"  class=\"choice-98 depth-1\"  >Kazajist\u00e1n<\/option><option value=\"Kenia\"  class=\"choice-99 depth-1\"  >Kenia<\/option><option value=\"Kirguist\u00e1n\"  class=\"choice-100 depth-1\"  >Kirguist\u00e1n<\/option><option value=\"Kiribati\"  class=\"choice-101 depth-1\"  >Kiribati<\/option><option value=\"Kuwait\"  class=\"choice-102 depth-1\"  >Kuwait<\/option><option value=\"Laos\"  class=\"choice-103 depth-1\"  >Laos<\/option><option value=\"Lesoto\"  class=\"choice-104 depth-1\"  >Lesoto<\/option><option value=\"Letonia\"  class=\"choice-105 depth-1\"  >Letonia<\/option><option value=\"L\u00edbano\"  class=\"choice-106 depth-1\"  >L\u00edbano<\/option><option value=\"Liberia\"  class=\"choice-107 depth-1\"  >Liberia<\/option><option value=\"Libia\"  class=\"choice-108 depth-1\"  >Libia<\/option><option value=\"Liechtenstein\"  class=\"choice-109 depth-1\"  >Liechtenstein<\/option><option value=\"Lituania\"  class=\"choice-110 depth-1\"  >Lituania<\/option><option value=\"Luxemburgo\"  class=\"choice-111 depth-1\"  >Luxemburgo<\/option><option value=\"Madagascar\"  class=\"choice-112 depth-1\"  >Madagascar<\/option><option value=\"Malasia\"  class=\"choice-113 depth-1\"  >Malasia<\/option><option value=\"Malaui\"  class=\"choice-114 depth-1\"  >Malaui<\/option><option value=\"Maldivas\"  class=\"choice-115 depth-1\"  >Maldivas<\/option><option value=\"Mali\"  class=\"choice-116 depth-1\"  >Mali<\/option><option value=\"Malta\"  class=\"choice-117 depth-1\"  >Malta<\/option><option value=\"Marruecos\"  class=\"choice-118 depth-1\"  >Marruecos<\/option><option value=\"Mauricio\"  class=\"choice-119 depth-1\"  >Mauricio<\/option><option value=\"Mauritania\"  class=\"choice-120 depth-1\"  >Mauritania<\/option><option value=\"M\u00e9xico\"  class=\"choice-121 depth-1\"  >M\u00e9xico<\/option><option value=\"Micronesia\"  class=\"choice-122 depth-1\"  >Micronesia<\/option><option value=\"Moldavia\"  class=\"choice-123 depth-1\"  >Moldavia<\/option><option value=\"M\u00f3naco\"  class=\"choice-124 depth-1\"  >M\u00f3naco<\/option><option value=\"Mongolia\"  class=\"choice-125 depth-1\"  >Mongolia<\/option><option value=\"Montenegro\"  class=\"choice-126 depth-1\"  >Montenegro<\/option><option value=\"Mozambique\"  class=\"choice-127 depth-1\"  >Mozambique<\/option><option value=\"Namibia\"  class=\"choice-128 depth-1\"  >Namibia<\/option><option value=\"Nauru\"  class=\"choice-129 depth-1\"  >Nauru<\/option><option value=\"Nepal\"  class=\"choice-130 depth-1\"  >Nepal<\/option><option value=\"Nicaragua\"  class=\"choice-131 depth-1\"  >Nicaragua<\/option><option value=\"N\u00edger\"  class=\"choice-132 depth-1\"  >N\u00edger<\/option><option value=\"Nigeria\"  class=\"choice-133 depth-1\"  >Nigeria<\/option><option value=\"Noruega\"  class=\"choice-134 depth-1\"  >Noruega<\/option><option value=\"Nueva Zelanda\"  class=\"choice-135 depth-1\"  >Nueva Zelanda<\/option><option value=\"Om\u00e1n\"  class=\"choice-136 depth-1\"  >Om\u00e1n<\/option><option value=\"Pa\u00edses Bajos\"  class=\"choice-137 depth-1\"  >Pa\u00edses Bajos<\/option><option value=\"Pakist\u00e1n\"  class=\"choice-138 depth-1\"  >Pakist\u00e1n<\/option><option value=\"Palaos\"  class=\"choice-139 depth-1\"  >Palaos<\/option><option value=\"Panam\u00e1\"  class=\"choice-140 depth-1\"  >Panam\u00e1<\/option><option value=\"Pap\u00faa Nueva Guinea\"  class=\"choice-141 depth-1\"  >Pap\u00faa Nueva Guinea<\/option><option value=\"Paraguay\"  class=\"choice-142 depth-1\"  >Paraguay<\/option><option value=\"Per\u00fa\"  class=\"choice-143 depth-1\"  >Per\u00fa<\/option><option value=\"Polonia\"  class=\"choice-144 depth-1\"  >Polonia<\/option><option value=\"Portugal\"  class=\"choice-145 depth-1\"  >Portugal<\/option><option value=\"Reino Unido\"  class=\"choice-146 depth-1\"  >Reino Unido<\/option><option value=\"Rep\u00fablica Centroafricana\"  class=\"choice-147 depth-1\"  >Rep\u00fablica Centroafricana<\/option><option value=\"Rep\u00fablica Checa\"  class=\"choice-148 depth-1\"  >Rep\u00fablica Checa<\/option><option value=\"Rep\u00fablica del Congo\"  class=\"choice-149 depth-1\"  >Rep\u00fablica del Congo<\/option><option value=\"Rep\u00fablica Democr\u00e1tica del Congo\"  class=\"choice-150 depth-1\"  >Rep\u00fablica Democr\u00e1tica del Congo<\/option><option value=\"Rep\u00fablica Dominicana\"  class=\"choice-151 depth-1\"  >Rep\u00fablica Dominicana<\/option><option value=\"Ruanda\"  class=\"choice-152 depth-1\"  >Ruanda<\/option><option value=\"Rumania\"  class=\"choice-153 depth-1\"  >Rumania<\/option><option value=\"Rusia\"  class=\"choice-154 depth-1\"  >Rusia<\/option><option value=\"Samoa\"  class=\"choice-155 depth-1\"  >Samoa<\/option><option value=\"San Crist\u00f3bal y Nieves\"  class=\"choice-156 depth-1\"  >San Crist\u00f3bal y Nieves<\/option><option value=\"San Marino\"  class=\"choice-157 depth-1\"  >San Marino<\/option><option value=\"San Vicente y las Granadinas\"  class=\"choice-158 depth-1\"  >San Vicente y las Granadinas<\/option><option value=\"Santa Luc\u00eda\"  class=\"choice-159 depth-1\"  >Santa Luc\u00eda<\/option><option value=\"Santo Tom\u00e9 y Pr\u00edncipe\"  class=\"choice-160 depth-1\"  >Santo Tom\u00e9 y Pr\u00edncipe<\/option><option value=\"Senegal\"  class=\"choice-161 depth-1\"  >Senegal<\/option><option value=\"Serbia\"  class=\"choice-162 depth-1\"  >Serbia<\/option><option value=\"Seychelles\"  class=\"choice-163 depth-1\"  >Seychelles<\/option><option value=\"Sierra Leona\"  class=\"choice-164 depth-1\"  >Sierra Leona<\/option><option value=\"Singapur\"  class=\"choice-165 depth-1\"  >Singapur<\/option><option value=\"Siria\"  class=\"choice-166 depth-1\"  >Siria<\/option><option value=\"Somalia\"  class=\"choice-167 depth-1\"  >Somalia<\/option><option value=\"Sri Lanka\"  class=\"choice-168 depth-1\"  >Sri Lanka<\/option><option value=\"Sud\u00e1frica\"  class=\"choice-169 depth-1\"  >Sud\u00e1frica<\/option><option value=\"Sud\u00e1n\"  class=\"choice-170 depth-1\"  >Sud\u00e1n<\/option><option value=\"Sud\u00e1n del Sur\"  class=\"choice-171 depth-1\"  >Sud\u00e1n del Sur<\/option><option value=\"Suecia\"  class=\"choice-172 depth-1\"  >Suecia<\/option><option value=\"Suiza\"  class=\"choice-173 depth-1\"  >Suiza<\/option><option value=\"Surinam\"  class=\"choice-174 depth-1\"  >Surinam<\/option><option value=\"Tailandia\"  class=\"choice-175 depth-1\"  >Tailandia<\/option><option value=\"Tanzania\"  class=\"choice-176 depth-1\"  >Tanzania<\/option><option value=\"Tayikist\u00e1n\"  class=\"choice-177 depth-1\"  >Tayikist\u00e1n<\/option><option value=\"Timor Oriental\"  class=\"choice-178 depth-1\"  >Timor Oriental<\/option><option value=\"Togo\"  class=\"choice-179 depth-1\"  >Togo<\/option><option value=\"Tonga\"  class=\"choice-180 depth-1\"  >Tonga<\/option><option value=\"Trinidad y Tobago\"  class=\"choice-181 depth-1\"  >Trinidad y Tobago<\/option><option value=\"T\u00fanez\"  class=\"choice-182 depth-1\"  >T\u00fanez<\/option><option value=\"Turkmenist\u00e1n\"  class=\"choice-183 depth-1\"  >Turkmenist\u00e1n<\/option><option value=\"Turqu\u00eda\"  class=\"choice-184 depth-1\"  >Turqu\u00eda<\/option><option value=\"Tuvalu\"  class=\"choice-185 depth-1\"  >Tuvalu<\/option><option value=\"Ucrania\"  class=\"choice-186 depth-1\"  >Ucrania<\/option><option value=\"Uganda\"  class=\"choice-187 depth-1\"  >Uganda<\/option><option value=\"Uruguay\"  class=\"choice-188 depth-1\"  >Uruguay<\/option><option value=\"Uzbekist\u00e1n\"  class=\"choice-189 depth-1\"  >Uzbekist\u00e1n<\/option><option value=\"Vanuatu\"  class=\"choice-190 depth-1\"  >Vanuatu<\/option><option value=\"Venezuela\"  class=\"choice-191 depth-1\"  >Venezuela<\/option><option value=\"Vietnam\"  class=\"choice-192 depth-1\"  >Vietnam<\/option><option value=\"Yemen\"  class=\"choice-193 depth-1\"  >Yemen<\/option><option value=\"Yibuti\"  class=\"choice-194 depth-1\"  >Yibuti<\/option><option value=\"Zambia\"  class=\"choice-195 depth-1\"  >Zambia<\/option><option value=\"Zimbabue\"  class=\"choice-196 depth-1\"  >Zimbabue<\/option><\/select><\/div><div id=\"wpforms-378-field_8-container\" class=\"wpforms-field wpforms-field-text\" data-field-id=\"8\"><label class=\"wpforms-field-label\" for=\"wpforms-378-field_8\">Tel\u00e9fono <span class=\"wpforms-required-label\" aria-hidden=\"true\">*<\/span><\/label><input type=\"text\" id=\"wpforms-378-field_8\" class=\"wpforms-field-large wpforms-field-required\" name=\"wpforms[fields][8]\" placeholder=\"N\u00famero de tel\u00e9fono completo\" aria-errormessage=\"wpforms-378-field_8-error\" required><\/div><div id=\"wpforms-378-field_2-container\" class=\"wpforms-field wpforms-field-textarea\" data-field-id=\"2\"><label class=\"wpforms-field-label\" for=\"wpforms-378-field_2\">Mensaje<\/label><textarea id=\"wpforms-378-field_2\" class=\"wpforms-field-medium\" name=\"wpforms[fields][2]\" placeholder=\"D\u00e9janos tu mensaje\" aria-errormessage=\"wpforms-378-field_2-error\" ><\/textarea><\/div><\/div><!-- .wpforms-field-container --><div class=\"wpforms-recaptcha-container wpforms-is-recaptcha wpforms-is-recaptcha-type-v3\" ><input type=\"hidden\" name=\"wpforms[recaptcha]\" value=\"\"><\/div><div class=\"wpforms-submit-container\" ><input type=\"hidden\" name=\"wpforms[id]\" value=\"378\"><input type=\"hidden\" name=\"page_title\" value=\"\"><input type=\"hidden\" name=\"page_url\" value=\"https:\/\/innovaryx.com\/es\/wp-json\/wp\/v2\/pages\/785\"><input type=\"hidden\" name=\"url_referer\" value=\"\"><button type=\"submit\" name=\"wpforms[submit]\" id=\"wpforms-submit-378\" class=\"wpforms-submit\" data-alt-text=\"Enviando...\" data-submit-text=\"Enviar Mensaje\" aria-live=\"assertive\" value=\"wpforms-submit\">Enviar Mensaje<\/button><img decoding=\"async\" src=\"https:\/\/innovaryx.com\/wp-content\/plugins\/wpforms-lite\/assets\/images\/submit-spin.svg\" class=\"wpforms-submit-spinner\" style=\"display: none;\" width=\"26\" height=\"26\" alt=\"Cargando\"><\/div><\/form><\/div>  <!-- .wpforms-container -->\t\t\t\t<\/div>\n\t\t\t\t<\/div>\n\t\t\t\t<div class=\"elementor-element elementor-element-9d82ba4 elementor-widget elementor-widget-wpforms\" data-id=\"9d82ba4\" data-element_type=\"widget\" data-e-type=\"widget\" data-no-translation=\"\" data-widget_type=\"wpforms.default\">\n\t\t\t\t<div class=\"elementor-widget-container\">\n\t\t\t\t\t<style>.elementor-element-9d82ba4{display:none !important}<\/style>\t\t\t\t<\/div>\n\t\t\t\t<\/div>\n\t\t\t\t<\/div>\n\t\t\t\t\t<\/div>\n\t\t\t\t<\/div>\n\t\t\t\t<\/div>\n\t\t","protected":false},"excerpt":{"rendered":"<p>\u00a1Estamos aqu\u00ed para ayudarte! Cu\u00e9ntanos tu idea Por favor, activa JavaScript en tu navegador para completar este formulario.Por favor, activa JavaScript en tu navegador para completar este formulario.Nombre *E-mail *Pa\u00eds *ColombiaAfganist\u00e1nAlbaniaAlemaniaAndorraAngolaAntigua y BarbudaArabia SauditaArgeliaArgentinaArmeniaAustraliaAustriaAzerbaiy\u00e1nBahamasBanglad\u00e9sBarbadosBar\u00e9inB\u00e9lgicaBeliceBen\u00ednBielorrusiaBirmaniaBoliviaBosnia y HerzegovinaBotsuanaBrasilBrun\u00e9iBulgariaBurkina FasoBurundiBut\u00e1nCabo VerdeCamboyaCamer\u00fanCanad\u00e1CatarChadChileChinaChipreCiudad del VaticanoComorasCorea del NorteCorea del SurCosta de MarfilCosta RicaCroaciaCubaDinamarcaDominicaEcuadorEgiptoEl SalvadorEmiratos \u00c1rabes UnidosEritreaEslovaquiaEsloveniaEspa\u00f1aEstados UnidosEstoniaEsuatiniEtiop\u00edaFilipinasFinlandiaFiyiFranciaGab\u00f3nGambiaGeorgiaGhanaGranadaGreciaGuatemalaGuineaGuinea-Bis\u00e1uGuinea EcuatorialGuyanaHait\u00edHondurasHungr\u00edaIndiaIndonesiaIrakIr\u00e1nIrlandaIslandiaIslas MarshallIslas Salom\u00f3nIsraelItaliaJamaicaJap\u00f3nJordaniaKazajist\u00e1nKeniaKirguist\u00e1nKiribatiKuwaitLaosLesotoLetoniaL\u00edbanoLiberiaLibiaLiechtensteinLituaniaLuxemburgoMadagascarMalasiaMalauiMaldivasMaliMaltaMarruecosMauricioMauritaniaM\u00e9xicoMicronesiaMoldaviaM\u00f3nacoMongoliaMontenegroMozambiqueNamibiaNauruNepalNicaraguaN\u00edgerNigeriaNoruegaNueva ZelandaOm\u00e1nPa\u00edses [&hellip;]<\/p>\n","protected":false},"author":1,"featured_media":0,"parent":0,"menu_order":0,"comment_status":"closed","ping_status":"closed","template":"","meta":{"footnotes":""},"class_list":["post-785","page","type-page","status-publish","hentry"],"blocksy_meta":{"styles_descriptor":{"styles":{"desktop":"","tablet":"","mobile":""},"google_fonts":[],"version":6}},"aioseo_notices":[],"_links":{"self":[{"href":"https:\/\/innovaryx.com\/es\/wp-json\/wp\/v2\/pages\/785","targetHints":{"allow":["GET"]}}],"collection":[{"href":"https:\/\/innovaryx.com\/es\/wp-json\/wp\/v2\/pages"}],"about":[{"href":"https:\/\/innovaryx.com\/es\/wp-json\/wp\/v2\/types\/page"}],"author":[{"embeddable":true,"href":"https:\/\/innovaryx.com\/es\/wp-json\/wp\/v2\/users\/1"}],"replies":[{"embeddable":true,"href":"https:\/\/innovaryx.com\/es\/wp-json\/wp\/v2\/comments?post=785"}],"version-history":[{"count":49,"href":"https:\/\/innovaryx.com\/es\/wp-json\/wp\/v2\/pages\/785\/revisions"}],"predecessor-version":[{"id":2710,"href":"https:\/\/innovaryx.com\/es\/wp-json\/wp\/v2\/pages\/785\/revisions\/2710"}],"wp:attachment":[{"href":"https:\/\/innovaryx.com\/es\/wp-json\/wp\/v2\/media?parent=785"}],"curies":[{"name":"wp","href":"https:\/\/api.w.org\/{rel}","templated":true}]}}